{"id":1733,"date":"2015-08-24T17:38:11","date_gmt":"2015-08-24T15:38:11","guid":{"rendered":"http:\/\/24hpflege.com\/at\/?page_id=1733"},"modified":"2017-01-05T16:40:08","modified_gmt":"2017-01-05T15:40:08","slug":"ausgaben","status":"publish","type":"page","link":"https:\/\/24hpflege.com\/at\/24h-betreuung\/kosten-finanzierung\/ausgaben\/","title":{"rendered":"Ausgaben rund um die 24h Personenbetreuung"},"content":{"rendered":"<div class=\"fusion-fullwidth fullwidth-box fusion-builder-row-1 nonhundred-percent-fullwidth non-hundred-percent-height-scrolling\" style=\"background-color: rgba(255,255,255,0);background-position: center center;background-repeat: no-repeat;padding-top:0px;padding-right:0px;padding-bottom:0px;padding-left:0px;margin-bottom: 0px;margin-top: 0px;border-width: 0px 0px 0px 0px;border-color:#eae9e9;border-style:solid;\" ><div class=\"fusion-builder-row fusion-row\"><div class=\"fusion-layout-column fusion_builder_column fusion-builder-column-0 fusion_builder_column_1_1 1_1 fusion-one-full fusion-column-first fusion-column-last\" style=\"margin-top:0px;margin-bottom:0px;\"><div class=\"fusion-column-wrapper fusion-flex-column-wrapper-legacy\" style=\"background-position:left top;background-repeat:no-repeat;-webkit-background-size:cover;-moz-background-size:cover;-o-background-size:cover;background-size:cover;padding: 0px 0px 0px 0px;\"><div class=\"fusion-text fusion-text-1\"><p><span style=\"color: #03aac4;\"><i class=\"fa fa-chevron-down\"><\/i> <a style=\"color: #03aac4;\" href=\"#variabel\">Variable Faktoren<\/a><\/span><\/p>\n<p><span style=\"color: #03aac4;\"><i class=\"fa fa-chevron-down\"><\/i> <a style=\"color: #03aac4;\" href=\"#honorar\">Honorar BetreuuerInnen<\/a><\/span><\/p>\n<p><span style=\"color: #03aac4;\"><i class=\"fa fa-chevron-down\"><\/i> <a style=\"color: #03aac4;\" href=\"#gebuehr\">Geb\u00fchr Vermittler\/Agentur<\/a><\/span><\/p>\n<p><span style=\"color: #03aac4;\"><i class=\"fa fa-chevron-down\"><\/i> <a style=\"color: #03aac4;\" href=\"#kost\">Kost &amp; Logie<\/a><\/span><\/p>\n<\/div><div class=\"fusion-text fusion-text-2\"><h2>Variable Faktoren<\/h2>\n<p>Die genauen Kosten, bzw. die m\u00f6glichen F\u00f6rderungen ergeben sich aufgrund verschiedenster Faktoren wie unter anderem:<\/p>\n<ul>\n<li><strong>tats\u00e4chlicher Pflegebedarf:<\/strong> wie hoch ist der Pflegeaufwand tats\u00e4chlich?<\/li>\n<li><strong>Ausbildung Betreuer:<\/strong> Zertifikat f\u00fcr Betreuung oder diplomierte Pflegeausbildung?<\/li>\n<li><strong>Deutschkenntnisse Betreuer:<\/strong> Grundkenntnisse bis flie\u00dfend<\/li>\n<li><strong>1 oder 2 Betreuungskr\u00e4fte:<\/strong>\u00a0z.B. im 14 Tage Rythmus abwechselnd<\/li>\n<li><strong>Anfahrtswege:<\/strong> wie weit muss das Personal anreisen?<\/li>\n<li><strong>Besch\u00e4ftigungsart:<\/strong> Personal selbstst\u00e4ndig, unselbstst\u00e4ndig oder \u00fcber Organisation besch\u00e4ftigt?<\/li>\n<li><strong>Vermittlungskosten:<\/strong> k\u00f6nnen monatliche Geb\u00fchren sein oder eine Kombination aus Einmalzahlung und laufenden Kosten<\/li>\n<li><strong>Betreuungswechsel:<\/strong> \u00c4ndert sich der Pflegeaufwand? Braucht es anderes Personal?<\/li>\n<li><strong>Pflegestufe<\/strong>=Pflegegeld<\/li>\n<li><strong>Anspruch auf F\u00f6rderungen:<\/strong> Erf\u00fcllen sie alle Kriterien um Zusch\u00fcsse erhalten zu k\u00f6nnen?<\/li>\n<\/ul>\n<h2><\/h2>\n<\/div><div class=\"fusion-text fusion-text-3\"><h2>Honorar BetreuuerInnen<\/h2>\n<p>Hier gibt es (noch) keine genauen Richtwerte und auch keine Mindesthonorare. Die H\u00f6he h\u00e4ngt aber vor allem von folgenden Punkten ab:<\/p>\n<ul>\n<li>tats\u00e4chlicher Pflegeaufwand (richtet sich nach den Pflegestufen 1-8)<\/li>\n<li>Ausbildung Betreuer<\/li>\n<li>Fahrtkosten Betreuer<\/li>\n<li>Besch\u00e4ftigungsart (selbstst\u00e4ndig\/unselbstst\u00e4ndig\/\u00fcber Tr\u00e4gerverein)<\/li>\n<\/ul>\n<p>Der Preis bewegt sich aus diesen Gr\u00fcnden ca. zwischen 40 und 110 Euro pro Tag.<\/p>\n<\/div><div class=\"fusion-text fusion-text-4\"><h2>Geb\u00fchr Vermittler\/Agentur<\/h2>\n<p>Die Kosten k\u00f6nnen je nach Organisation variieren. Manchmal wird eine einmalige Vermittlungsgeb\u00fchr in Kombination mit monatlichen Geb\u00fchren f\u00fcr die Verwaltung und Organisation\u00a0verrechnet. Oder es fallen halbj\u00e4hrliche Kosten an. Auf alle F\u00e4lle sollten sie sich vorab \u00fcber die genauen Kosten und Leistungen des Vermittlers erkundigen.<\/p>\n<\/div><div class=\"fusion-text fusion-text-5\"><h2>Kost &amp; Logie<\/h2>\n<p>Da die Pflegeperson im selben Haushalt wie die zu bereuende Person wohnen muss, werden sich die Kosten f\u00fcr Lebensmittel leicht erh\u00f6hen. \u00a0Dies wird sich allerdings im sehr \u00fcberschaubaren Bereich halten. Zudem k\u00f6nnen\u00a0kleine, einmalige Aufwendungen anfallen, um die Wohnung\/Haus f\u00fcr eine weitere Person als Unterkunft fit zu machen.<\/p>\n<\/div><div class=\"fusion-clearfix\"><\/div><\/div><\/div><\/div><\/div>\n","protected":false},"excerpt":{"rendered":"<p>Eine Auflistung der Kosten die im Zuge einer 24 Stunden Betreuung anfallen k\u00f6nnen. Die genauen Aufwendungen k\u00f6nnen je nach Pflegefall stark variieren.<\/p>\n","protected":false},"author":1,"featured_media":0,"parent":57,"menu_order":0,"comment_status":"closed","ping_status":"closed","template":"","meta":[],"yoast_head":"<!-- This site is optimized with the Yoast SEO plugin v19.10 - https:\/\/yoast.com\/wordpress\/plugins\/seo\/ -->\n<title>Ausgaben rund um die 24h Personenbetreuung &raquo; 24hPflege.com - Serviceportal \u00d6sterreich<\/title>\n<meta name=\"robots\" content=\"index, follow, max-snippet:-1, max-image-preview:large, max-video-preview:-1\" \/>\n<link rel=\"canonical\" href=\"https:\/\/24hpflege.com\/at\/24h-betreuung\/kosten-finanzierung\/ausgaben\/\" \/>\n<meta property=\"og:locale\" content=\"de_DE\" \/>\n<meta property=\"og:type\" content=\"article\" \/>\n<meta property=\"og:title\" content=\"Ausgaben rund um die 24h Personenbetreuung &raquo; 24hPflege.com - Serviceportal \u00d6sterreich\" \/>\n<meta property=\"og:description\" content=\"Eine Auflistung der Kosten die im Zuge einer 24 Stunden Betreuung anfallen k\u00f6nnen. Die genauen Aufwendungen k\u00f6nnen je nach Pflegefall stark variieren.\" \/>\n<meta property=\"og:url\" content=\"https:\/\/24hpflege.com\/at\/24h-betreuung\/kosten-finanzierung\/ausgaben\/\" \/>\n<meta property=\"og:site_name\" content=\"24hPflege.com - Serviceportal \u00d6sterreich\" \/>\n<meta property=\"article:modified_time\" content=\"2017-01-05T15:40:08+00:00\" \/>\n<meta name=\"twitter:card\" content=\"summary_large_image\" \/>\n<meta name=\"twitter:label1\" content=\"Gesch\u00e4tzte Lesezeit\" \/>\n\t<meta name=\"twitter:data1\" content=\"2\u00a0Minuten\" \/>\n<script type=\"application\/ld+json\" class=\"yoast-schema-graph\">{\"@context\":\"https:\/\/schema.org\",\"@graph\":[{\"@type\":\"WebPage\",\"@id\":\"https:\/\/24hpflege.com\/at\/24h-betreuung\/kosten-finanzierung\/ausgaben\/\",\"url\":\"https:\/\/24hpflege.com\/at\/24h-betreuung\/kosten-finanzierung\/ausgaben\/\",\"name\":\"Ausgaben rund um die 24h Personenbetreuung &raquo; 24hPflege.com - Serviceportal \u00d6sterreich\",\"isPartOf\":{\"@id\":\"https:\/\/24hpflege.com\/at\/#website\"},\"datePublished\":\"2015-08-24T15:38:11+00:00\",\"dateModified\":\"2017-01-05T15:40:08+00:00\",\"breadcrumb\":{\"@id\":\"https:\/\/24hpflege.com\/at\/24h-betreuung\/kosten-finanzierung\/ausgaben\/#breadcrumb\"},\"inLanguage\":\"de\",\"potentialAction\":[{\"@type\":\"ReadAction\",\"target\":[\"https:\/\/24hpflege.com\/at\/24h-betreuung\/kosten-finanzierung\/ausgaben\/\"]}]},{\"@type\":\"BreadcrumbList\",\"@id\":\"https:\/\/24hpflege.com\/at\/24h-betreuung\/kosten-finanzierung\/ausgaben\/#breadcrumb\",\"itemListElement\":[{\"@type\":\"ListItem\",\"position\":1,\"name\":\"24 Stunden Betreuung\",\"item\":\"https:\/\/24hpflege.com\/at\/24h-betreuung\/\"},{\"@type\":\"ListItem\",\"position\":2,\"name\":\"Kosten &#038; Finanzierung\",\"item\":\"https:\/\/24hpflege.com\/at\/24h-betreuung\/kosten-finanzierung\/\"},{\"@type\":\"ListItem\",\"position\":3,\"name\":\"Ausgaben rund um die 24h Personenbetreuung\"}]},{\"@type\":\"WebSite\",\"@id\":\"https:\/\/24hpflege.com\/at\/#website\",\"url\":\"https:\/\/24hpflege.com\/at\/\",\"name\":\"24hPflege.com - Serviceportal \u00d6sterreich\",\"description\":\"Unabh\u00e4ngige Informationen und Tipps rund um das Thema 24h Pflege und Betreuung zu Hause.\",\"potentialAction\":[{\"@type\":\"SearchAction\",\"target\":{\"@type\":\"EntryPoint\",\"urlTemplate\":\"https:\/\/24hpflege.com\/at\/?s={search_term_string}\"},\"query-input\":\"required name=search_term_string\"}],\"inLanguage\":\"de\"}]}<\/script>\n<!-- \/ Yoast SEO plugin. -->","yoast_head_json":{"title":"Ausgaben rund um die 24h Personenbetreuung &raquo; 24hPflege.com - Serviceportal \u00d6sterreich","robots":{"index":"index","follow":"follow","max-snippet":"max-snippet:-1","max-image-preview":"max-image-preview:large","max-video-preview":"max-video-preview:-1"},"canonical":"https:\/\/24hpflege.com\/at\/24h-betreuung\/kosten-finanzierung\/ausgaben\/","og_locale":"de_DE","og_type":"article","og_title":"Ausgaben rund um die 24h Personenbetreuung &raquo; 24hPflege.com - Serviceportal \u00d6sterreich","og_description":"Eine Auflistung der Kosten die im Zuge einer 24 Stunden Betreuung anfallen k\u00f6nnen. Die genauen Aufwendungen k\u00f6nnen je nach Pflegefall stark variieren.","og_url":"https:\/\/24hpflege.com\/at\/24h-betreuung\/kosten-finanzierung\/ausgaben\/","og_site_name":"24hPflege.com - Serviceportal \u00d6sterreich","article_modified_time":"2017-01-05T15:40:08+00:00","twitter_card":"summary_large_image","twitter_misc":{"Gesch\u00e4tzte Lesezeit":"2\u00a0Minuten"},"schema":{"@context":"https:\/\/schema.org","@graph":[{"@type":"WebPage","@id":"https:\/\/24hpflege.com\/at\/24h-betreuung\/kosten-finanzierung\/ausgaben\/","url":"https:\/\/24hpflege.com\/at\/24h-betreuung\/kosten-finanzierung\/ausgaben\/","name":"Ausgaben rund um die 24h Personenbetreuung &raquo; 24hPflege.com - Serviceportal \u00d6sterreich","isPartOf":{"@id":"https:\/\/24hpflege.com\/at\/#website"},"datePublished":"2015-08-24T15:38:11+00:00","dateModified":"2017-01-05T15:40:08+00:00","breadcrumb":{"@id":"https:\/\/24hpflege.com\/at\/24h-betreuung\/kosten-finanzierung\/ausgaben\/#breadcrumb"},"inLanguage":"de","potentialAction":[{"@type":"ReadAction","target":["https:\/\/24hpflege.com\/at\/24h-betreuung\/kosten-finanzierung\/ausgaben\/"]}]},{"@type":"BreadcrumbList","@id":"https:\/\/24hpflege.com\/at\/24h-betreuung\/kosten-finanzierung\/ausgaben\/#breadcrumb","itemListElement":[{"@type":"ListItem","position":1,"name":"24 Stunden Betreuung","item":"https:\/\/24hpflege.com\/at\/24h-betreuung\/"},{"@type":"ListItem","position":2,"name":"Kosten &#038; Finanzierung","item":"https:\/\/24hpflege.com\/at\/24h-betreuung\/kosten-finanzierung\/"},{"@type":"ListItem","position":3,"name":"Ausgaben rund um die 24h Personenbetreuung"}]},{"@type":"WebSite","@id":"https:\/\/24hpflege.com\/at\/#website","url":"https:\/\/24hpflege.com\/at\/","name":"24hPflege.com - Serviceportal \u00d6sterreich","description":"Unabh\u00e4ngige Informationen und Tipps rund um das Thema 24h Pflege und Betreuung zu Hause.","potentialAction":[{"@type":"SearchAction","target":{"@type":"EntryPoint","urlTemplate":"https:\/\/24hpflege.com\/at\/?s={search_term_string}"},"query-input":"required name=search_term_string"}],"inLanguage":"de"}]}},"_links":{"self":[{"href":"https:\/\/24hpflege.com\/at\/wp-json\/wp\/v2\/pages\/1733"}],"collection":[{"href":"https:\/\/24hpflege.com\/at\/wp-json\/wp\/v2\/pages"}],"about":[{"href":"https:\/\/24hpflege.com\/at\/wp-json\/wp\/v2\/types\/page"}],"author":[{"embeddable":true,"href":"https:\/\/24hpflege.com\/at\/wp-json\/wp\/v2\/users\/1"}],"replies":[{"embeddable":true,"href":"https:\/\/24hpflege.com\/at\/wp-json\/wp\/v2\/comments?post=1733"}],"version-history":[{"count":10,"href":"https:\/\/24hpflege.com\/at\/wp-json\/wp\/v2\/pages\/1733\/revisions"}],"predecessor-version":[{"id":2922,"href":"https:\/\/24hpflege.com\/at\/wp-json\/wp\/v2\/pages\/1733\/revisions\/2922"}],"up":[{"embeddable":true,"href":"https:\/\/24hpflege.com\/at\/wp-json\/wp\/v2\/pages\/57"}],"wp:attachment":[{"href":"https:\/\/24hpflege.com\/at\/wp-json\/wp\/v2\/media?parent=1733"}],"curies":[{"name":"wp","href":"https:\/\/api.w.org\/{rel}","templated":true}]}}