{"id":1740,"date":"2015-08-24T17:47:53","date_gmt":"2015-08-24T15:47:53","guid":{"rendered":"http:\/\/24hpflege.com\/at\/?page_id=1740"},"modified":"2017-01-04T17:59:44","modified_gmt":"2017-01-04T16:59:44","slug":"finanzielle-unterstuetzung","status":"publish","type":"page","link":"https:\/\/24hpflege.com\/at\/24h-betreuung\/kosten-finanzierung\/finanzielle-unterstuetzung\/","title":{"rendered":"Finanzielle Unterst\u00fctzungsangebote"},"content":{"rendered":"<p><div class=\"fusion-fullwidth fullwidth-box fusion-builder-row-1 nonhundred-percent-fullwidth non-hundred-percent-height-scrolling\" style=\"background-color: rgba(255,255,255,0);background-position: center center;background-repeat: no-repeat;padding-top:0px;padding-right:0px;padding-bottom:0px;padding-left:0px;margin-bottom: 0px;margin-top: 0px;border-width: 0px 0px 0px 0px;border-color:#eae9e9;border-style:solid;\" ><div class=\"fusion-builder-row fusion-row\"><div class=\"fusion-layout-column fusion_builder_column fusion-builder-column-0 fusion_builder_column_1_1 1_1 fusion-one-full fusion-column-first fusion-column-last\" style=\"margin-top:0px;margin-bottom:0px;\"><div class=\"fusion-column-wrapper fusion-flex-column-wrapper-legacy\" style=\"background-position:left top;background-repeat:no-repeat;-webkit-background-size:cover;-moz-background-size:cover;-o-background-size:cover;background-size:cover;padding: 0px 0px 0px 0px;\"><div class=\"fusion-text fusion-text-1\"><p>&nbsp;<\/p>\n<p>Ein wesentlicher Faktor bei der 24 Stunden Betreuung ist nat\u00fcrlich auch die Frage der Finanzierbarkeit. Zu den wesentlichen Bausteinen der Finanzierung z\u00e4hlen<\/p>\n<ul>\n<li>das Pflegegeld<\/li>\n<li>Zuschuss zur 24 h Betreuung durch den Bund bzw. der L\u00e4nder<\/li>\n<li>Restfinanzierung durch die zu pflegende Person selbst oder durch Angeh\u00f6rige<\/li>\n<\/ul>\n<p>Wichtig zu beachten ist, dass vorab alle Kriterien und Auflagen der F\u00f6rderungen und Zusch\u00fcsse abgekl\u00e4rt werden.<\/p>\n<\/div><div class=\"fusion-clearfix\"><\/div><\/div><\/div><\/div><\/div><div class=\"fusion-fullwidth fullwidth-box fusion-builder-row-2 nonhundred-percent-fullwidth non-hundred-percent-height-scrolling fusion-no-small-visibility\" style=\"background-color: rgba(255,255,255,0);background-position: left top;background-repeat: no-repeat;padding-top:50px;padding-right:0px;padding-bottom:10px;padding-left:0px;margin-bottom: 0px;margin-top: 0px;border-width: 0px 0px 0px 0px;border-color:#eae9e9;border-style:solid;\" ><div class=\"fusion-builder-row fusion-row\"><div class=\"fusion-layout-column fusion_builder_column fusion-builder-column-1 fusion_builder_column_1_3 1_3 fusion-one-third fusion-column-first\" style=\"width:30.6666%; margin-right: 4%;margin-top:20px;margin-bottom:0px;\"><div class=\"fusion-column-wrapper fusion-flex-column-wrapper-legacy\" style=\"background-position:left top;background-repeat:no-repeat;-webkit-background-size:cover;-moz-background-size:cover;-o-background-size:cover;background-size:cover;padding: 0px 0px 0px 0px;\"><div class=\"imageframe-align-center\"><span class=\" fusion-imageframe imageframe-none imageframe-1 hover-type-none\"><a class=\"fusion-no-lightbox\" href=\"http:\/\/24hpflege.com\/at\/24-stunden-betreuung\/\" target=\"_self\"><img decoding=\"async\" src=\"http:\/\/24hpflege.com\/at\/wp-content\/uploads\/sites\/3\/2015\/12\/betreuerin_unterhaltung3.jpg\" class=\"img-responsive\"\/><\/a><\/span><\/div><style type='text\/css'>.reading-box-container-1 .element-bottomshadow:before,.reading-box-container-1 .element-bottomshadow:after{opacity:0.7;}<\/style><div class=\"fusion-reading-box-container reading-box-container-1\" style=\"margin-top:0px;margin-bottom:84px;\"><div class=\"reading-box\" style=\"background-color:#f6f6f6;border-width:1px;border-color:#f6f6f6;border-top-width:3px;border-top-color:var(--primary_color);border-style:solid;\"><div class=\"reading-box-additional\">\n<h2 style=\"text-align: center;\"><a href=\"https:\/\/24hpflege.com\/at\/24-stunden-betreuung\/preise-finanzierung\/finanzielle-unterstuetzung\/pflegegeld\/\">Pflegegeld<\/a><\/h2>\n<\/div><div class=\"fusion-clearfix\"><\/div><\/div><\/div><div class=\"fusion-clearfix\"><\/div><\/div><\/div><div class=\"fusion-layout-column fusion_builder_column fusion-builder-column-2 fusion_builder_column_1_3 1_3 fusion-one-third\" style=\"width:30.6666%; margin-right: 4%;margin-top:20px;margin-bottom:0px;\"><div class=\"fusion-column-wrapper fusion-flex-column-wrapper-legacy\" style=\"background-position:left top;background-repeat:no-repeat;-webkit-background-size:cover;-moz-background-size:cover;-o-background-size:cover;background-size:cover;padding: 0px 0px 0px 0px;\"><div class=\"imageframe-align-center\"><span class=\" fusion-imageframe imageframe-none imageframe-2 hover-type-none\"><a class=\"fusion-no-lightbox\" href=\"http:\/\/24hpflege.com\/at\/24-stunden-betreuung\/betreuung-rund-um-die-uhr-zu-hause\/\" target=\"_self\"><img decoding=\"async\" src=\"http:\/\/24hpflege.com\/at\/wp-content\/uploads\/sites\/3\/2015\/12\/logo43.png\" class=\"img-responsive\"\/><\/a><\/span><\/div><style type='text\/css'>.reading-box-container-2 .element-bottomshadow:before,.reading-box-container-2 .element-bottomshadow:after{opacity:0.7;}<\/style><div class=\"fusion-reading-box-container reading-box-container-2\" style=\"margin-top:0px;margin-bottom:84px;\"><div class=\"reading-box\" style=\"background-color:#f6f6f6;border-width:1px;border-color:#f6f6f6;border-top-width:3px;border-top-color:var(--primary_color);border-style:solid;\"><div class=\"reading-box-additional\">\n<h2 style=\"text-align: center;\"><a href=\"https:\/\/24hpflege.com\/at\/24-stunden-betreuung\/preise-finanzierung\/finanzielle-unterstuetzung\/bundesfoerderung\/\">Zuschuss Land\/Bund<\/a><\/h2>\n<\/div><div class=\"fusion-clearfix\"><\/div><\/div><\/div><div class=\"fusion-clearfix\"><\/div><\/div><\/div><div class=\"fusion-layout-column fusion_builder_column fusion-builder-column-3 fusion_builder_column_1_3 1_3 fusion-one-third fusion-column-last\" style=\"width:30.6666%;margin-top:20px;margin-bottom:0px;\"><div class=\"fusion-column-wrapper fusion-flex-column-wrapper-legacy\" style=\"background-position:left top;background-repeat:no-repeat;-webkit-background-size:cover;-moz-background-size:cover;-o-background-size:cover;background-size:cover;padding: 0px 0px 0px 0px;\"><span class=\" fusion-imageframe imageframe-none imageframe-3 hover-type-none\"><a class=\"fusion-no-lightbox\" href=\"http:\/\/24hpflege.com\/at\/kosten-finanzierung\/\" target=\"_self\"><img decoding=\"async\" src=\"http:\/\/24hpflege.com\/at\/wp-content\/uploads\/sites\/3\/2015\/12\/muenzen-logo.jpg\" class=\"img-responsive\"\/><\/a><\/span><style type='text\/css'>.reading-box-container-3 .element-bottomshadow:before,.reading-box-container-3 .element-bottomshadow:after{opacity:0.7;}<\/style><div class=\"fusion-reading-box-container reading-box-container-3\" style=\"margin-top:0px;margin-bottom:84px;\"><div class=\"reading-box\" style=\"background-color:#f6f6f6;border-width:1px;border-color:#f6f6f6;border-top-width:3px;border-top-color:var(--primary_color);border-style:solid;\"><div class=\"reading-box-additional\">\n<h2 style=\"text-align: center;\">Restfinanzierung<\/h2>\n<\/div><div class=\"fusion-clearfix\"><\/div><\/div><\/div><div class=\"fusion-clearfix\"><\/div><\/div><\/div><\/div><\/div><\/p>\n","protected":false},"excerpt":{"rendered":"<p>Um die erh\u00f6hten Aufwendungen f\u00fcr eine 24 Stunden Betreuung finanzieren zu k\u00f6nnen, werden verschiedene finanzielle Zusch\u00fcsse und F\u00f6rderungen angeboten. Hier eine \u00dcbersicht.<\/p>\n","protected":false},"author":1,"featured_media":0,"parent":57,"menu_order":1,"comment_status":"closed","ping_status":"closed","template":"","meta":[],"yoast_head":"<!-- This site is optimized with the Yoast SEO plugin v19.10 - https:\/\/yoast.com\/wordpress\/plugins\/seo\/ -->\n<title>Finanzielle Unterst\u00fctzungsangebote &raquo; 24hPflege.com - Serviceportal \u00d6sterreich<\/title>\n<meta name=\"robots\" content=\"index, follow, max-snippet:-1, max-image-preview:large, max-video-preview:-1\" \/>\n<link rel=\"canonical\" href=\"https:\/\/24hpflege.com\/at\/24h-betreuung\/kosten-finanzierung\/finanzielle-unterstuetzung\/\" \/>\n<meta property=\"og:locale\" content=\"de_DE\" \/>\n<meta property=\"og:type\" content=\"article\" \/>\n<meta property=\"og:title\" content=\"Finanzielle Unterst\u00fctzungsangebote &raquo; 24hPflege.com - Serviceportal \u00d6sterreich\" \/>\n<meta property=\"og:description\" content=\"Um die erh\u00f6hten Aufwendungen f\u00fcr eine 24 Stunden Betreuung finanzieren zu k\u00f6nnen, werden verschiedene finanzielle Zusch\u00fcsse und F\u00f6rderungen angeboten. Hier eine \u00dcbersicht.\" \/>\n<meta property=\"og:url\" content=\"https:\/\/24hpflege.com\/at\/24h-betreuung\/kosten-finanzierung\/finanzielle-unterstuetzung\/\" \/>\n<meta property=\"og:site_name\" content=\"24hPflege.com - Serviceportal \u00d6sterreich\" \/>\n<meta property=\"article:modified_time\" content=\"2017-01-04T16:59:44+00:00\" \/>\n<meta property=\"og:image\" content=\"http:\/\/24hpflege.com\/at\/wp-content\/uploads\/sites\/3\/2015\/12\/betreuerin_unterhaltung3.jpg\" \/>\n<meta name=\"twitter:card\" content=\"summary_large_image\" \/>\n<meta name=\"twitter:label1\" content=\"Gesch\u00e4tzte Lesezeit\" \/>\n\t<meta name=\"twitter:data1\" content=\"3\u00a0Minuten\" \/>\n<script type=\"application\/ld+json\" class=\"yoast-schema-graph\">{\"@context\":\"https:\/\/schema.org\",\"@graph\":[{\"@type\":\"WebPage\",\"@id\":\"https:\/\/24hpflege.com\/at\/24h-betreuung\/kosten-finanzierung\/finanzielle-unterstuetzung\/\",\"url\":\"https:\/\/24hpflege.com\/at\/24h-betreuung\/kosten-finanzierung\/finanzielle-unterstuetzung\/\",\"name\":\"Finanzielle Unterst\u00fctzungsangebote &raquo; 24hPflege.com - Serviceportal \u00d6sterreich\",\"isPartOf\":{\"@id\":\"https:\/\/24hpflege.com\/at\/#website\"},\"datePublished\":\"2015-08-24T15:47:53+00:00\",\"dateModified\":\"2017-01-04T16:59:44+00:00\",\"breadcrumb\":{\"@id\":\"https:\/\/24hpflege.com\/at\/24h-betreuung\/kosten-finanzierung\/finanzielle-unterstuetzung\/#breadcrumb\"},\"inLanguage\":\"de\",\"potentialAction\":[{\"@type\":\"ReadAction\",\"target\":[\"https:\/\/24hpflege.com\/at\/24h-betreuung\/kosten-finanzierung\/finanzielle-unterstuetzung\/\"]}]},{\"@type\":\"BreadcrumbList\",\"@id\":\"https:\/\/24hpflege.com\/at\/24h-betreuung\/kosten-finanzierung\/finanzielle-unterstuetzung\/#breadcrumb\",\"itemListElement\":[{\"@type\":\"ListItem\",\"position\":1,\"name\":\"24 Stunden Betreuung\",\"item\":\"https:\/\/24hpflege.com\/at\/24h-betreuung\/\"},{\"@type\":\"ListItem\",\"position\":2,\"name\":\"Kosten &#038; Finanzierung\",\"item\":\"https:\/\/24hpflege.com\/at\/24h-betreuung\/kosten-finanzierung\/\"},{\"@type\":\"ListItem\",\"position\":3,\"name\":\"Finanzielle Unterst\u00fctzungsangebote\"}]},{\"@type\":\"WebSite\",\"@id\":\"https:\/\/24hpflege.com\/at\/#website\",\"url\":\"https:\/\/24hpflege.com\/at\/\",\"name\":\"24hPflege.com - Serviceportal \u00d6sterreich\",\"description\":\"Unabh\u00e4ngige Informationen und Tipps rund um das Thema 24h Pflege und Betreuung zu Hause.\",\"potentialAction\":[{\"@type\":\"SearchAction\",\"target\":{\"@type\":\"EntryPoint\",\"urlTemplate\":\"https:\/\/24hpflege.com\/at\/?s={search_term_string}\"},\"query-input\":\"required name=search_term_string\"}],\"inLanguage\":\"de\"}]}<\/script>\n<!-- \/ Yoast SEO plugin. -->","yoast_head_json":{"title":"Finanzielle Unterst\u00fctzungsangebote &raquo; 24hPflege.com - Serviceportal \u00d6sterreich","robots":{"index":"index","follow":"follow","max-snippet":"max-snippet:-1","max-image-preview":"max-image-preview:large","max-video-preview":"max-video-preview:-1"},"canonical":"https:\/\/24hpflege.com\/at\/24h-betreuung\/kosten-finanzierung\/finanzielle-unterstuetzung\/","og_locale":"de_DE","og_type":"article","og_title":"Finanzielle Unterst\u00fctzungsangebote &raquo; 24hPflege.com - Serviceportal \u00d6sterreich","og_description":"Um die erh\u00f6hten Aufwendungen f\u00fcr eine 24 Stunden Betreuung finanzieren zu k\u00f6nnen, werden verschiedene finanzielle Zusch\u00fcsse und F\u00f6rderungen angeboten. Hier eine \u00dcbersicht.","og_url":"https:\/\/24hpflege.com\/at\/24h-betreuung\/kosten-finanzierung\/finanzielle-unterstuetzung\/","og_site_name":"24hPflege.com - Serviceportal \u00d6sterreich","article_modified_time":"2017-01-04T16:59:44+00:00","og_image":[{"url":"http:\/\/24hpflege.com\/at\/wp-content\/uploads\/sites\/3\/2015\/12\/betreuerin_unterhaltung3.jpg"}],"twitter_card":"summary_large_image","twitter_misc":{"Gesch\u00e4tzte Lesezeit":"3\u00a0Minuten"},"schema":{"@context":"https:\/\/schema.org","@graph":[{"@type":"WebPage","@id":"https:\/\/24hpflege.com\/at\/24h-betreuung\/kosten-finanzierung\/finanzielle-unterstuetzung\/","url":"https:\/\/24hpflege.com\/at\/24h-betreuung\/kosten-finanzierung\/finanzielle-unterstuetzung\/","name":"Finanzielle Unterst\u00fctzungsangebote &raquo; 24hPflege.com - Serviceportal \u00d6sterreich","isPartOf":{"@id":"https:\/\/24hpflege.com\/at\/#website"},"datePublished":"2015-08-24T15:47:53+00:00","dateModified":"2017-01-04T16:59:44+00:00","breadcrumb":{"@id":"https:\/\/24hpflege.com\/at\/24h-betreuung\/kosten-finanzierung\/finanzielle-unterstuetzung\/#breadcrumb"},"inLanguage":"de","potentialAction":[{"@type":"ReadAction","target":["https:\/\/24hpflege.com\/at\/24h-betreuung\/kosten-finanzierung\/finanzielle-unterstuetzung\/"]}]},{"@type":"BreadcrumbList","@id":"https:\/\/24hpflege.com\/at\/24h-betreuung\/kosten-finanzierung\/finanzielle-unterstuetzung\/#breadcrumb","itemListElement":[{"@type":"ListItem","position":1,"name":"24 Stunden Betreuung","item":"https:\/\/24hpflege.com\/at\/24h-betreuung\/"},{"@type":"ListItem","position":2,"name":"Kosten &#038; Finanzierung","item":"https:\/\/24hpflege.com\/at\/24h-betreuung\/kosten-finanzierung\/"},{"@type":"ListItem","position":3,"name":"Finanzielle Unterst\u00fctzungsangebote"}]},{"@type":"WebSite","@id":"https:\/\/24hpflege.com\/at\/#website","url":"https:\/\/24hpflege.com\/at\/","name":"24hPflege.com - Serviceportal \u00d6sterreich","description":"Unabh\u00e4ngige Informationen und Tipps rund um das Thema 24h Pflege und Betreuung zu Hause.","potentialAction":[{"@type":"SearchAction","target":{"@type":"EntryPoint","urlTemplate":"https:\/\/24hpflege.com\/at\/?s={search_term_string}"},"query-input":"required name=search_term_string"}],"inLanguage":"de"}]}},"_links":{"self":[{"href":"https:\/\/24hpflege.com\/at\/wp-json\/wp\/v2\/pages\/1740"}],"collection":[{"href":"https:\/\/24hpflege.com\/at\/wp-json\/wp\/v2\/pages"}],"about":[{"href":"https:\/\/24hpflege.com\/at\/wp-json\/wp\/v2\/types\/page"}],"author":[{"embeddable":true,"href":"https:\/\/24hpflege.com\/at\/wp-json\/wp\/v2\/users\/1"}],"replies":[{"embeddable":true,"href":"https:\/\/24hpflege.com\/at\/wp-json\/wp\/v2\/comments?post=1740"}],"version-history":[{"count":9,"href":"https:\/\/24hpflege.com\/at\/wp-json\/wp\/v2\/pages\/1740\/revisions"}],"predecessor-version":[{"id":2674,"href":"https:\/\/24hpflege.com\/at\/wp-json\/wp\/v2\/pages\/1740\/revisions\/2674"}],"up":[{"embeddable":true,"href":"https:\/\/24hpflege.com\/at\/wp-json\/wp\/v2\/pages\/57"}],"wp:attachment":[{"href":"https:\/\/24hpflege.com\/at\/wp-json\/wp\/v2\/media?parent=1740"}],"curies":[{"name":"wp","href":"https:\/\/api.w.org\/{rel}","templated":true}]}}