{"id":1742,"date":"2015-08-24T17:48:23","date_gmt":"2015-08-24T15:48:23","guid":{"rendered":"http:\/\/24hpflege.com\/at\/?page_id=1742"},"modified":"2017-01-05T17:19:52","modified_gmt":"2017-01-05T16:19:52","slug":"pflegegeld","status":"publish","type":"page","link":"https:\/\/24hpflege.com\/at\/24h-betreuung\/kosten-finanzierung\/finanzielle-unterstuetzung\/pflegegeld\/","title":{"rendered":"Pflegegeld"},"content":{"rendered":"<p><div class=\"fusion-fullwidth fullwidth-box fusion-builder-row-1 nonhundred-percent-fullwidth non-hundred-percent-height-scrolling\" style=\"background-color: rgba(255,255,255,0);background-position: center center;background-repeat: no-repeat;padding-top:0px;padding-right:0px;padding-bottom:0px;padding-left:0px;margin-bottom: 0px;margin-top: 0px;border-width: 0px 0px 0px 0px;border-color:#eae9e9;border-style:solid;\" ><div class=\"fusion-builder-row fusion-row\"><div class=\"fusion-layout-column fusion_builder_column fusion-builder-column-0 fusion_builder_column_4_5 4_5 fusion-four-fifth fusion-column-first\" style=\"width:79.2%; margin-right: 4%;margin-top:0px;margin-bottom:0px;\"><div class=\"fusion-column-wrapper fusion-flex-column-wrapper-legacy\" style=\"background-position:left top;background-repeat:no-repeat;-webkit-background-size:cover;-moz-background-size:cover;-o-background-size:cover;background-size:cover;padding: 0px 0px 0px 0px;\"><div class=\"fusion-text fusion-text-1\"><h2>Hintergrund<\/h2>\n<p>Das Pflegegeld soll selbstbestimmtes und nach den pers\u00f6nlichen Bed\u00fcrfnissen orientiertes Leben pflegebed\u00fcrftiger Menschen erm\u00f6glichen.<\/p>\n<p>Das Pflegegeld ist eine nicht vom Einkommen abh\u00e4ngige Leistung und wird 12x j\u00e4hrlich ausbezahlt.<\/p>\n<p>Die H\u00f6he des Pflegegeldes richtet sich nach dem tats\u00e4chlichen Pflegebedarf. Dieser wird im Rahmens einer Begutachtung durch einen Arzt definiert. Daraus ergibt sich die Pflegestufe und das damit verbundene Pflegegeld.<br \/>\nUm Anspruch auf Pflegegeld geltend machen zu k\u00f6nnen, ist ein Bedarf von mehr als 65h nachzuweisen.<\/p>\n<p>Hinweis: Um eine 24h Pflege F\u00f6rderung beantragen zu k\u00f6nnen, ist ein Pflegebedarf von mehr als 120h notwendig (=mindestens Stufe 3).<\/p>\n<h2><\/h2>\n<\/div><div class=\"fusion-clearfix\"><\/div><\/div><\/div><div class=\"fusion-layout-column fusion_builder_column fusion-builder-column-1 fusion_builder_column_1_5 1_5 fusion-one-fifth fusion-column-last\" style=\"width:16.8%;margin-top:20px;margin-bottom:0px;\"><div class=\"fusion-column-wrapper fusion-flex-column-wrapper-legacy\" style=\"background-position:left top;background-repeat:no-repeat;-webkit-background-size:cover;-moz-background-size:cover;-o-background-size:cover;background-size:cover;padding: 0px 0px 0px 0px;\"><div class=\"fusion-text fusion-text-2\"><\/div><div class=\"fusion-clearfix\"><\/div><\/div><\/div><\/div><\/div><div class=\"fusion-fullwidth fullwidth-box fusion-builder-row-2 nonhundred-percent-fullwidth non-hundred-percent-height-scrolling\" style=\"background-color: rgba(255,255,255,0);background-position: center center;background-repeat: no-repeat;padding-top:0px;padding-right:0px;padding-bottom:0px;padding-left:0px;margin-bottom: 0px;margin-top: 0px;border-width: 0px 0px 0px 0px;border-color:#eae9e9;border-style:solid;\" ><div class=\"fusion-builder-row fusion-row\"><div class=\"fusion-layout-column fusion_builder_column fusion-builder-column-2 fusion_builder_column_4_5 4_5 fusion-four-fifth fusion-column-first\" style=\"width:79.2%; margin-right: 4%;margin-top:0px;margin-bottom:0px;\"><div class=\"fusion-column-wrapper fusion-flex-column-wrapper-legacy\" style=\"background-position:left top;background-repeat:no-repeat;-webkit-background-size:cover;-moz-background-size:cover;-o-background-size:cover;background-size:cover;padding: 0px 0px 0px 0px;\"><div class=\"fusion-text fusion-text-3\"><h2>\u00a0Pflegegeld 2017 \u00dcbersicht<\/h2>\n<div class=\"fusion-table table-2\">\n<table width=\"100%\">\n<thead>\n<tr>\n<th><strong>Pflegebedarf in Stunden pro Monat<\/strong><\/th>\n<th><strong>Pflegestufe<\/strong><\/th>\n<th><strong>Betrag in Euro monatlich (netto)<\/strong><\/th>\n<\/tr>\n<\/thead>\n<tbody>\n<tr>\n<td>Mehr als 65 Stunden<\/td>\n<td style=\"text-align: center;\">1<\/td>\n<td>157,30 Euro<\/td>\n<\/tr>\n<tr>\n<td>Mehr als\u00a095 Stunden<\/td>\n<td style=\"text-align: center;\">2<\/td>\n<td>290,00 Euro<\/td>\n<\/tr>\n<tr>\n<td>Mehr als 120 Stunden<\/td>\n<td style=\"text-align: center;\">3<\/td>\n<td>451,80\u00a0Euro<\/td>\n<\/tr>\n<tr>\n<td>Mehr als 160 Stunden<\/td>\n<td style=\"text-align: center;\">4<\/td>\n<td>677,60 Euro<\/td>\n<\/tr>\n<tr>\n<td>Mehr als 180 Stunden, wenn<\/p>\n<ul>\n<li>ein au\u00dfergew\u00f6hnlicher Pflegeaufwand erforderlich ist\u200b\u200b\u200b<\/li>\n<\/ul>\n<\/td>\n<td style=\"text-align: center;\">5<\/td>\n<td>920,30 Euro<\/td>\n<\/tr>\n<tr>\n<td>Mehr als 180 Stunden, wenn<\/p>\n<ul>\n<li>zeitlich unkoordinierbare Betreuungsma\u00dfnahmen erforderlich sind und diese regelm\u00e4\u00dfig w\u00e4hrend des Tages und der Nacht zu erbringen sind oder<\/li>\n<li>die dauernde Anwesenheit einer Pflegeperson w\u00e4hrend des Tages und der Nacht erforderlich ist, weil die Wahrscheinlichkeit einer Eigen- oder Fremdgef\u00e4hrdung gegeben ist\u200b\u200b\u200b<\/li>\n<\/ul>\n<\/td>\n<td style=\"text-align: center;\">6<\/td>\n<td>1.285,20\u00a0Euro<\/td>\n<\/tr>\n<tr>\n<td>Mehr als 180 Stunden, wenn<\/p>\n<ul>\n<li>keine zielgerichteten Bewegungen der vier Extremit\u00e4ten mit funktioneller Umsetzung m\u00f6glich sind oder<\/li>\n<li>ein gleich zu achtender Zustand vorliegt\u200b\u200b\u200b<\/li>\n<\/ul>\n<\/td>\n<td style=\"text-align: center;\">7<\/td>\n<td>1688,90\u00a0Euro<\/td>\n<\/tr>\n<\/tbody>\n<\/table>\n<\/div>\n<h2><\/h2>\n<\/div><div class=\"fusion-clearfix\"><\/div><\/div><\/div><div class=\"fusion-layout-column fusion_builder_column fusion-builder-column-3 fusion_builder_column_1_5 1_5 fusion-one-fifth fusion-column-last\" style=\"width:16.8%;margin-top:20px;margin-bottom:0px;\"><div class=\"fusion-column-wrapper fusion-flex-column-wrapper-legacy\" style=\"background-position:left top;background-repeat:no-repeat;-webkit-background-size:cover;-moz-background-size:cover;-o-background-size:cover;background-size:cover;padding: 0px 0px 0px 0px;\"><div class=\"fusion-text fusion-text-4\"><p><i class=\"fb-icon-element-1 fb-icon-element fontawesome-icon fa fa-hand-o-right circle-no fusion-text-flow\" style=\"font-size:32px;margin-right:16px;\"><\/i><style>i.fb-icon-element.fontawesome-icon.fb-icon-element-1{ color: #00bcd4;}i.fb-icon-element.fontawesome-icon.fb-icon-element-1:hover { color: #00bcd4;}<\/style> <a href=\"http:\/\/www.pensionsversicherung.at\/cdscontent\/load?contentid=10008.577932&amp;version=1456496003\">Antrag Pflegegeld\u00a0<\/a><\/p>\n<\/div><div class=\"fusion-clearfix\"><\/div><\/div><\/div><\/div><\/div><div class=\"fusion-fullwidth fullwidth-box fusion-builder-row-3 nonhundred-percent-fullwidth non-hundred-percent-height-scrolling\" style=\"background-color: rgba(255,255,255,0);background-position: center center;background-repeat: no-repeat;padding-top:0px;padding-right:0px;padding-bottom:0px;padding-left:0px;margin-bottom: 0px;margin-top: 0px;border-width: 0px 0px 0px 0px;border-color:#eae9e9;border-style:solid;\" ><div class=\"fusion-builder-row fusion-row\"><div class=\"fusion-layout-column fusion_builder_column fusion-builder-column-4 fusion_builder_column_4_5 4_5 fusion-four-fifth fusion-column-first\" style=\"width:79.2%; margin-right: 4%;margin-top:0px;margin-bottom:0px;\"><div class=\"fusion-column-wrapper fusion-flex-column-wrapper-legacy\" style=\"background-position:left top;background-repeat:no-repeat;-webkit-background-size:cover;-moz-background-size:cover;-o-background-size:cover;background-size:cover;padding: 0px 0px 0px 0px;\"><div class=\"fusion-text fusion-text-5\"><h2>\u00a0Feststellung durch Sachverst\u00e4ndige<\/h2>\n<p>Die Begutachtung f\u00fcr die Grundeinstufung betreffend die Zuerkennung des Pflegegeldes erfolgt durch \u00c4rztInnen. Seit J\u00e4nner 2012 sollen bei Antr\u00e4gen auf Erh\u00f6hung des Pflegegeldes ab der Pflegestufe 4 bei mehr als 180 Stunden bereits festgestelltem monatlichen Pflegebedarf diplomierte Pflegefachkr\u00e4fte mit der Begutachtung befasst werden.<\/p>\n<p><em>Hinweis: W\u00e4hrend eines station\u00e4ren Spitalaufenthaltes ruht das Pflegegeld ab dem auf die Aufnahme in das Krankenhaus folgenden Tag.<\/em><\/p>\n<\/div><div class=\"fusion-clearfix\"><\/div><\/div><\/div><div class=\"fusion-layout-column fusion_builder_column fusion-builder-column-5 fusion_builder_column_1_5 1_5 fusion-one-fifth fusion-column-last\" style=\"width:16.8%;margin-top:20px;margin-bottom:0px;\"><div class=\"fusion-column-wrapper fusion-flex-column-wrapper-legacy\" style=\"background-position:left top;background-repeat:no-repeat;-webkit-background-size:cover;-moz-background-size:cover;-o-background-size:cover;background-size:cover;padding: 0px 0px 0px 0px;\"><div class=\"fusion-text fusion-text-6\"><p><i class=\"fb-icon-element-2 fb-icon-element fontawesome-icon fa fa-hand-o-right circle-no fusion-text-flow\" style=\"font-size:32px;margin-right:16px;\"><\/i><style>i.fb-icon-element.fontawesome-icon.fb-icon-element-2{ color: #00bcd4;}i.fb-icon-element.fontawesome-icon.fb-icon-element-2:hover { color: #00bcd4;}<\/style> <a href=\"https:\/\/www.ris.bka.gv.at\/GeltendeFassung.wxe?Abfrage=Bundesnormen&amp;Gesetzesnummer=10008859\">Bundesgesetz\u00a0<\/a><\/p>\n<p><i class=\"fb-icon-element-3 fb-icon-element fontawesome-icon fa fa-hand-o-right circle-no fusion-text-flow\" style=\"font-size:32px;margin-right:16px;\"><\/i><style>i.fb-icon-element.fontawesome-icon.fb-icon-element-3{ color: #00bcd4;}i.fb-icon-element.fontawesome-icon.fb-icon-element-3:hover { color: #00bcd4;}<\/style> <a href=\"http:\/\/www.sozialministeriumservice.at\/cms\/site\/attachments\/\/6\/3\/7\/CH0032\/CMS1408976078154\/pflege_pflegegeld_sozialversicherungstraeger_antrag_bundesweit.doc\">Pflegegeld\u00a0Antrag<\/a>\u00a0SV [Word Dokument)<\/p>\n<p><i class=\"fb-icon-element-4 fb-icon-element fontawesome-icon fa fa-hand-o-right circle-no fusion-text-flow\" style=\"font-size:32px;margin-right:16px;\"><\/i><style>i.fb-icon-element.fontawesome-icon.fb-icon-element-4{ color: #00bcd4;}i.fb-icon-element.fontawesome-icon.fb-icon-element-4:hover { color: #00bcd4;}<\/style> <a href=\"http:\/\/www.pensionsversicherung.at\/cdscontent\/load?contentid=10008.577932&amp;version=1456496003\">Antrag Pflegegeld\u00a0<\/a>PVA (PDF)<\/p>\n<\/div><div class=\"fusion-clearfix\"><\/div><\/div><\/div><\/div><\/div><\/p>\n","protected":false},"excerpt":{"rendered":"","protected":false},"author":1,"featured_media":0,"parent":1740,"menu_order":0,"comment_status":"closed","ping_status":"closed","template":"","meta":[],"yoast_head":"<!-- This site is optimized with the Yoast SEO plugin v19.10 - https:\/\/yoast.com\/wordpress\/plugins\/seo\/ -->\n<title>Pflegegeld &raquo; 24hPflege.com - Serviceportal \u00d6sterreich<\/title>\n<meta name=\"robots\" content=\"index, follow, max-snippet:-1, max-image-preview:large, max-video-preview:-1\" \/>\n<link rel=\"canonical\" href=\"https:\/\/24hpflege.com\/at\/24h-betreuung\/kosten-finanzierung\/finanzielle-unterstuetzung\/pflegegeld\/\" \/>\n<meta property=\"og:locale\" content=\"de_DE\" \/>\n<meta property=\"og:type\" content=\"article\" \/>\n<meta property=\"og:title\" content=\"Pflegegeld &raquo; 24hPflege.com - Serviceportal \u00d6sterreich\" \/>\n<meta property=\"og:url\" content=\"https:\/\/24hpflege.com\/at\/24h-betreuung\/kosten-finanzierung\/finanzielle-unterstuetzung\/pflegegeld\/\" \/>\n<meta property=\"og:site_name\" content=\"24hPflege.com - Serviceportal \u00d6sterreich\" \/>\n<meta property=\"article:modified_time\" content=\"2017-01-05T16:19:52+00:00\" \/>\n<meta name=\"twitter:card\" content=\"summary_large_image\" \/>\n<meta name=\"twitter:label1\" content=\"Gesch\u00e4tzte Lesezeit\" \/>\n\t<meta name=\"twitter:data1\" content=\"5\u00a0Minuten\" \/>\n<script type=\"application\/ld+json\" class=\"yoast-schema-graph\">{\"@context\":\"https:\/\/schema.org\",\"@graph\":[{\"@type\":\"WebPage\",\"@id\":\"https:\/\/24hpflege.com\/at\/24h-betreuung\/kosten-finanzierung\/finanzielle-unterstuetzung\/pflegegeld\/\",\"url\":\"https:\/\/24hpflege.com\/at\/24h-betreuung\/kosten-finanzierung\/finanzielle-unterstuetzung\/pflegegeld\/\",\"name\":\"Pflegegeld &raquo; 24hPflege.com - Serviceportal \u00d6sterreich\",\"isPartOf\":{\"@id\":\"https:\/\/24hpflege.com\/at\/#website\"},\"datePublished\":\"2015-08-24T15:48:23+00:00\",\"dateModified\":\"2017-01-05T16:19:52+00:00\",\"breadcrumb\":{\"@id\":\"https:\/\/24hpflege.com\/at\/24h-betreuung\/kosten-finanzierung\/finanzielle-unterstuetzung\/pflegegeld\/#breadcrumb\"},\"inLanguage\":\"de\",\"potentialAction\":[{\"@type\":\"ReadAction\",\"target\":[\"https:\/\/24hpflege.com\/at\/24h-betreuung\/kosten-finanzierung\/finanzielle-unterstuetzung\/pflegegeld\/\"]}]},{\"@type\":\"BreadcrumbList\",\"@id\":\"https:\/\/24hpflege.com\/at\/24h-betreuung\/kosten-finanzierung\/finanzielle-unterstuetzung\/pflegegeld\/#breadcrumb\",\"itemListElement\":[{\"@type\":\"ListItem\",\"position\":1,\"name\":\"24 Stunden Betreuung\",\"item\":\"https:\/\/24hpflege.com\/at\/24h-betreuung\/\"},{\"@type\":\"ListItem\",\"position\":2,\"name\":\"Kosten &#038; Finanzierung\",\"item\":\"https:\/\/24hpflege.com\/at\/24h-betreuung\/kosten-finanzierung\/\"},{\"@type\":\"ListItem\",\"position\":3,\"name\":\"Finanzielle Unterst\u00fctzungsangebote\",\"item\":\"https:\/\/24hpflege.com\/at\/24h-betreuung\/kosten-finanzierung\/finanzielle-unterstuetzung\/\"},{\"@type\":\"ListItem\",\"position\":4,\"name\":\"Pflegegeld\"}]},{\"@type\":\"WebSite\",\"@id\":\"https:\/\/24hpflege.com\/at\/#website\",\"url\":\"https:\/\/24hpflege.com\/at\/\",\"name\":\"24hPflege.com - Serviceportal \u00d6sterreich\",\"description\":\"Unabh\u00e4ngige Informationen und Tipps rund um das Thema 24h Pflege und Betreuung zu Hause.\",\"potentialAction\":[{\"@type\":\"SearchAction\",\"target\":{\"@type\":\"EntryPoint\",\"urlTemplate\":\"https:\/\/24hpflege.com\/at\/?s={search_term_string}\"},\"query-input\":\"required name=search_term_string\"}],\"inLanguage\":\"de\"}]}<\/script>\n<!-- \/ Yoast SEO plugin. -->","yoast_head_json":{"title":"Pflegegeld &raquo; 24hPflege.com - Serviceportal \u00d6sterreich","robots":{"index":"index","follow":"follow","max-snippet":"max-snippet:-1","max-image-preview":"max-image-preview:large","max-video-preview":"max-video-preview:-1"},"canonical":"https:\/\/24hpflege.com\/at\/24h-betreuung\/kosten-finanzierung\/finanzielle-unterstuetzung\/pflegegeld\/","og_locale":"de_DE","og_type":"article","og_title":"Pflegegeld &raquo; 24hPflege.com - Serviceportal \u00d6sterreich","og_url":"https:\/\/24hpflege.com\/at\/24h-betreuung\/kosten-finanzierung\/finanzielle-unterstuetzung\/pflegegeld\/","og_site_name":"24hPflege.com - Serviceportal \u00d6sterreich","article_modified_time":"2017-01-05T16:19:52+00:00","twitter_card":"summary_large_image","twitter_misc":{"Gesch\u00e4tzte Lesezeit":"5\u00a0Minuten"},"schema":{"@context":"https:\/\/schema.org","@graph":[{"@type":"WebPage","@id":"https:\/\/24hpflege.com\/at\/24h-betreuung\/kosten-finanzierung\/finanzielle-unterstuetzung\/pflegegeld\/","url":"https:\/\/24hpflege.com\/at\/24h-betreuung\/kosten-finanzierung\/finanzielle-unterstuetzung\/pflegegeld\/","name":"Pflegegeld &raquo; 24hPflege.com - Serviceportal \u00d6sterreich","isPartOf":{"@id":"https:\/\/24hpflege.com\/at\/#website"},"datePublished":"2015-08-24T15:48:23+00:00","dateModified":"2017-01-05T16:19:52+00:00","breadcrumb":{"@id":"https:\/\/24hpflege.com\/at\/24h-betreuung\/kosten-finanzierung\/finanzielle-unterstuetzung\/pflegegeld\/#breadcrumb"},"inLanguage":"de","potentialAction":[{"@type":"ReadAction","target":["https:\/\/24hpflege.com\/at\/24h-betreuung\/kosten-finanzierung\/finanzielle-unterstuetzung\/pflegegeld\/"]}]},{"@type":"BreadcrumbList","@id":"https:\/\/24hpflege.com\/at\/24h-betreuung\/kosten-finanzierung\/finanzielle-unterstuetzung\/pflegegeld\/#breadcrumb","itemListElement":[{"@type":"ListItem","position":1,"name":"24 Stunden Betreuung","item":"https:\/\/24hpflege.com\/at\/24h-betreuung\/"},{"@type":"ListItem","position":2,"name":"Kosten &#038; Finanzierung","item":"https:\/\/24hpflege.com\/at\/24h-betreuung\/kosten-finanzierung\/"},{"@type":"ListItem","position":3,"name":"Finanzielle Unterst\u00fctzungsangebote","item":"https:\/\/24hpflege.com\/at\/24h-betreuung\/kosten-finanzierung\/finanzielle-unterstuetzung\/"},{"@type":"ListItem","position":4,"name":"Pflegegeld"}]},{"@type":"WebSite","@id":"https:\/\/24hpflege.com\/at\/#website","url":"https:\/\/24hpflege.com\/at\/","name":"24hPflege.com - Serviceportal \u00d6sterreich","description":"Unabh\u00e4ngige Informationen und Tipps rund um das Thema 24h Pflege und Betreuung zu Hause.","potentialAction":[{"@type":"SearchAction","target":{"@type":"EntryPoint","urlTemplate":"https:\/\/24hpflege.com\/at\/?s={search_term_string}"},"query-input":"required name=search_term_string"}],"inLanguage":"de"}]}},"_links":{"self":[{"href":"https:\/\/24hpflege.com\/at\/wp-json\/wp\/v2\/pages\/1742"}],"collection":[{"href":"https:\/\/24hpflege.com\/at\/wp-json\/wp\/v2\/pages"}],"about":[{"href":"https:\/\/24hpflege.com\/at\/wp-json\/wp\/v2\/types\/page"}],"author":[{"embeddable":true,"href":"https:\/\/24hpflege.com\/at\/wp-json\/wp\/v2\/users\/1"}],"replies":[{"embeddable":true,"href":"https:\/\/24hpflege.com\/at\/wp-json\/wp\/v2\/comments?post=1742"}],"version-history":[{"count":10,"href":"https:\/\/24hpflege.com\/at\/wp-json\/wp\/v2\/pages\/1742\/revisions"}],"predecessor-version":[{"id":2927,"href":"https:\/\/24hpflege.com\/at\/wp-json\/wp\/v2\/pages\/1742\/revisions\/2927"}],"up":[{"embeddable":true,"href":"https:\/\/24hpflege.com\/at\/wp-json\/wp\/v2\/pages\/1740"}],"wp:attachment":[{"href":"https:\/\/24hpflege.com\/at\/wp-json\/wp\/v2\/media?parent=1742"}],"curies":[{"name":"wp","href":"https:\/\/api.w.org\/{rel}","templated":true}]}}