{"id":18,"date":"2015-08-16T09:46:42","date_gmt":"2015-08-16T07:46:42","guid":{"rendered":"http:\/\/24hpflege.com\/at\/?page_id=18"},"modified":"2017-05-16T16:32:48","modified_gmt":"2017-05-16T14:32:48","slug":"24h-betreuung","status":"publish","type":"page","link":"https:\/\/24hpflege.com\/at\/24h-betreuung\/","title":{"rendered":"24 Stunden Betreuung"},"content":{"rendered":"<div class=\"fusion-fullwidth fullwidth-box fusion-builder-row-1 nonhundred-percent-fullwidth non-hundred-percent-height-scrolling\" style=\"--awb-border-radius-top-left:0px;--awb-border-radius-top-right:0px;--awb-border-radius-bottom-right:0px;--awb-border-radius-bottom-left:0px;--awb-flex-wrap:wrap;\" ><div class=\"fusion-builder-row fusion-row\"><div class=\"fusion-layout-column fusion_builder_column fusion-builder-column-0 fusion_builder_column_1_1 1_1 fusion-one-full fusion-column-first fusion-column-last\" style=\"--awb-bg-size:cover;--awb-margin-top:0px;\"><div class=\"fusion-column-wrapper fusion-flex-column-wrapper-legacy\"><div class=\"fusion-text fusion-text-1\"><p><span style=\"color: #03aac4;\"><i class=\"fa fa-chevron-down\"><\/i> <a style=\"color: #03aac4;\" href=\"#wasgenau\">Was genau ist 24-Stunden-Betreuung?<\/a><\/span><\/p>\n<p><span style=\"color: #03aac4;\"><i class=\"fa fa-chevron-down\"><\/i> <a style=\"color: #03aac4;\" href=\"#grosseauswahl\">Gro\u00dfe Auswahl an Anbietern<\/a><\/span><\/p>\n<p><span style=\"color: #03aac4;\"><i class=\"fa fa-chevron-down\"><\/i> <a style=\"color: #03aac4;\" href=\"#diefrage\">Die Frage der Sprachkompetenz<\/a><\/span><\/p>\n<p><span style=\"color: #03aac4;\"><i class=\"fa fa-chevron-down\"><\/i> <a style=\"color: #03aac4;\" href=\"#vertrauen\">Vertrauen<\/a><\/span><br \/>\n<!-- --><\/p>\n<\/div><div class=\"fusion-text fusion-text-2\"><h2>Was genau ist 24-Stunden-Betreuung?<\/h2>\n<p style=\"text-align: justify;\">\u00c4ltere und betreuungsbed\u00fcrtige Menschen wollen ihren Lebensabend immer \u00f6fter in der vertrauten Umgebung verbringen. M\u00f6glichst lange zu Hause leben zu k\u00f6nnen, ist der Wunsch vieler Menschen, doch ist dies in bestimmten Situationen nur m\u00f6glich, wenn rund um die Uhr eine Person in der N\u00e4he ist. Da Angeh\u00f6rige diesen Wunsch sehr oft unterst\u00fctzen, selbst aber in vielen F\u00e4llen nicht die ben\u00f6tigte Zeit oder Kraft aufwenden k\u00f6nnen, wird in weiterer Konsequenz eine Person mit der Betreuung des pflegebed\u00fcrtigen Menschens beauftragt.<\/p>\n<p style=\"text-align: justify;\"><img decoding=\"async\" class=\"wp-image-2501 size-medium alignright\" src=\"https:\/\/24hpflege.com\/at\/wp-content\/uploads\/2015\/12\/betreuung-300x200.jpg\" width=\"300\" height=\"200\" srcset=\"https:\/\/24hpflege.com\/at\/wp-content\/uploads\/2015\/12\/betreuung-300x200.jpg 300w, https:\/\/24hpflege.com\/at\/wp-content\/uploads\/2015\/12\/betreuung.jpg 424w\" sizes=\"(max-width: 300px) 100vw, 300px\" \/>Um dem immer st\u00e4rker ansteigenden Bedarf einer 24-Stunden-Betreuung eine rechtliche Grundlage zu geben, wurde am 1. Juli 2007 das Hausbetreuungsgesetz vom Gesetzgeber eingef\u00fchrt. Damit kann diese Art der Personenbetreuung auf legale Besch\u00e4ftigungsformen zur\u00fcckgreifen. Eine Gesetzesnovelle hat zudem im Dezember 2015 die Aufgaben, Rechte und Pflichten von Vermittlungsagenturen und PersonenbetreuerInnen genauer definiert und festgelegt.<\/p>\n<p style=\"text-align: justify;\">Um eine reibungslose 24-Stunden-Betreuung durchf\u00fchren zu k\u00f6nnen, wohnt das Personal im selben Haushalt wie die zu betreuende Person. Zu den Leistungen geh\u00f6rt nicht nur die gesundheitliche Obhut, auch alle Bereiche des t\u00e4glichen Bedarfs wie K\u00f6rperhygiene, die F\u00fchrung des Haushalts oder das Einkaufen geh\u00f6ren zu dieser Betreuung.<\/p>\n<\/div><div class=\"fusion-text fusion-text-3\"><p><span id=\"grosseauswahl\"><\/span><\/p>\n<h2>Gro\u00dfe Auswahl an Anbietern<\/h2>\n<p>Tendieren die Beteiligten zu der Pflege in den eigenen vier W\u00e4nden, muss zuerst entschieden werden, ob die Betreuungsperson direkt angestellt wird oder ob die Leistung einer Vermittlungsagentur in Anspruch genommen werden soll. Im ersten Fall spart man sich die Vermittlungsgeb\u00fchr; besteht kein Kontakt zum Betreuungspersonal, kommt zwangsl\u00e4ufig Variante 2 zum Tragen.<br \/>\nDie gro\u00dfe Anzahl an Vermittlungsagenturen macht es den Angeh\u00f6rigen nicht leicht, die passende Auswahl zu treffen. Viele Faktoren k\u00f6nnen bei der Wahl eine Rolle spielen und sollten vorab gekl\u00e4rt werden. Beispiele:<\/p>\n<ul>\n<li>Welches Dienstleistungsspektrum wird angeboten, wer deckt meinen Bedarf am besten ab<\/li>\n<li>Welche Anforderungen werden gestellt, welche Kompromisse m\u00fcssen eingegangen werden?<\/li>\n<li>Passt das Preis\/Leistungs-Verh\u00e4ltnis?<\/li>\n<li>Transparenz bei Vertr\u00e4gen?<\/li>\n<li>F\u00fchle ich mich gut informiert und betreut?<\/li>\n<li>Ist eine \u00f6rtliche N\u00e4he der Agentur\/Kontaktperson wichtig f\u00fcr mich?<\/li>\n<\/ul>\n<p>Pr\u00fcfen sie alle Unterlagen genau und lassen sie sich die Kosten und Leistungen bei einem pers\u00f6nlichen Termin genau erkl\u00e4ren. Versuchen sie \u201ezwischen den Zeilen zu lesen\u201c. Wenn eine Angebot sehr g\u00fcnstig erscheint, versuchen sie zu kl\u00e4ren ob und wenn ja wo gespart wird. Gehen die Einsparungen auf Lasten der Betreuungsperson?<\/p>\n<h2><\/h2>\n<\/div><div class=\"fusion-text fusion-text-4\"><p><span id=\"diefrage\"><\/span><\/p>\n<h2>Die Frage der Sprachkompetenz<\/h2>\n<p>Der immer gr\u00f6\u00dfer werdende Bedarf an 24-Stunden-Betreuung w\u00e4re ohne Personal aus dem Ausland heute nicht mehr durchf\u00fchrbar. Die Deutsch Kenntnisse des Betreuungspersonals k\u00f6nnen nach Erfahrung unterschiedlich sein. Ist dies f\u00fcr manch schwere Pflegef\u00e4lle in der Praxis vielleicht weniger von Bedeutung, kann dies f\u00fcr andere F\u00e4lle eine Herausforderung sein. Oft ist f\u00fcr die zu betreuenden Personen der sozialer Kontakt und Austausch mit Menschen von gro\u00dfer Bedeutung. Gespr\u00e4che und Unterhaltung k\u00f6nnen von enormer Bedeutung sein. Neben dem fachlichen Wissen der Betreuungsperson, w\u00e4re somit eine gute Kombination aus sozialer- und Sprachkompetenz erstrebenswert.<\/p>\n<h2><\/h2>\n<\/div><div class=\"fusion-text fusion-text-5\"><p><span id=\"vertrauen\"><\/span><\/p>\n<h2>Vertrauen<\/h2>\n<p>Ein wesentlicher Punkt ist die Beziehung zwischen Betreuungsperson und Betreutem. W\u00fcnschenswert ist, dass sich zwischen den beiden Sympathie und Vertrauen aufbaut. Nat\u00fcrlich ist das in der Theorie leichter geschrieben, als in der Praxis durchf\u00fchrbar. Hier sind die Angeh\u00f6rigen und die Agentur gefragt zwischen den Beteiligten zu vermitteln, um f\u00fcr ein m\u00f6glichst gutes Klima im Betreuungshaushalt zu sorgen. Eine Herausforderung kann dabei ein h\u00e4ufiger Personalwechsel sein. Bei manchen Agenturen wechselt das Personal t\u00e4glich oder w\u00f6chentlich. Als meist angewendeter Rhythmus hat sich der 2-3 Wochen Wechsel etabliert. Einerseits ist dadurch genug Zeit um eine Beziehung aufzubauen, andererseits hat die Betreuungszeit auch genug Pause um erholt wieder an den Arbeitsplatz zur\u00fcckzukehren.<\/p>\n<\/div><div class=\"fusion-clearfix\"><\/div><\/div><\/div><\/div><\/div>\n","protected":false},"excerpt":{"rendered":"","protected":false},"author":1,"featured_media":0,"parent":0,"menu_order":0,"comment_status":"closed","ping_status":"closed","template":"","meta":{"footnotes":""},"class_list":["post-18","page","type-page","status-publish","hentry"],"yoast_head":"<!-- This site is optimized with the Yoast SEO plugin v27.4 - https:\/\/yoast.com\/product\/yoast-seo-wordpress\/ -->\n<title>24 Stunden Betreuung &#187; 24hPflege.com - Serviceportal \u00d6sterreich<\/title>\n<meta name=\"robots\" content=\"index, follow, max-snippet:-1, max-image-preview:large, max-video-preview:-1\" \/>\n<link rel=\"canonical\" href=\"https:\/\/24hpflege.com\/at\/24h-betreuung\/\" \/>\n<meta property=\"og:locale\" content=\"de_DE\" \/>\n<meta property=\"og:type\" content=\"article\" \/>\n<meta property=\"og:title\" content=\"24 Stunden Betreuung &#187; 24hPflege.com - Serviceportal \u00d6sterreich\" \/>\n<meta property=\"og:url\" content=\"https:\/\/24hpflege.com\/at\/24h-betreuung\/\" \/>\n<meta property=\"og:site_name\" content=\"24hPflege.com - Serviceportal \u00d6sterreich\" \/>\n<meta property=\"article:modified_time\" content=\"2017-05-16T14:32:48+00:00\" \/>\n<meta property=\"og:image\" content=\"https:\/\/24hpflege.com\/at\/wp-content\/uploads\/2015\/12\/betreuung.jpg\" \/>\n\t<meta property=\"og:image:width\" content=\"424\" \/>\n\t<meta property=\"og:image:height\" content=\"283\" \/>\n\t<meta property=\"og:image:type\" content=\"image\/jpeg\" \/>\n<meta name=\"twitter:card\" content=\"summary_large_image\" \/>\n<meta name=\"twitter:label1\" content=\"Gesch\u00e4tzte Lesezeit\" \/>\n\t<meta name=\"twitter:data1\" content=\"4\u00a0Minuten\" \/>\n<script type=\"application\/ld+json\" class=\"yoast-schema-graph\">{\"@context\":\"https:\\\/\\\/schema.org\",\"@graph\":[{\"@type\":\"WebPage\",\"@id\":\"https:\\\/\\\/24hpflege.com\\\/at\\\/24h-betreuung\\\/\",\"url\":\"https:\\\/\\\/24hpflege.com\\\/at\\\/24h-betreuung\\\/\",\"name\":\"24 Stunden Betreuung &#187; 24hPflege.com - Serviceportal \u00d6sterreich\",\"isPartOf\":{\"@id\":\"https:\\\/\\\/24hpflege.com\\\/at\\\/#website\"},\"primaryImageOfPage\":{\"@id\":\"https:\\\/\\\/24hpflege.com\\\/at\\\/24h-betreuung\\\/#primaryimage\"},\"image\":{\"@id\":\"https:\\\/\\\/24hpflege.com\\\/at\\\/24h-betreuung\\\/#primaryimage\"},\"thumbnailUrl\":\"https:\\\/\\\/24hpflege.com\\\/at\\\/wp-content\\\/uploads\\\/2015\\\/12\\\/betreuung-300x200.jpg\",\"datePublished\":\"2015-08-16T07:46:42+00:00\",\"dateModified\":\"2017-05-16T14:32:48+00:00\",\"inLanguage\":\"de\",\"potentialAction\":[{\"@type\":\"ReadAction\",\"target\":[\"https:\\\/\\\/24hpflege.com\\\/at\\\/24h-betreuung\\\/\"]}]},{\"@type\":\"ImageObject\",\"inLanguage\":\"de\",\"@id\":\"https:\\\/\\\/24hpflege.com\\\/at\\\/24h-betreuung\\\/#primaryimage\",\"url\":\"https:\\\/\\\/24hpflege.com\\\/at\\\/wp-content\\\/uploads\\\/2015\\\/12\\\/betreuung.jpg\",\"contentUrl\":\"https:\\\/\\\/24hpflege.com\\\/at\\\/wp-content\\\/uploads\\\/2015\\\/12\\\/betreuung.jpg\",\"width\":424,\"height\":283},{\"@type\":\"WebSite\",\"@id\":\"https:\\\/\\\/24hpflege.com\\\/at\\\/#website\",\"url\":\"https:\\\/\\\/24hpflege.com\\\/at\\\/\",\"name\":\"24hPflege.com - Serviceportal \u00d6sterreich\",\"description\":\"Unabh\u00e4ngige Informationen und Tipps rund um das Thema 24h Pflege und Betreuung zu Hause.\",\"potentialAction\":[{\"@type\":\"SearchAction\",\"target\":{\"@type\":\"EntryPoint\",\"urlTemplate\":\"https:\\\/\\\/24hpflege.com\\\/at\\\/?s={search_term_string}\"},\"query-input\":{\"@type\":\"PropertyValueSpecification\",\"valueRequired\":true,\"valueName\":\"search_term_string\"}}],\"inLanguage\":\"de\"}]}<\/script>\n<!-- \/ Yoast SEO plugin. -->","yoast_head_json":{"title":"24 Stunden Betreuung &#187; 24hPflege.com - Serviceportal \u00d6sterreich","robots":{"index":"index","follow":"follow","max-snippet":"max-snippet:-1","max-image-preview":"max-image-preview:large","max-video-preview":"max-video-preview:-1"},"canonical":"https:\/\/24hpflege.com\/at\/24h-betreuung\/","og_locale":"de_DE","og_type":"article","og_title":"24 Stunden Betreuung &#187; 24hPflege.com - Serviceportal \u00d6sterreich","og_url":"https:\/\/24hpflege.com\/at\/24h-betreuung\/","og_site_name":"24hPflege.com - Serviceportal \u00d6sterreich","article_modified_time":"2017-05-16T14:32:48+00:00","og_image":[{"width":424,"height":283,"url":"https:\/\/24hpflege.com\/at\/wp-content\/uploads\/2015\/12\/betreuung.jpg","type":"image\/jpeg"}],"twitter_card":"summary_large_image","twitter_misc":{"Gesch\u00e4tzte Lesezeit":"4\u00a0Minuten"},"schema":{"@context":"https:\/\/schema.org","@graph":[{"@type":"WebPage","@id":"https:\/\/24hpflege.com\/at\/24h-betreuung\/","url":"https:\/\/24hpflege.com\/at\/24h-betreuung\/","name":"24 Stunden Betreuung &#187; 24hPflege.com - Serviceportal \u00d6sterreich","isPartOf":{"@id":"https:\/\/24hpflege.com\/at\/#website"},"primaryImageOfPage":{"@id":"https:\/\/24hpflege.com\/at\/24h-betreuung\/#primaryimage"},"image":{"@id":"https:\/\/24hpflege.com\/at\/24h-betreuung\/#primaryimage"},"thumbnailUrl":"https:\/\/24hpflege.com\/at\/wp-content\/uploads\/2015\/12\/betreuung-300x200.jpg","datePublished":"2015-08-16T07:46:42+00:00","dateModified":"2017-05-16T14:32:48+00:00","inLanguage":"de","potentialAction":[{"@type":"ReadAction","target":["https:\/\/24hpflege.com\/at\/24h-betreuung\/"]}]},{"@type":"ImageObject","inLanguage":"de","@id":"https:\/\/24hpflege.com\/at\/24h-betreuung\/#primaryimage","url":"https:\/\/24hpflege.com\/at\/wp-content\/uploads\/2015\/12\/betreuung.jpg","contentUrl":"https:\/\/24hpflege.com\/at\/wp-content\/uploads\/2015\/12\/betreuung.jpg","width":424,"height":283},{"@type":"WebSite","@id":"https:\/\/24hpflege.com\/at\/#website","url":"https:\/\/24hpflege.com\/at\/","name":"24hPflege.com - Serviceportal \u00d6sterreich","description":"Unabh\u00e4ngige Informationen und Tipps rund um das Thema 24h Pflege und Betreuung zu Hause.","potentialAction":[{"@type":"SearchAction","target":{"@type":"EntryPoint","urlTemplate":"https:\/\/24hpflege.com\/at\/?s={search_term_string}"},"query-input":{"@type":"PropertyValueSpecification","valueRequired":true,"valueName":"search_term_string"}}],"inLanguage":"de"}]}},"_links":{"self":[{"href":"https:\/\/24hpflege.com\/at\/wp-json\/wp\/v2\/pages\/18","targetHints":{"allow":["GET"]}}],"collection":[{"href":"https:\/\/24hpflege.com\/at\/wp-json\/wp\/v2\/pages"}],"about":[{"href":"https:\/\/24hpflege.com\/at\/wp-json\/wp\/v2\/types\/page"}],"author":[{"embeddable":true,"href":"https:\/\/24hpflege.com\/at\/wp-json\/wp\/v2\/users\/1"}],"replies":[{"embeddable":true,"href":"https:\/\/24hpflege.com\/at\/wp-json\/wp\/v2\/comments?post=18"}],"version-history":[{"count":11,"href":"https:\/\/24hpflege.com\/at\/wp-json\/wp\/v2\/pages\/18\/revisions"}],"predecessor-version":[{"id":2976,"href":"https:\/\/24hpflege.com\/at\/wp-json\/wp\/v2\/pages\/18\/revisions\/2976"}],"wp:attachment":[{"href":"https:\/\/24hpflege.com\/at\/wp-json\/wp\/v2\/media?parent=18"}],"curies":[{"name":"wp","href":"https:\/\/api.w.org\/{rel}","templated":true}]}}