{"id":1872,"date":"2015-08-26T19:02:17","date_gmt":"2015-08-26T17:02:17","guid":{"rendered":"http:\/\/24hpflege.com\/at\/?page_id=1872"},"modified":"2017-01-04T15:37:22","modified_gmt":"2017-01-04T14:37:22","slug":"checklisten","status":"publish","type":"page","link":"https:\/\/24hpflege.com\/at\/ratgeber-service\/checklisten\/","title":{"rendered":"Checklisten"},"content":{"rendered":"<h2>Checkliste Betreuungsvermittlung &#8211; Pflegeagenturen<\/h2>\n<p>Die gute Betreuung ihrer Angeh\u00f6rigen ist eine wichtige und sensbile Angelegenheit. Pr\u00fcfen sie die Vermittlungsagentur genau, so k\u00f6nnen sie vorab Risiken minimieren. G\u00e4nzlich ausschlie\u00dfen lassen sich &#8222;Probleme&#8220; jedoch nie, schon allein weil es Zusammenarbeit auf beiden Seiten bedarf. Diese Punkte sollen ihnen als Hiflestellung bei der Auswahl einer Vermittlungsagentur helfen.<\/p>\n<ul>\n<li>Wie lange ist die Agentur schon im Gesch\u00e4ft?<\/li>\n<li>Wo ist der Firmensitz? Gibt es eine Vertretung in ihrer N\u00e4he?<\/li>\n<li>Wie wirkt der Internetauftritt auf sie? Wird dieser aktualisiert, zum Beispiel mit Anpassungen an neue Gesetze oder Pflegegeldern?<\/li>\n<li>Wie kommt der Erstkontakt zustande? Per Email, Telefon? Wird ein pers\u00f6nlicher Termin angeboten?<\/li>\n<li>Aufgrund welcher Daten wird ihnen ein Angebot gelegt? Telefonisch erfragt, Fragebogen, pers\u00f6nlicher Termin?<\/li>\n<li>Woher kommen die BetreuerInnen der Agentur? In welchem Rhythmus \u00a0werden sich diese bei ihnen abwechseln? Wie lange sind die BetreuerInnen schon bei der Agentur?<\/li>\n<li>Wie sind die BetreuerInnen besch\u00e4ftigt und sozialversichert? Wird dies alles \u00fcber die Agentur abgewickelt? Welche Sicherheiten haben sie f\u00fcr eine korrekte Abwicklung?<\/li>\n<li>Wie ist die Erreichbarkeit der Agentur bei allgemeinen Fragen (Tel\/Email\/pers\u00f6nlich) und bei Notf\u00e4llen (24h Erreichbarkeit)?<br \/>\n<em>Tipp: Werden nur kostenpflichtige Telefonnummern angeboten, erscheint dies unseri\u00f6s.<\/em><\/li>\n<li>Wird auf ihre Fragen\/W\u00fcnsche\/Situation entsprechend eingegangen? Oder haben sie das Gef\u00fchl Pauschalantworten zu erhalten.<\/li>\n<li>Wie schnell kann ihnen die Agentur Personal bereitstellen?<\/li>\n<li>Was passiert bei Krankheit des Personals? Wie schnell kann Ersatz organisiert werden?<\/li>\n<li>Wie gut sind die Deutschkenntnisse der BetreuerInnen?<\/li>\n<li>Sollte die Betreuungskraft nicht zum Patienten (oder umgekehrt) passen, kann ein Wechsel organisiert werden?<\/li>\n<\/ul>\n<h2>24h Betreuung Allgemein<\/h2>\n<p>&nbsp;<\/p>\n","protected":false},"excerpt":{"rendered":"<p>Checkliste Betreuungsvermittlung &#8211; Pflegeagenturen Die gute Betreuung ihrer Angeh\u00f6rigen ist eine wichtige und sensbile Angelegenheit. Pr\u00fcfen sie die Vermittlungsagentur genau, so k\u00f6nnen sie vorab Risiken minimieren. G\u00e4nzlich ausschlie\u00dfen lassen sich &#8222;Probleme&#8220; jedoch nie, schon allein weil es Zusammenarbeit auf beiden Seiten bedarf. Diese Punkte sollen ihnen als Hiflestellung bei der Auswahl einer Vermittlungsagentur helfen. Wie  [&#8230;]<\/p>\n","protected":false},"author":1,"featured_media":0,"parent":79,"menu_order":5,"comment_status":"closed","ping_status":"closed","template":"","meta":{"footnotes":""},"class_list":["post-1872","page","type-page","status-publish","hentry"],"yoast_head":"<!-- This site is optimized with the Yoast SEO plugin v27.4 - https:\/\/yoast.com\/product\/yoast-seo-wordpress\/ -->\n<title>Checklisten &#187; 24hPflege.com - Serviceportal \u00d6sterreich<\/title>\n<meta name=\"robots\" content=\"index, follow, max-snippet:-1, max-image-preview:large, max-video-preview:-1\" \/>\n<link rel=\"canonical\" href=\"https:\/\/24hpflege.com\/at\/ratgeber-service\/checklisten\/\" \/>\n<meta property=\"og:locale\" content=\"de_DE\" \/>\n<meta property=\"og:type\" content=\"article\" \/>\n<meta property=\"og:title\" content=\"Checklisten &#187; 24hPflege.com - Serviceportal \u00d6sterreich\" \/>\n<meta property=\"og:description\" content=\"Checkliste Betreuungsvermittlung &#8211; Pflegeagenturen Die gute Betreuung ihrer Angeh\u00f6rigen ist eine wichtige und sensbile Angelegenheit. Pr\u00fcfen sie die Vermittlungsagentur genau, so k\u00f6nnen sie vorab Risiken minimieren. G\u00e4nzlich ausschlie\u00dfen lassen sich &#8222;Probleme&#8220; jedoch nie, schon allein weil es Zusammenarbeit auf beiden Seiten bedarf. Diese Punkte sollen ihnen als Hiflestellung bei der Auswahl einer Vermittlungsagentur helfen. Wie [...]\" \/>\n<meta property=\"og:url\" content=\"https:\/\/24hpflege.com\/at\/ratgeber-service\/checklisten\/\" \/>\n<meta property=\"og:site_name\" content=\"24hPflege.com - Serviceportal \u00d6sterreich\" \/>\n<meta property=\"article:modified_time\" content=\"2017-01-04T14:37:22+00:00\" \/>\n<meta name=\"twitter:card\" content=\"summary_large_image\" \/>\n<meta name=\"twitter:label1\" content=\"Gesch\u00e4tzte Lesezeit\" \/>\n\t<meta name=\"twitter:data1\" content=\"1\u00a0Minute\" \/>\n<script type=\"application\/ld+json\" class=\"yoast-schema-graph\">{\"@context\":\"https:\\\/\\\/schema.org\",\"@graph\":[{\"@type\":\"WebPage\",\"@id\":\"https:\\\/\\\/24hpflege.com\\\/at\\\/ratgeber-service\\\/checklisten\\\/\",\"url\":\"https:\\\/\\\/24hpflege.com\\\/at\\\/ratgeber-service\\\/checklisten\\\/\",\"name\":\"Checklisten &#187; 24hPflege.com - Serviceportal \u00d6sterreich\",\"isPartOf\":{\"@id\":\"https:\\\/\\\/24hpflege.com\\\/at\\\/#website\"},\"datePublished\":\"2015-08-26T17:02:17+00:00\",\"dateModified\":\"2017-01-04T14:37:22+00:00\",\"breadcrumb\":{\"@id\":\"https:\\\/\\\/24hpflege.com\\\/at\\\/ratgeber-service\\\/checklisten\\\/#breadcrumb\"},\"inLanguage\":\"de\",\"potentialAction\":[{\"@type\":\"ReadAction\",\"target\":[\"https:\\\/\\\/24hpflege.com\\\/at\\\/ratgeber-service\\\/checklisten\\\/\"]}]},{\"@type\":\"BreadcrumbList\",\"@id\":\"https:\\\/\\\/24hpflege.com\\\/at\\\/ratgeber-service\\\/checklisten\\\/#breadcrumb\",\"itemListElement\":[{\"@type\":\"ListItem\",\"position\":1,\"name\":\"Ratgeber &#038; Service\",\"item\":\"https:\\\/\\\/24hpflege.com\\\/at\\\/ratgeber-service\\\/\"},{\"@type\":\"ListItem\",\"position\":2,\"name\":\"Checklisten\"}]},{\"@type\":\"WebSite\",\"@id\":\"https:\\\/\\\/24hpflege.com\\\/at\\\/#website\",\"url\":\"https:\\\/\\\/24hpflege.com\\\/at\\\/\",\"name\":\"24hPflege.com - Serviceportal \u00d6sterreich\",\"description\":\"Unabh\u00e4ngige Informationen und Tipps rund um das Thema 24h Pflege und Betreuung zu Hause.\",\"potentialAction\":[{\"@type\":\"SearchAction\",\"target\":{\"@type\":\"EntryPoint\",\"urlTemplate\":\"https:\\\/\\\/24hpflege.com\\\/at\\\/?s={search_term_string}\"},\"query-input\":{\"@type\":\"PropertyValueSpecification\",\"valueRequired\":true,\"valueName\":\"search_term_string\"}}],\"inLanguage\":\"de\"}]}<\/script>\n<!-- \/ Yoast SEO plugin. -->","yoast_head_json":{"title":"Checklisten &#187; 24hPflege.com - Serviceportal \u00d6sterreich","robots":{"index":"index","follow":"follow","max-snippet":"max-snippet:-1","max-image-preview":"max-image-preview:large","max-video-preview":"max-video-preview:-1"},"canonical":"https:\/\/24hpflege.com\/at\/ratgeber-service\/checklisten\/","og_locale":"de_DE","og_type":"article","og_title":"Checklisten &#187; 24hPflege.com - Serviceportal \u00d6sterreich","og_description":"Checkliste Betreuungsvermittlung &#8211; Pflegeagenturen Die gute Betreuung ihrer Angeh\u00f6rigen ist eine wichtige und sensbile Angelegenheit. Pr\u00fcfen sie die Vermittlungsagentur genau, so k\u00f6nnen sie vorab Risiken minimieren. G\u00e4nzlich ausschlie\u00dfen lassen sich &#8222;Probleme&#8220; jedoch nie, schon allein weil es Zusammenarbeit auf beiden Seiten bedarf. Diese Punkte sollen ihnen als Hiflestellung bei der Auswahl einer Vermittlungsagentur helfen. Wie [...]","og_url":"https:\/\/24hpflege.com\/at\/ratgeber-service\/checklisten\/","og_site_name":"24hPflege.com - Serviceportal \u00d6sterreich","article_modified_time":"2017-01-04T14:37:22+00:00","twitter_card":"summary_large_image","twitter_misc":{"Gesch\u00e4tzte Lesezeit":"1\u00a0Minute"},"schema":{"@context":"https:\/\/schema.org","@graph":[{"@type":"WebPage","@id":"https:\/\/24hpflege.com\/at\/ratgeber-service\/checklisten\/","url":"https:\/\/24hpflege.com\/at\/ratgeber-service\/checklisten\/","name":"Checklisten &#187; 24hPflege.com - Serviceportal \u00d6sterreich","isPartOf":{"@id":"https:\/\/24hpflege.com\/at\/#website"},"datePublished":"2015-08-26T17:02:17+00:00","dateModified":"2017-01-04T14:37:22+00:00","breadcrumb":{"@id":"https:\/\/24hpflege.com\/at\/ratgeber-service\/checklisten\/#breadcrumb"},"inLanguage":"de","potentialAction":[{"@type":"ReadAction","target":["https:\/\/24hpflege.com\/at\/ratgeber-service\/checklisten\/"]}]},{"@type":"BreadcrumbList","@id":"https:\/\/24hpflege.com\/at\/ratgeber-service\/checklisten\/#breadcrumb","itemListElement":[{"@type":"ListItem","position":1,"name":"Ratgeber &#038; Service","item":"https:\/\/24hpflege.com\/at\/ratgeber-service\/"},{"@type":"ListItem","position":2,"name":"Checklisten"}]},{"@type":"WebSite","@id":"https:\/\/24hpflege.com\/at\/#website","url":"https:\/\/24hpflege.com\/at\/","name":"24hPflege.com - Serviceportal \u00d6sterreich","description":"Unabh\u00e4ngige Informationen und Tipps rund um das Thema 24h Pflege und Betreuung zu Hause.","potentialAction":[{"@type":"SearchAction","target":{"@type":"EntryPoint","urlTemplate":"https:\/\/24hpflege.com\/at\/?s={search_term_string}"},"query-input":{"@type":"PropertyValueSpecification","valueRequired":true,"valueName":"search_term_string"}}],"inLanguage":"de"}]}},"_links":{"self":[{"href":"https:\/\/24hpflege.com\/at\/wp-json\/wp\/v2\/pages\/1872","targetHints":{"allow":["GET"]}}],"collection":[{"href":"https:\/\/24hpflege.com\/at\/wp-json\/wp\/v2\/pages"}],"about":[{"href":"https:\/\/24hpflege.com\/at\/wp-json\/wp\/v2\/types\/page"}],"author":[{"embeddable":true,"href":"https:\/\/24hpflege.com\/at\/wp-json\/wp\/v2\/users\/1"}],"replies":[{"embeddable":true,"href":"https:\/\/24hpflege.com\/at\/wp-json\/wp\/v2\/comments?post=1872"}],"version-history":[{"count":6,"href":"https:\/\/24hpflege.com\/at\/wp-json\/wp\/v2\/pages\/1872\/revisions"}],"predecessor-version":[{"id":2901,"href":"https:\/\/24hpflege.com\/at\/wp-json\/wp\/v2\/pages\/1872\/revisions\/2901"}],"up":[{"embeddable":true,"href":"https:\/\/24hpflege.com\/at\/wp-json\/wp\/v2\/pages\/79"}],"wp:attachment":[{"href":"https:\/\/24hpflege.com\/at\/wp-json\/wp\/v2\/media?parent=1872"}],"curies":[{"name":"wp","href":"https:\/\/api.w.org\/{rel}","templated":true}]}}