{"id":1897,"date":"2015-09-02T15:42:43","date_gmt":"2015-09-02T13:42:43","guid":{"rendered":"http:\/\/24hpflege.com\/at\/?page_id=1897"},"modified":"2016-10-27T18:16:33","modified_gmt":"2016-10-27T16:16:33","slug":"bundesfoerderung","status":"publish","type":"page","link":"https:\/\/24hpflege.com\/at\/24h-betreuung\/kosten-finanzierung\/finanzielle-unterstuetzung\/bundesfoerderung\/","title":{"rendered":"Bundesf\u00f6rderung"},"content":{"rendered":"<p>Der Zuschuss betr\u00e4gt monatlich h\u00f6chstens bei einem <strong>selbst\u00e4ndigen Betreuungsverh\u00e4ltnis Euro 225,\u2013 pro Monat<\/strong> (auf Basis von zwei Betreuungspersonen).<\/p>\n<p>Bei einem <strong>unselbst\u00e4ndigen Betreuungsverh\u00e4ltnis liegt die F\u00f6rderung bei Euro 800,\u2013 pro Monat<\/strong> (auf Basis von zwei Betreuungspersonen<\/p>\n<p>Das Gesamteinkommen der pflegebed\u00fcrftigen Person darf Euro 2.500,\u2013 monatlich nicht \u00fcbersteigen. Verm\u00f6gen bleibt bis zu einem Betrag von Euro 5.000,\u2013 unber\u00fccksichtigt. (Achtung: in Vorarlberg nur Ber\u00fccksichtigung des Einkommens, nicht des Verm\u00f6gens)<\/p>\n","protected":false},"excerpt":{"rendered":"<p>Ist eine permanente Pflege notwendig, kann um die sogenannte 24 Stunden F\u00f6rderung angesucht werden. Sofern den F\u00f6rderkriterien entsprochen wird, kann mit einer Zusage gerechnet werden.<\/p>\n","protected":false},"author":1,"featured_media":0,"parent":1740,"menu_order":0,"comment_status":"closed","ping_status":"closed","template":"","meta":{"footnotes":""},"class_list":["post-1897","page","type-page","status-publish","hentry"],"yoast_head":"<!-- This site is optimized with the Yoast SEO plugin v27.4 - https:\/\/yoast.com\/product\/yoast-seo-wordpress\/ -->\n<title>Bundesf\u00f6rderung &#187; 24hPflege.com - Serviceportal \u00d6sterreich<\/title>\n<meta name=\"robots\" content=\"index, follow, max-snippet:-1, max-image-preview:large, max-video-preview:-1\" \/>\n<link rel=\"canonical\" href=\"https:\/\/24hpflege.com\/at\/24h-betreuung\/kosten-finanzierung\/finanzielle-unterstuetzung\/bundesfoerderung\/\" \/>\n<meta property=\"og:locale\" content=\"de_DE\" \/>\n<meta property=\"og:type\" content=\"article\" \/>\n<meta property=\"og:title\" content=\"Bundesf\u00f6rderung &#187; 24hPflege.com - Serviceportal \u00d6sterreich\" \/>\n<meta property=\"og:description\" content=\"Ist eine permanente Pflege notwendig, kann um die sogenannte 24 Stunden F\u00f6rderung angesucht werden. Sofern den F\u00f6rderkriterien entsprochen wird, kann mit einer Zusage gerechnet werden.\" \/>\n<meta property=\"og:url\" content=\"https:\/\/24hpflege.com\/at\/24h-betreuung\/kosten-finanzierung\/finanzielle-unterstuetzung\/bundesfoerderung\/\" \/>\n<meta property=\"og:site_name\" content=\"24hPflege.com - Serviceportal \u00d6sterreich\" \/>\n<meta property=\"article:modified_time\" content=\"2016-10-27T16:16:33+00:00\" \/>\n<meta name=\"twitter:card\" content=\"summary_large_image\" \/>\n<script type=\"application\/ld+json\" class=\"yoast-schema-graph\">{\"@context\":\"https:\\\/\\\/schema.org\",\"@graph\":[{\"@type\":\"WebPage\",\"@id\":\"https:\\\/\\\/24hpflege.com\\\/at\\\/24h-betreuung\\\/kosten-finanzierung\\\/finanzielle-unterstuetzung\\\/bundesfoerderung\\\/\",\"url\":\"https:\\\/\\\/24hpflege.com\\\/at\\\/24h-betreuung\\\/kosten-finanzierung\\\/finanzielle-unterstuetzung\\\/bundesfoerderung\\\/\",\"name\":\"Bundesf\u00f6rderung &#187; 24hPflege.com - Serviceportal \u00d6sterreich\",\"isPartOf\":{\"@id\":\"https:\\\/\\\/24hpflege.com\\\/at\\\/#website\"},\"datePublished\":\"2015-09-02T13:42:43+00:00\",\"dateModified\":\"2016-10-27T16:16:33+00:00\",\"breadcrumb\":{\"@id\":\"https:\\\/\\\/24hpflege.com\\\/at\\\/24h-betreuung\\\/kosten-finanzierung\\\/finanzielle-unterstuetzung\\\/bundesfoerderung\\\/#breadcrumb\"},\"inLanguage\":\"de\",\"potentialAction\":[{\"@type\":\"ReadAction\",\"target\":[\"https:\\\/\\\/24hpflege.com\\\/at\\\/24h-betreuung\\\/kosten-finanzierung\\\/finanzielle-unterstuetzung\\\/bundesfoerderung\\\/\"]}]},{\"@type\":\"BreadcrumbList\",\"@id\":\"https:\\\/\\\/24hpflege.com\\\/at\\\/24h-betreuung\\\/kosten-finanzierung\\\/finanzielle-unterstuetzung\\\/bundesfoerderung\\\/#breadcrumb\",\"itemListElement\":[{\"@type\":\"ListItem\",\"position\":1,\"name\":\"24 Stunden Betreuung\",\"item\":\"https:\\\/\\\/24hpflege.com\\\/at\\\/24h-betreuung\\\/\"},{\"@type\":\"ListItem\",\"position\":2,\"name\":\"Kosten &#038; Finanzierung\",\"item\":\"https:\\\/\\\/24hpflege.com\\\/at\\\/24h-betreuung\\\/kosten-finanzierung\\\/\"},{\"@type\":\"ListItem\",\"position\":3,\"name\":\"Finanzielle Unterst\u00fctzungsangebote\",\"item\":\"https:\\\/\\\/24hpflege.com\\\/at\\\/24h-betreuung\\\/kosten-finanzierung\\\/finanzielle-unterstuetzung\\\/\"},{\"@type\":\"ListItem\",\"position\":4,\"name\":\"Bundesf\u00f6rderung\"}]},{\"@type\":\"WebSite\",\"@id\":\"https:\\\/\\\/24hpflege.com\\\/at\\\/#website\",\"url\":\"https:\\\/\\\/24hpflege.com\\\/at\\\/\",\"name\":\"24hPflege.com - Serviceportal \u00d6sterreich\",\"description\":\"Unabh\u00e4ngige Informationen und Tipps rund um das Thema 24h Pflege und Betreuung zu Hause.\",\"potentialAction\":[{\"@type\":\"SearchAction\",\"target\":{\"@type\":\"EntryPoint\",\"urlTemplate\":\"https:\\\/\\\/24hpflege.com\\\/at\\\/?s={search_term_string}\"},\"query-input\":{\"@type\":\"PropertyValueSpecification\",\"valueRequired\":true,\"valueName\":\"search_term_string\"}}],\"inLanguage\":\"de\"}]}<\/script>\n<!-- \/ Yoast SEO plugin. -->","yoast_head_json":{"title":"Bundesf\u00f6rderung &#187; 24hPflege.com - Serviceportal \u00d6sterreich","robots":{"index":"index","follow":"follow","max-snippet":"max-snippet:-1","max-image-preview":"max-image-preview:large","max-video-preview":"max-video-preview:-1"},"canonical":"https:\/\/24hpflege.com\/at\/24h-betreuung\/kosten-finanzierung\/finanzielle-unterstuetzung\/bundesfoerderung\/","og_locale":"de_DE","og_type":"article","og_title":"Bundesf\u00f6rderung &#187; 24hPflege.com - Serviceportal \u00d6sterreich","og_description":"Ist eine permanente Pflege notwendig, kann um die sogenannte 24 Stunden F\u00f6rderung angesucht werden. Sofern den F\u00f6rderkriterien entsprochen wird, kann mit einer Zusage gerechnet werden.","og_url":"https:\/\/24hpflege.com\/at\/24h-betreuung\/kosten-finanzierung\/finanzielle-unterstuetzung\/bundesfoerderung\/","og_site_name":"24hPflege.com - Serviceportal \u00d6sterreich","article_modified_time":"2016-10-27T16:16:33+00:00","twitter_card":"summary_large_image","schema":{"@context":"https:\/\/schema.org","@graph":[{"@type":"WebPage","@id":"https:\/\/24hpflege.com\/at\/24h-betreuung\/kosten-finanzierung\/finanzielle-unterstuetzung\/bundesfoerderung\/","url":"https:\/\/24hpflege.com\/at\/24h-betreuung\/kosten-finanzierung\/finanzielle-unterstuetzung\/bundesfoerderung\/","name":"Bundesf\u00f6rderung &#187; 24hPflege.com - Serviceportal \u00d6sterreich","isPartOf":{"@id":"https:\/\/24hpflege.com\/at\/#website"},"datePublished":"2015-09-02T13:42:43+00:00","dateModified":"2016-10-27T16:16:33+00:00","breadcrumb":{"@id":"https:\/\/24hpflege.com\/at\/24h-betreuung\/kosten-finanzierung\/finanzielle-unterstuetzung\/bundesfoerderung\/#breadcrumb"},"inLanguage":"de","potentialAction":[{"@type":"ReadAction","target":["https:\/\/24hpflege.com\/at\/24h-betreuung\/kosten-finanzierung\/finanzielle-unterstuetzung\/bundesfoerderung\/"]}]},{"@type":"BreadcrumbList","@id":"https:\/\/24hpflege.com\/at\/24h-betreuung\/kosten-finanzierung\/finanzielle-unterstuetzung\/bundesfoerderung\/#breadcrumb","itemListElement":[{"@type":"ListItem","position":1,"name":"24 Stunden Betreuung","item":"https:\/\/24hpflege.com\/at\/24h-betreuung\/"},{"@type":"ListItem","position":2,"name":"Kosten &#038; Finanzierung","item":"https:\/\/24hpflege.com\/at\/24h-betreuung\/kosten-finanzierung\/"},{"@type":"ListItem","position":3,"name":"Finanzielle Unterst\u00fctzungsangebote","item":"https:\/\/24hpflege.com\/at\/24h-betreuung\/kosten-finanzierung\/finanzielle-unterstuetzung\/"},{"@type":"ListItem","position":4,"name":"Bundesf\u00f6rderung"}]},{"@type":"WebSite","@id":"https:\/\/24hpflege.com\/at\/#website","url":"https:\/\/24hpflege.com\/at\/","name":"24hPflege.com - Serviceportal \u00d6sterreich","description":"Unabh\u00e4ngige Informationen und Tipps rund um das Thema 24h Pflege und Betreuung zu Hause.","potentialAction":[{"@type":"SearchAction","target":{"@type":"EntryPoint","urlTemplate":"https:\/\/24hpflege.com\/at\/?s={search_term_string}"},"query-input":{"@type":"PropertyValueSpecification","valueRequired":true,"valueName":"search_term_string"}}],"inLanguage":"de"}]}},"_links":{"self":[{"href":"https:\/\/24hpflege.com\/at\/wp-json\/wp\/v2\/pages\/1897","targetHints":{"allow":["GET"]}}],"collection":[{"href":"https:\/\/24hpflege.com\/at\/wp-json\/wp\/v2\/pages"}],"about":[{"href":"https:\/\/24hpflege.com\/at\/wp-json\/wp\/v2\/types\/page"}],"author":[{"embeddable":true,"href":"https:\/\/24hpflege.com\/at\/wp-json\/wp\/v2\/users\/1"}],"replies":[{"embeddable":true,"href":"https:\/\/24hpflege.com\/at\/wp-json\/wp\/v2\/comments?post=1897"}],"version-history":[{"count":3,"href":"https:\/\/24hpflege.com\/at\/wp-json\/wp\/v2\/pages\/1897\/revisions"}],"predecessor-version":[{"id":1967,"href":"https:\/\/24hpflege.com\/at\/wp-json\/wp\/v2\/pages\/1897\/revisions\/1967"}],"up":[{"embeddable":true,"href":"https:\/\/24hpflege.com\/at\/wp-json\/wp\/v2\/pages\/1740"}],"wp:attachment":[{"href":"https:\/\/24hpflege.com\/at\/wp-json\/wp\/v2\/media?parent=1897"}],"curies":[{"name":"wp","href":"https:\/\/api.w.org\/{rel}","templated":true}]}}