{"id":2182,"date":"2015-12-06T10:09:10","date_gmt":"2015-12-06T09:09:10","guid":{"rendered":"http:\/\/24hpflege.com\/at\/?page_id=2182"},"modified":"2016-10-27T18:16:33","modified_gmt":"2016-10-27T16:16:33","slug":"videos","status":"publish","type":"page","link":"https:\/\/24hpflege.com\/at\/ratgeber-service\/videos\/","title":{"rendered":"Videos"},"content":{"rendered":"<div class=\"fusion-fullwidth fullwidth-box fusion-builder-row-1 hundred-percent-fullwidth non-hundred-percent-height-scrolling\" style=\"--awb-border-radius-top-left:0px;--awb-border-radius-top-right:0px;--awb-border-radius-bottom-right:0px;--awb-border-radius-bottom-left:0px;--awb-overflow:visible;--awb-flex-wrap:wrap;\" ><div class=\"fusion-builder-row fusion-row\"><div class=\"fusion-layout-column fusion_builder_column fusion-builder-column-0 fusion_builder_column_1_1 1_1 fusion-one-full fusion-column-first fusion-column-last fusion-column-no-min-height\" style=\"--awb-bg-size:cover;--awb-margin-top:0px;\"><div class=\"fusion-column-wrapper fusion-flex-column-wrapper-legacy\"><div class=\"fusion-blog-shortcode fusion-blog-shortcode-1 fusion-blog-archive fusion-blog-layout-medium-alternate fusion-blog-infinite\"><div class=\"fusion-posts-container fusion-posts-container-infinite fusion-posts-container-load-more fusion-no-meta-info\" data-pages=\"1\"><article id=\"blog-1-post-2988\" class=\"fusion-post-medium-alternate post-2988 post type-post status-publish format-standard has-post-thumbnail hentry category-video\">\n<div class=\"fusion-date-and-formats\"><div class=\"fusion-date-box updated\"><span class=\"fusion-date\">16<\/span><span class=\"fusion-month-year\">Mai, 2017<\/span><\/div><div class=\"fusion-format-box\"><i class=\"awb-icon-pen\" aria-hidden=\"true\"><\/i><\/div><\/div>\t<style type=\"text\/css\">\n\t\t\n\t\t\n\t\t\n\t\t\n\t\t\t<\/style>\n\n\n\t\t\t<div class=\"fusion-flexslider flexslider fusion-flexslider-loading fusion-post-slideshow\" style=\"\">\n\t\t<ul class=\"slides\">\n\t\t\t\n\t\t\t\t\t\t\t\t\t\t\t\t\t\t<li><div  class=\"fusion-image-wrapper fusion-image-size-fixed\" aria-haspopup=\"true\">\n\t\t\t\t\t\t\t<a href=\"https:\/\/24hpflege.com\/at\/qualitaetssicherung-in-der-24-stunden-betreuung\/\" aria-label=\"Qualit\u00e4tssicherung in der 24 Stunden Betreuung\">\n\t\t\t\t\t\t\t<img decoding=\"async\" width=\"320\" height=\"202\" src=\"https:\/\/24hpflege.com\/at\/wp-content\/uploads\/2017\/05\/report-320x202.jpg\" class=\"attachment-blog-medium size-blog-medium wp-post-image\" alt=\"\" srcset=\"https:\/\/24hpflege.com\/at\/wp-content\/uploads\/2017\/05\/report-200x125.jpg 200w, https:\/\/24hpflege.com\/at\/wp-content\/uploads\/2017\/05\/report-320x202.jpg 320w\" sizes=\"(max-width: 320px) 100vw, 320px\" \/>\t\t\t<\/a>\n\t\t\t\t\t\t\t<\/div>\n<\/li>\n\t\t\t\n\t\t\t\n\t\t\t\t\t\t\t\t\t\t\t\t\t\t\t\t\t\t\t\t\t\t\t\t\t\t\t\t\t\t\t\t\t\t\t\t\t\t\t\t\t\t\t\t\t\t\t\t\t\t\t\t\t\t\t\t\t\t\t\t\t\t\t\t\t\t\t\t<\/ul>\n\t<\/div>\n\t<div class=\"fusion-post-content post-content\"><h2 class=\"blog-shortcode-post-title\"><a href=\"https:\/\/24hpflege.com\/at\/qualitaetssicherung-in-der-24-stunden-betreuung\/\">Qualit\u00e4tssicherung in der 24 Stunden Betreuung<\/a><\/h2><div class=\"fusion-post-content-container\"><p><\/p><p>Ein ausf\u00fchrlicher Bericht des ORF Magazins \u201eReport\u201c \u00fcber die Herausforderungen, wenn die Eltern oder Gro\u00dfeltern pflegebed\u00fcrftig sind bzw. werden. Welche Aufgaben sind zu erwarten, wer erledigt die Aufgaben und was kostet die Personenbetreuung?  [\u2026]<\/p>\n<\/div><\/div><div class=\"fusion-clearfix\"><\/div><\/article>\n<article id=\"blog-1-post-2161\" class=\"fusion-post-medium-alternate has-post-thumbnail post-2161 post type-post status-publish format-video hentry category-video post_format-post-format-video\">\n<div class=\"fusion-date-and-formats\"><div class=\"fusion-date-box updated\"><span class=\"fusion-date\">3<\/span><span class=\"fusion-month-year\">Jan., 2017<\/span><\/div><div class=\"fusion-format-box\"><i class=\"awb-icon-film\" aria-hidden=\"true\"><\/i><\/div><\/div>\t<style type=\"text\/css\">\n\t\t\n\t\t\n\t\t\n\t\t\n\t\t\t<\/style>\n\n\n\t\t\t<div class=\"fusion-flexslider flexslider fusion-flexslider-loading fusion-post-slideshow\" style=\"\">\n\t\t<ul class=\"slides\">\n\t\t\t\t\t\t\t<li>\n\t\t\t\t\t<div class=\"full-video\"><iframe class=\"fusion-hidden\" data-privacy-type=\"youtube\" src=\"\" width=\"560\" height=\"315\" data-privacy-src=\"https:\/\/www.youtube.com\/embed\/D8TcIrsmb5w\" frameborder=\"0\" allowfullscreen><\/iframe><div class=\"fusion-privacy-placeholder\" style=\"width:560px; height:315px;\" data-privacy-type=\"youtube\"><div class=\"fusion-privacy-placeholder-content\"><div class=\"fusion-privacy-label\">Aus datenschutzrechtlichen Gr\u00fcnden ben\u00f6tigt YouTube Ihre Einwilligung um geladen zu werden.<\/div><button data-privacy-type=\"youtube\" class=\"fusion-button button-default fusion-button-default-size button fusion-privacy-consent\">Akzeptieren<\/button><\/div><\/div><\/div>\n\t\t\t\t<\/li>\n\t\t\t\n\t\t\t\t\t\t\n\t\t\t\n\t\t\t\t\t\t\t\t\t\t\t\t\t\t\t\t\t\t\t\t\t\t\t\t\t\t\t\t\t\t\t\t\t\t\t\t\t\t\t\t\t\t\t\t\t\t\t\t\t\t\t\t\t\t\t\t\t\t\t\t\t\t\t\t\t\t\t\t<\/ul>\n\t<\/div>\n\t<div class=\"fusion-post-content post-content\"><h2 class=\"blog-shortcode-post-title\"><a href=\"https:\/\/24hpflege.com\/at\/24-stunden-pflege-vorsicht-bei-dubiosen-praktiken\/\">24 Stunden Pflege &#8211; Vorsicht bei dubiosen Praktiken<\/a><\/h2><div class=\"fusion-post-content-container\"><p>Undurchsichtige Gesch\u00e4fte und Praktiken bei der Vermittlung von Pflegepersonal ist das Thema eines Beitrages der ORF Sendung B\u00fcrgeranwalt vom M\u00e4rz 2013.<\/p><\/div><\/div><div class=\"fusion-clearfix\"><\/div><\/article>\n<article id=\"blog-1-post-2338\" class=\"fusion-post-medium-alternate post-2338 post type-post status-publish format-video has-post-thumbnail hentry category-video post_format-post-format-video\">\n<div class=\"fusion-date-and-formats\"><div class=\"fusion-date-box updated\"><span class=\"fusion-date\">3<\/span><span class=\"fusion-month-year\">Jan., 2017<\/span><\/div><div class=\"fusion-format-box\"><i class=\"awb-icon-film\" aria-hidden=\"true\"><\/i><\/div><\/div>\t<style type=\"text\/css\">\n\t\t\n\t\t\n\t\t\n\t\t\n\t\t\t<\/style>\n\n\n\t\t\t<div class=\"fusion-flexslider flexslider fusion-flexslider-loading fusion-post-slideshow\" style=\"\">\n\t\t<ul class=\"slides\">\n\t\t\t\n\t\t\t\t\t\t\t\t\t\t\t\t\t\t<li><div  class=\"fusion-image-wrapper fusion-image-size-fixed\" aria-haspopup=\"true\">\n\t\t\t\t\t\t\t<a href=\"https:\/\/24hpflege.com\/at\/pflege-auf-dem-pruefstand-servustv-reportage\/\" aria-label=\"Pflege auf dem Pr\u00fcfstand &#8211; ServusTV Reportage\">\n\t\t\t\t\t\t\t<img decoding=\"async\" width=\"320\" height=\"202\" src=\"https:\/\/24hpflege.com\/at\/wp-content\/uploads\/2015\/12\/betreuung-320x202.jpg\" class=\"attachment-blog-medium size-blog-medium wp-post-image\" alt=\"\" srcset=\"https:\/\/24hpflege.com\/at\/wp-content\/uploads\/2015\/12\/betreuung-200x125.jpg 200w, https:\/\/24hpflege.com\/at\/wp-content\/uploads\/2015\/12\/betreuung-320x202.jpg 320w\" sizes=\"(max-width: 320px) 100vw, 320px\" \/>\t\t\t<\/a>\n\t\t\t\t\t\t\t<\/div>\n<\/li>\n\t\t\t\n\t\t\t\n\t\t\t\t\t\t\t\t\t\t\t\t\t\t\t\t\t\t\t\t\t\t\t\t\t\t\t\t\t\t\t\t\t\t\t\t\t\t\t\t\t\t\t\t\t\t\t\t\t\t\t\t\t\t\t\t\t\t\t\t\t\t\t\t\t\t\t\t<\/ul>\n\t<\/div>\n\t<div class=\"fusion-post-content post-content\"><h2 class=\"blog-shortcode-post-title\"><a href=\"https:\/\/24hpflege.com\/at\/pflege-auf-dem-pruefstand-servustv-reportage\/\">Pflege auf dem Pr\u00fcfstand &#8211; ServusTV Reportage<\/a><\/h2><div class=\"fusion-post-content-container\"><p><\/p><p>Langes Leben? Gern! Im Altersheim? ..dann lieber nicht. Schon jetzt ist die Pflege unterfinanziert, das Personal \u00fcberfordert, die Politik ratlos. Statt in teures Personal wird lieber in billige Psychopharmaka investiert; jeder sechste Heimbewohner ist von [...]<\/p><\/div><\/div><div class=\"fusion-clearfix\"><\/div><\/article>\n<article id=\"blog-1-post-2172\" class=\"fusion-post-medium-alternate has-post-thumbnail post-2172 post type-post status-publish format-video hentry category-video post_format-post-format-video\">\n<div class=\"fusion-date-and-formats\"><div class=\"fusion-date-box updated\"><span class=\"fusion-date\">3<\/span><span class=\"fusion-month-year\">Jan., 2017<\/span><\/div><div class=\"fusion-format-box\"><i class=\"awb-icon-film\" aria-hidden=\"true\"><\/i><\/div><\/div>\t<style type=\"text\/css\">\n\t\t\n\t\t\n\t\t\n\t\t\n\t\t\t<\/style>\n\n\n\t\t\t<div class=\"fusion-flexslider flexslider fusion-flexslider-loading fusion-post-slideshow\" style=\"\">\n\t\t<ul class=\"slides\">\n\t\t\t\t\t\t\t<li>\n\t\t\t\t\t<div class=\"full-video\"><iframe class=\"fusion-hidden\" data-privacy-type=\"youtube\" src=\"\" width=\"560\" height=\"315\" data-privacy-src=\"https:\/\/www.youtube.com\/embed\/rWsfFqlpULI\" frameborder=\"0\" allowfullscreen><\/iframe><div class=\"fusion-privacy-placeholder\" style=\"width:560px; height:315px;\" data-privacy-type=\"youtube\"><div class=\"fusion-privacy-placeholder-content\"><div class=\"fusion-privacy-label\">Aus datenschutzrechtlichen Gr\u00fcnden ben\u00f6tigt YouTube Ihre Einwilligung um geladen zu werden.<\/div><button data-privacy-type=\"youtube\" class=\"fusion-button button-default fusion-button-default-size button fusion-privacy-consent\">Akzeptieren<\/button><\/div><\/div><\/div>\n\t\t\t\t<\/li>\n\t\t\t\n\t\t\t\t\t\t\t\t\t\t\t\t\t\t<li><div  class=\"fusion-image-wrapper fusion-image-size-fixed\" aria-haspopup=\"true\">\n\t\t\t\t\t\t\t<a href=\"https:\/\/24hpflege.com\/at\/tuecken-der-24-stunden-betreuung\/\" aria-label=\"T\u00fccken der 24 Stunden Betreuung\">\n\t\t\t\t\t\t\t<img decoding=\"async\" width=\"320\" height=\"202\" src=\"https:\/\/24hpflege.com\/at\/wp-content\/uploads\/2015\/12\/tuecken-24betreuung-pflege-320x202.jpg\" class=\"attachment-blog-medium size-blog-medium wp-post-image\" alt=\"\" srcset=\"https:\/\/24hpflege.com\/at\/wp-content\/uploads\/2015\/12\/tuecken-24betreuung-pflege-200x125.jpg 200w, https:\/\/24hpflege.com\/at\/wp-content\/uploads\/2015\/12\/tuecken-24betreuung-pflege-320x202.jpg 320w, https:\/\/24hpflege.com\/at\/wp-content\/uploads\/2015\/12\/tuecken-24betreuung-pflege-700x441.jpg 700w\" sizes=\"(max-width: 320px) 100vw, 320px\" \/>\t\t\t<\/a>\n\t\t\t\t\t\t\t<\/div>\n<\/li>\n\t\t\t\n\t\t\t\n\t\t\t\t\t\t\t\t\t\t\t\t\t\t\t\t\t\t\t\t\t\t\t\t\t\t\t\t\t\t\t\t\t\t\t\t\t\t\t\t\t\t\t\t\t\t\t\t\t\t\t\t\t\t\t\t\t\t\t\t\t\t\t\t\t\t\t\t<\/ul>\n\t<\/div>\n\t<div class=\"fusion-post-content post-content\"><h2 class=\"blog-shortcode-post-title\"><a href=\"https:\/\/24hpflege.com\/at\/tuecken-der-24-stunden-betreuung\/\">T\u00fccken der 24 Stunden Betreuung<\/a><\/h2><div class=\"fusion-post-content-container\"><p><\/p><p>Lieber zu Hause alt werden als im Pflegeheim, doch 24 Stunden Betreuung ist kostspielig. Zwischen 2.000 und 6.000 Euro m\u00fcssen Betroffene pro Monat hinlegen. Daf\u00fcr gibt es staatliche F\u00f6rderungen, aber nur dann wenn die Betreuungsperson [...]<\/p><\/div><\/div><div class=\"fusion-clearfix\"><\/div><\/article>\n<article id=\"blog-1-post-2167\" class=\"fusion-post-medium-alternate post-2167 post type-post status-publish format-video has-post-thumbnail hentry category-video post_format-post-format-video\">\n<div class=\"fusion-date-and-formats\"><div class=\"fusion-date-box updated\"><span class=\"fusion-date\">3<\/span><span class=\"fusion-month-year\">Jan., 2017<\/span><\/div><div class=\"fusion-format-box\"><i class=\"awb-icon-film\" aria-hidden=\"true\"><\/i><\/div><\/div>\t<style type=\"text\/css\">\n\t\t\n\t\t\n\t\t\n\t\t\n\t\t\t<\/style>\n\n\n\t\t\t<div class=\"fusion-flexslider flexslider fusion-flexslider-loading fusion-post-slideshow\" style=\"\">\n\t\t<ul class=\"slides\">\n\t\t\t\n\t\t\t\t\t\t\t\t\t\t\t\t\t\t<li><div  class=\"fusion-image-wrapper fusion-image-size-fixed\" aria-haspopup=\"true\">\n\t\t\t\t\t\t\t<a href=\"https:\/\/24hpflege.com\/at\/herausforderungen-der-24-stunden-betreuungsorganisation\/\" aria-label=\"Herausforderungen der 24 Stunden Betreuungsorganisation\">\n\t\t\t\t\t\t\t<img decoding=\"async\" width=\"320\" height=\"202\" src=\"https:\/\/24hpflege.com\/at\/wp-content\/uploads\/2015\/12\/tv-beitrag-hohes-haus-320x202.jpg\" class=\"attachment-blog-medium size-blog-medium wp-post-image\" alt=\"\" srcset=\"https:\/\/24hpflege.com\/at\/wp-content\/uploads\/2015\/12\/tv-beitrag-hohes-haus-200x125.jpg 200w, https:\/\/24hpflege.com\/at\/wp-content\/uploads\/2015\/12\/tv-beitrag-hohes-haus-320x202.jpg 320w\" sizes=\"(max-width: 320px) 100vw, 320px\" \/>\t\t\t<\/a>\n\t\t\t\t\t\t\t<\/div>\n<\/li>\n\t\t\t\n\t\t\t\n\t\t\t\t\t\t\t\t\t\t\t\t\t\t\t\t\t\t\t\t\t\t\t\t\t\t\t\t\t\t\t\t\t\t\t\t\t\t\t\t\t\t\t\t\t\t\t\t\t\t\t\t\t\t\t\t\t\t\t\t\t\t\t\t\t\t\t\t<\/ul>\n\t<\/div>\n\t<div class=\"fusion-post-content post-content\"><h2 class=\"blog-shortcode-post-title\"><a href=\"https:\/\/24hpflege.com\/at\/herausforderungen-der-24-stunden-betreuungsorganisation\/\">Herausforderungen der 24 Stunden Betreuungsorganisation<\/a><\/h2><div class=\"fusion-post-content-container\"><p><\/p><p>Wer alt, krank und pflegebed\u00fcrftig ist, m\u00f6chte trotzdem gerne zu Hause weiterleben. In den 90er Jahren hat sich die 24 Stunden Pflege etabliert. Die Illegalit\u00e4t wurde durch eine eigene Gewerbeordnung legalisiert. Inzwischen bieten mehrere hundert [...]<\/p><\/div><\/div><div class=\"fusion-clearfix\"><\/div><\/article>\n<\/div><\/div><div class=\"fusion-clearfix\"><\/div><\/div><\/div><\/div><\/div>\n","protected":false},"excerpt":{"rendered":"","protected":false},"author":1,"featured_media":0,"parent":79,"menu_order":0,"comment_status":"closed","ping_status":"closed","template":"","meta":{"footnotes":""},"class_list":["post-2182","page","type-page","status-publish","hentry"],"yoast_head":"<!-- This site is optimized with the Yoast SEO plugin v27.4 - https:\/\/yoast.com\/product\/yoast-seo-wordpress\/ -->\n<title>Videos &#187; 24hPflege.com - Serviceportal \u00d6sterreich<\/title>\n<meta name=\"robots\" content=\"index, follow, max-snippet:-1, max-image-preview:large, max-video-preview:-1\" \/>\n<link rel=\"canonical\" href=\"https:\/\/24hpflege.com\/at\/ratgeber-service\/videos\/\" \/>\n<meta property=\"og:locale\" content=\"de_DE\" \/>\n<meta property=\"og:type\" content=\"article\" \/>\n<meta property=\"og:title\" content=\"Videos &#187; 24hPflege.com - Serviceportal \u00d6sterreich\" \/>\n<meta property=\"og:url\" content=\"https:\/\/24hpflege.com\/at\/ratgeber-service\/videos\/\" \/>\n<meta property=\"og:site_name\" content=\"24hPflege.com - Serviceportal \u00d6sterreich\" \/>\n<meta property=\"article:modified_time\" content=\"2016-10-27T16:16:33+00:00\" \/>\n<meta name=\"twitter:card\" content=\"summary_large_image\" \/>\n<meta name=\"twitter:label1\" content=\"Gesch\u00e4tzte Lesezeit\" \/>\n\t<meta name=\"twitter:data1\" content=\"1\u00a0Minute\" \/>\n<script type=\"application\/ld+json\" class=\"yoast-schema-graph\">{\"@context\":\"https:\\\/\\\/schema.org\",\"@graph\":[{\"@type\":\"WebPage\",\"@id\":\"https:\\\/\\\/24hpflege.com\\\/at\\\/ratgeber-service\\\/videos\\\/\",\"url\":\"https:\\\/\\\/24hpflege.com\\\/at\\\/ratgeber-service\\\/videos\\\/\",\"name\":\"Videos &#187; 24hPflege.com - Serviceportal \u00d6sterreich\",\"isPartOf\":{\"@id\":\"https:\\\/\\\/24hpflege.com\\\/at\\\/#website\"},\"datePublished\":\"2015-12-06T09:09:10+00:00\",\"dateModified\":\"2016-10-27T16:16:33+00:00\",\"breadcrumb\":{\"@id\":\"https:\\\/\\\/24hpflege.com\\\/at\\\/ratgeber-service\\\/videos\\\/#breadcrumb\"},\"inLanguage\":\"de\",\"potentialAction\":[{\"@type\":\"ReadAction\",\"target\":[\"https:\\\/\\\/24hpflege.com\\\/at\\\/ratgeber-service\\\/videos\\\/\"]}]},{\"@type\":\"BreadcrumbList\",\"@id\":\"https:\\\/\\\/24hpflege.com\\\/at\\\/ratgeber-service\\\/videos\\\/#breadcrumb\",\"itemListElement\":[{\"@type\":\"ListItem\",\"position\":1,\"name\":\"Ratgeber &#038; Service\",\"item\":\"https:\\\/\\\/24hpflege.com\\\/at\\\/ratgeber-service\\\/\"},{\"@type\":\"ListItem\",\"position\":2,\"name\":\"Videos\"}]},{\"@type\":\"WebSite\",\"@id\":\"https:\\\/\\\/24hpflege.com\\\/at\\\/#website\",\"url\":\"https:\\\/\\\/24hpflege.com\\\/at\\\/\",\"name\":\"24hPflege.com - Serviceportal \u00d6sterreich\",\"description\":\"Unabh\u00e4ngige Informationen und Tipps rund um das Thema 24h Pflege und Betreuung zu Hause.\",\"potentialAction\":[{\"@type\":\"SearchAction\",\"target\":{\"@type\":\"EntryPoint\",\"urlTemplate\":\"https:\\\/\\\/24hpflege.com\\\/at\\\/?s={search_term_string}\"},\"query-input\":{\"@type\":\"PropertyValueSpecification\",\"valueRequired\":true,\"valueName\":\"search_term_string\"}}],\"inLanguage\":\"de\"}]}<\/script>\n<!-- \/ Yoast SEO plugin. -->","yoast_head_json":{"title":"Videos &#187; 24hPflege.com - Serviceportal \u00d6sterreich","robots":{"index":"index","follow":"follow","max-snippet":"max-snippet:-1","max-image-preview":"max-image-preview:large","max-video-preview":"max-video-preview:-1"},"canonical":"https:\/\/24hpflege.com\/at\/ratgeber-service\/videos\/","og_locale":"de_DE","og_type":"article","og_title":"Videos &#187; 24hPflege.com - Serviceportal \u00d6sterreich","og_url":"https:\/\/24hpflege.com\/at\/ratgeber-service\/videos\/","og_site_name":"24hPflege.com - Serviceportal \u00d6sterreich","article_modified_time":"2016-10-27T16:16:33+00:00","twitter_card":"summary_large_image","twitter_misc":{"Gesch\u00e4tzte Lesezeit":"1\u00a0Minute"},"schema":{"@context":"https:\/\/schema.org","@graph":[{"@type":"WebPage","@id":"https:\/\/24hpflege.com\/at\/ratgeber-service\/videos\/","url":"https:\/\/24hpflege.com\/at\/ratgeber-service\/videos\/","name":"Videos &#187; 24hPflege.com - Serviceportal \u00d6sterreich","isPartOf":{"@id":"https:\/\/24hpflege.com\/at\/#website"},"datePublished":"2015-12-06T09:09:10+00:00","dateModified":"2016-10-27T16:16:33+00:00","breadcrumb":{"@id":"https:\/\/24hpflege.com\/at\/ratgeber-service\/videos\/#breadcrumb"},"inLanguage":"de","potentialAction":[{"@type":"ReadAction","target":["https:\/\/24hpflege.com\/at\/ratgeber-service\/videos\/"]}]},{"@type":"BreadcrumbList","@id":"https:\/\/24hpflege.com\/at\/ratgeber-service\/videos\/#breadcrumb","itemListElement":[{"@type":"ListItem","position":1,"name":"Ratgeber &#038; Service","item":"https:\/\/24hpflege.com\/at\/ratgeber-service\/"},{"@type":"ListItem","position":2,"name":"Videos"}]},{"@type":"WebSite","@id":"https:\/\/24hpflege.com\/at\/#website","url":"https:\/\/24hpflege.com\/at\/","name":"24hPflege.com - Serviceportal \u00d6sterreich","description":"Unabh\u00e4ngige Informationen und Tipps rund um das Thema 24h Pflege und Betreuung zu Hause.","potentialAction":[{"@type":"SearchAction","target":{"@type":"EntryPoint","urlTemplate":"https:\/\/24hpflege.com\/at\/?s={search_term_string}"},"query-input":{"@type":"PropertyValueSpecification","valueRequired":true,"valueName":"search_term_string"}}],"inLanguage":"de"}]}},"_links":{"self":[{"href":"https:\/\/24hpflege.com\/at\/wp-json\/wp\/v2\/pages\/2182","targetHints":{"allow":["GET"]}}],"collection":[{"href":"https:\/\/24hpflege.com\/at\/wp-json\/wp\/v2\/pages"}],"about":[{"href":"https:\/\/24hpflege.com\/at\/wp-json\/wp\/v2\/types\/page"}],"author":[{"embeddable":true,"href":"https:\/\/24hpflege.com\/at\/wp-json\/wp\/v2\/users\/1"}],"replies":[{"embeddable":true,"href":"https:\/\/24hpflege.com\/at\/wp-json\/wp\/v2\/comments?post=2182"}],"version-history":[{"count":4,"href":"https:\/\/24hpflege.com\/at\/wp-json\/wp\/v2\/pages\/2182\/revisions"}],"predecessor-version":[{"id":2635,"href":"https:\/\/24hpflege.com\/at\/wp-json\/wp\/v2\/pages\/2182\/revisions\/2635"}],"up":[{"embeddable":true,"href":"https:\/\/24hpflege.com\/at\/wp-json\/wp\/v2\/pages\/79"}],"wp:attachment":[{"href":"https:\/\/24hpflege.com\/at\/wp-json\/wp\/v2\/media?parent=2182"}],"curies":[{"name":"wp","href":"https:\/\/api.w.org\/{rel}","templated":true}]}}