{"id":2286,"date":"2015-12-07T13:23:03","date_gmt":"2015-12-07T12:23:03","guid":{"rendered":"http:\/\/24hpflege.com\/at\/?page_id=2286"},"modified":"2017-01-05T17:49:29","modified_gmt":"2017-01-05T16:49:29","slug":"pflegehilfsmittel","status":"publish","type":"page","link":"https:\/\/24hpflege.com\/at\/ratgeber-service\/pflegehilfsmittel\/","title":{"rendered":"Geld sparen: Pflegehilfsmittel Preisvergleich"},"content":{"rendered":"<div class=\"fusion-fullwidth fullwidth-box fusion-builder-row-1 nonhundred-percent-fullwidth non-hundred-percent-height-scrolling\" style=\"--awb-border-radius-top-left:0px;--awb-border-radius-top-right:0px;--awb-border-radius-bottom-right:0px;--awb-border-radius-bottom-left:0px;--awb-flex-wrap:wrap;\" ><div class=\"fusion-builder-row fusion-row\"><div class=\"fusion-layout-column fusion_builder_column fusion-builder-column-0 fusion_builder_column_2_3 2_3 fusion-two-third fusion-column-first\" style=\"--awb-bg-size:cover;--awb-margin-top:0px;width:65.3333%; margin-right: 4%;\"><div class=\"fusion-column-wrapper fusion-flex-column-wrapper-legacy\"><div class=\"fusion-text fusion-text-1\"><p><strong>Krankenpflege-, Sanit\u00e4tsprodukte und orthop\u00e4dische Hilfsmittel. Geld sparen durch Preisvergleich.<\/strong><\/p>\n<p>Durch fortgeschrittenes Alter oder eine Erkrankung kann der Bedarf von diversen orthop\u00e4dischen Hilfsmitteln oder Sanit\u00e4tsprodukten notwendig werden. Angefangen von einfachen Verb\u00e4nden, hin bis zu teureren Produkten wie Rollatoren oder Krankenbetten. Meist wird der finanzielle Aufwand zu Beginn etwas untersch\u00e4tzt, denn schon wenige Produkte k\u00f6nnen auf Dauer eine gro\u00dfe Summe ergeben. Schlie\u00dflich sind es meist Utensilien die nicht einmalig ben\u00f6tigt werden, sondern t\u00e4glich oder w\u00f6chentlich. Oftmals wird dabei auf Firmen zur\u00fcckgegriffen die neben dem Krankenhaus oder der Pflegeeinrichtung niedergelassen haben. Das mag zwar bequem sein, sehr oft bezahlt man dabei jedoch einen h\u00f6heren Preis als bei anderen H\u00e4ndlern.<\/p>\n<p>Das Zauberwort: Preisvergleich! Auch bei der Altenpflege und Pflege generell lohnt es sich, gew\u00fcnschte Produkte vorab auf Qualit\u00e4t, Erfahrungen und vor allem den Preis zu pr\u00fcfen. Sie sind sicher nicht der\/die Erste, der\/die diverse Produkte im Einsatz hat und dazu eine qualifizierte Meinung hat. Zudem gibt es auch Tests, Vergleiche und Erfahrungswerte.<\/p>\n<p>Informieren sie sich schon vor Beginn der Pflege \u00fcber eventuell notwendige Produkte und Hilfsmittel.<\/p>\n<p>Das k\u00f6nnen z.B. sein:<\/p>\n<p>\u2022 Gehhilfen, Rollatoren<br \/>\n\u2022 Haltegriffe f\u00fcr das Bett, Bad oder WC<br \/>\n\u2022 Duschhocker<br \/>\n\u2022 Badewannensitze<br \/>\n\u2022 Toilettensitzerh\u00f6hung<br \/>\n\u2022 Badewannenmatten<br \/>\n\u2022 Rollst\u00fchle<\/p>\n<p>&nbsp;<\/p>\n<\/div><div class=\"fusion-clearfix\"><\/div><\/div><\/div><div class=\"fusion-layout-column fusion_builder_column fusion-builder-column-1 fusion_builder_column_1_3 1_3 fusion-one-third fusion-column-last\" style=\"--awb-bg-size:cover;width:30.6666%;\"><div class=\"fusion-column-wrapper fusion-flex-column-wrapper-legacy\"><script async src=\"\/\/pagead2.googlesyndication.com\/pagead\/js\/adsbygoogle.js\"><\/script>\n<!-- 24hpflege.com\/at -->\n<ins class=\"adsbygoogle\"\n     style=\"display:block\"\n     data-ad-client=\"ca-pub-1225401366343983\"\n     data-ad-slot=\"1100672736\"\n     data-ad-format=\"auto\"><\/ins>\n<script>\n(adsbygoogle = window.adsbygoogle || []).push({});\n<\/script><div class=\"fusion-clearfix\"><\/div><\/div><\/div><\/div><\/div>\n","protected":false},"excerpt":{"rendered":"","protected":false},"author":1,"featured_media":0,"parent":79,"menu_order":0,"comment_status":"closed","ping_status":"closed","template":"","meta":{"footnotes":""},"class_list":["post-2286","page","type-page","status-publish","hentry"],"yoast_head":"<!-- This site is optimized with the Yoast SEO plugin v27.4 - https:\/\/yoast.com\/product\/yoast-seo-wordpress\/ -->\n<title>Geld sparen: Pflegehilfsmittel Preisvergleich &#187; 24hPflege.com - Serviceportal \u00d6sterreich<\/title>\n<meta name=\"robots\" content=\"index, follow, max-snippet:-1, max-image-preview:large, max-video-preview:-1\" \/>\n<link rel=\"canonical\" href=\"https:\/\/24hpflege.com\/at\/ratgeber-service\/pflegehilfsmittel\/\" \/>\n<meta property=\"og:locale\" content=\"de_DE\" \/>\n<meta property=\"og:type\" content=\"article\" \/>\n<meta property=\"og:title\" content=\"Geld sparen: Pflegehilfsmittel Preisvergleich &#187; 24hPflege.com - Serviceportal \u00d6sterreich\" \/>\n<meta property=\"og:url\" content=\"https:\/\/24hpflege.com\/at\/ratgeber-service\/pflegehilfsmittel\/\" \/>\n<meta property=\"og:site_name\" content=\"24hPflege.com - Serviceportal \u00d6sterreich\" \/>\n<meta property=\"article:modified_time\" content=\"2017-01-05T16:49:29+00:00\" \/>\n<meta name=\"twitter:card\" content=\"summary_large_image\" \/>\n<meta name=\"twitter:label1\" content=\"Gesch\u00e4tzte Lesezeit\" \/>\n\t<meta name=\"twitter:data1\" content=\"2\u00a0Minuten\" \/>\n<script type=\"application\/ld+json\" class=\"yoast-schema-graph\">{\"@context\":\"https:\\\/\\\/schema.org\",\"@graph\":[{\"@type\":\"WebPage\",\"@id\":\"https:\\\/\\\/24hpflege.com\\\/at\\\/ratgeber-service\\\/pflegehilfsmittel\\\/\",\"url\":\"https:\\\/\\\/24hpflege.com\\\/at\\\/ratgeber-service\\\/pflegehilfsmittel\\\/\",\"name\":\"Geld sparen: Pflegehilfsmittel Preisvergleich &#187; 24hPflege.com - Serviceportal \u00d6sterreich\",\"isPartOf\":{\"@id\":\"https:\\\/\\\/24hpflege.com\\\/at\\\/#website\"},\"datePublished\":\"2015-12-07T12:23:03+00:00\",\"dateModified\":\"2017-01-05T16:49:29+00:00\",\"breadcrumb\":{\"@id\":\"https:\\\/\\\/24hpflege.com\\\/at\\\/ratgeber-service\\\/pflegehilfsmittel\\\/#breadcrumb\"},\"inLanguage\":\"de\",\"potentialAction\":[{\"@type\":\"ReadAction\",\"target\":[\"https:\\\/\\\/24hpflege.com\\\/at\\\/ratgeber-service\\\/pflegehilfsmittel\\\/\"]}]},{\"@type\":\"BreadcrumbList\",\"@id\":\"https:\\\/\\\/24hpflege.com\\\/at\\\/ratgeber-service\\\/pflegehilfsmittel\\\/#breadcrumb\",\"itemListElement\":[{\"@type\":\"ListItem\",\"position\":1,\"name\":\"Ratgeber &#038; Service\",\"item\":\"https:\\\/\\\/24hpflege.com\\\/at\\\/ratgeber-service\\\/\"},{\"@type\":\"ListItem\",\"position\":2,\"name\":\"Geld sparen: Pflegehilfsmittel Preisvergleich\"}]},{\"@type\":\"WebSite\",\"@id\":\"https:\\\/\\\/24hpflege.com\\\/at\\\/#website\",\"url\":\"https:\\\/\\\/24hpflege.com\\\/at\\\/\",\"name\":\"24hPflege.com - Serviceportal \u00d6sterreich\",\"description\":\"Unabh\u00e4ngige Informationen und Tipps rund um das Thema 24h Pflege und Betreuung zu Hause.\",\"potentialAction\":[{\"@type\":\"SearchAction\",\"target\":{\"@type\":\"EntryPoint\",\"urlTemplate\":\"https:\\\/\\\/24hpflege.com\\\/at\\\/?s={search_term_string}\"},\"query-input\":{\"@type\":\"PropertyValueSpecification\",\"valueRequired\":true,\"valueName\":\"search_term_string\"}}],\"inLanguage\":\"de\"}]}<\/script>\n<!-- \/ Yoast SEO plugin. -->","yoast_head_json":{"title":"Geld sparen: Pflegehilfsmittel Preisvergleich &#187; 24hPflege.com - Serviceportal \u00d6sterreich","robots":{"index":"index","follow":"follow","max-snippet":"max-snippet:-1","max-image-preview":"max-image-preview:large","max-video-preview":"max-video-preview:-1"},"canonical":"https:\/\/24hpflege.com\/at\/ratgeber-service\/pflegehilfsmittel\/","og_locale":"de_DE","og_type":"article","og_title":"Geld sparen: Pflegehilfsmittel Preisvergleich &#187; 24hPflege.com - Serviceportal \u00d6sterreich","og_url":"https:\/\/24hpflege.com\/at\/ratgeber-service\/pflegehilfsmittel\/","og_site_name":"24hPflege.com - Serviceportal \u00d6sterreich","article_modified_time":"2017-01-05T16:49:29+00:00","twitter_card":"summary_large_image","twitter_misc":{"Gesch\u00e4tzte Lesezeit":"2\u00a0Minuten"},"schema":{"@context":"https:\/\/schema.org","@graph":[{"@type":"WebPage","@id":"https:\/\/24hpflege.com\/at\/ratgeber-service\/pflegehilfsmittel\/","url":"https:\/\/24hpflege.com\/at\/ratgeber-service\/pflegehilfsmittel\/","name":"Geld sparen: Pflegehilfsmittel Preisvergleich &#187; 24hPflege.com - Serviceportal \u00d6sterreich","isPartOf":{"@id":"https:\/\/24hpflege.com\/at\/#website"},"datePublished":"2015-12-07T12:23:03+00:00","dateModified":"2017-01-05T16:49:29+00:00","breadcrumb":{"@id":"https:\/\/24hpflege.com\/at\/ratgeber-service\/pflegehilfsmittel\/#breadcrumb"},"inLanguage":"de","potentialAction":[{"@type":"ReadAction","target":["https:\/\/24hpflege.com\/at\/ratgeber-service\/pflegehilfsmittel\/"]}]},{"@type":"BreadcrumbList","@id":"https:\/\/24hpflege.com\/at\/ratgeber-service\/pflegehilfsmittel\/#breadcrumb","itemListElement":[{"@type":"ListItem","position":1,"name":"Ratgeber &#038; Service","item":"https:\/\/24hpflege.com\/at\/ratgeber-service\/"},{"@type":"ListItem","position":2,"name":"Geld sparen: Pflegehilfsmittel Preisvergleich"}]},{"@type":"WebSite","@id":"https:\/\/24hpflege.com\/at\/#website","url":"https:\/\/24hpflege.com\/at\/","name":"24hPflege.com - Serviceportal \u00d6sterreich","description":"Unabh\u00e4ngige Informationen und Tipps rund um das Thema 24h Pflege und Betreuung zu Hause.","potentialAction":[{"@type":"SearchAction","target":{"@type":"EntryPoint","urlTemplate":"https:\/\/24hpflege.com\/at\/?s={search_term_string}"},"query-input":{"@type":"PropertyValueSpecification","valueRequired":true,"valueName":"search_term_string"}}],"inLanguage":"de"}]}},"_links":{"self":[{"href":"https:\/\/24hpflege.com\/at\/wp-json\/wp\/v2\/pages\/2286","targetHints":{"allow":["GET"]}}],"collection":[{"href":"https:\/\/24hpflege.com\/at\/wp-json\/wp\/v2\/pages"}],"about":[{"href":"https:\/\/24hpflege.com\/at\/wp-json\/wp\/v2\/types\/page"}],"author":[{"embeddable":true,"href":"https:\/\/24hpflege.com\/at\/wp-json\/wp\/v2\/users\/1"}],"replies":[{"embeddable":true,"href":"https:\/\/24hpflege.com\/at\/wp-json\/wp\/v2\/comments?post=2286"}],"version-history":[{"count":10,"href":"https:\/\/24hpflege.com\/at\/wp-json\/wp\/v2\/pages\/2286\/revisions"}],"predecessor-version":[{"id":2939,"href":"https:\/\/24hpflege.com\/at\/wp-json\/wp\/v2\/pages\/2286\/revisions\/2939"}],"up":[{"embeddable":true,"href":"https:\/\/24hpflege.com\/at\/wp-json\/wp\/v2\/pages\/79"}],"wp:attachment":[{"href":"https:\/\/24hpflege.com\/at\/wp-json\/wp\/v2\/media?parent=2286"}],"curies":[{"name":"wp","href":"https:\/\/api.w.org\/{rel}","templated":true}]}}