{"id":2503,"date":"2016-02-25T14:49:49","date_gmt":"2016-02-25T13:49:49","guid":{"rendered":"http:\/\/24hpflege.com\/at\/?page_id=2503"},"modified":"2017-05-15T16:59:36","modified_gmt":"2017-05-15T14:59:36","slug":"altenpflege","status":"publish","type":"page","link":"https:\/\/24hpflege.com\/at\/altenpflege\/","title":{"rendered":"Wohnen und Betreuung im Alter"},"content":{"rendered":"<h2>Pflegebedarf<\/h2>\n<p>Wenn Menschen nicht mehr eigenst\u00e4ndig f\u00fcr sich oder ihren Haushalt t\u00e4tig sein k\u00f6nnen, ist eine helfende Hand notwendig, um die t\u00e4glich notwendigen Aufgaben zu erledigen. Die Pflegebed\u00fcrftigkeit kann unterschiedliche Ursachen haben und betrifft nicht nur \u00e4ltere Menschen. Angeborene, chronische oder neue Krankheiten, Unf\u00e4lle oder Alterserscheinungen stellen das Leben von betroffenen Personen und deren Angeh\u00f6rigen vor gro\u00dfe Herausforderungen.<\/p>\n<h2>Pflegeaufwand und externe Hilfe<\/h2>\n<p style=\"text-align: justify;\">Der Pflegeaufwand ist abh\u00e4ngig vom gesundheitlichen Zustand der betreffenden Person. \u00dcbersteigt eine Betreuung durch Angeh\u00f6rige ihre M\u00f6glichkeiten, oder ist schlicht nicht m\u00f6glicht, kann bei auftretenden Problemen zun\u00e4chst mit ambulanten Diensten gearbeitet werden. Ambulante Pflegekr\u00e4fte besuchen Menschen, die Betreuung ben\u00f6tigen, in regelm\u00e4\u00dfigen Abst\u00e4nden und \u00fcbernehmen Pflege- und Betreuungsdienste. Diese Betreuung kann in Kombination mit teilstation\u00e4ren Angeboten wie Tagesbetreuung und Urlaubspflege gut bew\u00e4ltigt werden.<\/p>\n<p style=\"text-align: justify;\">\u00dcbersteigt der Betreuungs- oder Pflegebedarf die M\u00f6glichkeiten eines ambulanten Dienstes, bestehen viele M\u00f6glichkeit der weiteren Vorgehensweise.\u00a0Verschiedene station\u00e4re Einrichtungen wie Seniorenheime oder Residenzen k\u00f6nnen die Betreuung der \u00e4lteren Person \u00fcbernehmen. Aber auch neue alternative Wohnkonzepte haben sich in den letzten Jahren etabliert.<\/p>\n<h2 style=\"text-align: justify;\">Pflege in den eigenen vier W\u00e4nden<\/h2>\n<p style=\"text-align: justify;\">Will der\/die Betroffene weiterhin in den eigenen vier W\u00e4nden bleiben, besteht die M\u00f6glichkeit, eine 24-Stunden-Betreuungskraft in Erw\u00e4gung zu ziehen. Diese wohnt bei der zu betreuenden Person, \u00fcbernimmt Betreuungsaufgaben und k\u00fcmmert sich um den Haushalt.<\/p>\n","protected":false},"excerpt":{"rendered":"<p>Pflegebedarf Wenn Menschen nicht mehr eigenst\u00e4ndig f\u00fcr sich oder ihren Haushalt t\u00e4tig sein k\u00f6nnen, ist eine helfende Hand notwendig, um die t\u00e4glich notwendigen Aufgaben zu erledigen. Die Pflegebed\u00fcrftigkeit kann unterschiedliche Ursachen haben und betrifft nicht nur \u00e4ltere Menschen. Angeborene, chronische oder neue Krankheiten, Unf\u00e4lle oder Alterserscheinungen stellen das Leben von betroffenen Personen und deren Angeh\u00f6rigen  [&#8230;]<\/p>\n","protected":false},"author":1,"featured_media":0,"parent":0,"menu_order":0,"comment_status":"closed","ping_status":"closed","template":"","meta":{"footnotes":""},"class_list":["post-2503","page","type-page","status-publish","hentry"],"yoast_head":"<!-- This site is optimized with the Yoast SEO plugin v27.4 - https:\/\/yoast.com\/product\/yoast-seo-wordpress\/ -->\n<title>Wohnen und Betreuung im Alter &#187; 24hPflege.com - Serviceportal \u00d6sterreich<\/title>\n<meta name=\"robots\" content=\"index, follow, max-snippet:-1, max-image-preview:large, max-video-preview:-1\" \/>\n<link rel=\"canonical\" href=\"https:\/\/24hpflege.com\/at\/altenpflege\/\" \/>\n<meta property=\"og:locale\" content=\"de_DE\" \/>\n<meta property=\"og:type\" content=\"article\" \/>\n<meta property=\"og:title\" content=\"Wohnen und Betreuung im Alter &#187; 24hPflege.com - Serviceportal \u00d6sterreich\" \/>\n<meta property=\"og:description\" content=\"Pflegebedarf Wenn Menschen nicht mehr eigenst\u00e4ndig f\u00fcr sich oder ihren Haushalt t\u00e4tig sein k\u00f6nnen, ist eine helfende Hand notwendig, um die t\u00e4glich notwendigen Aufgaben zu erledigen. Die Pflegebed\u00fcrftigkeit kann unterschiedliche Ursachen haben und betrifft nicht nur \u00e4ltere Menschen. Angeborene, chronische oder neue Krankheiten, Unf\u00e4lle oder Alterserscheinungen stellen das Leben von betroffenen Personen und deren Angeh\u00f6rigen [...]\" \/>\n<meta property=\"og:url\" content=\"https:\/\/24hpflege.com\/at\/altenpflege\/\" \/>\n<meta property=\"og:site_name\" content=\"24hPflege.com - Serviceportal \u00d6sterreich\" \/>\n<meta property=\"article:modified_time\" content=\"2017-05-15T14:59:36+00:00\" \/>\n<meta name=\"twitter:card\" content=\"summary_large_image\" \/>\n<meta name=\"twitter:label1\" content=\"Gesch\u00e4tzte Lesezeit\" \/>\n\t<meta name=\"twitter:data1\" content=\"1\u00a0Minute\" \/>\n<script type=\"application\/ld+json\" class=\"yoast-schema-graph\">{\"@context\":\"https:\\\/\\\/schema.org\",\"@graph\":[{\"@type\":\"WebPage\",\"@id\":\"https:\\\/\\\/24hpflege.com\\\/at\\\/altenpflege\\\/\",\"url\":\"https:\\\/\\\/24hpflege.com\\\/at\\\/altenpflege\\\/\",\"name\":\"Wohnen und Betreuung im Alter &#187; 24hPflege.com - Serviceportal \u00d6sterreich\",\"isPartOf\":{\"@id\":\"https:\\\/\\\/24hpflege.com\\\/at\\\/#website\"},\"datePublished\":\"2016-02-25T13:49:49+00:00\",\"dateModified\":\"2017-05-15T14:59:36+00:00\",\"inLanguage\":\"de\",\"potentialAction\":[{\"@type\":\"ReadAction\",\"target\":[\"https:\\\/\\\/24hpflege.com\\\/at\\\/altenpflege\\\/\"]}]},{\"@type\":\"WebSite\",\"@id\":\"https:\\\/\\\/24hpflege.com\\\/at\\\/#website\",\"url\":\"https:\\\/\\\/24hpflege.com\\\/at\\\/\",\"name\":\"24hPflege.com - Serviceportal \u00d6sterreich\",\"description\":\"Unabh\u00e4ngige Informationen und Tipps rund um das Thema 24h Pflege und Betreuung zu Hause.\",\"potentialAction\":[{\"@type\":\"SearchAction\",\"target\":{\"@type\":\"EntryPoint\",\"urlTemplate\":\"https:\\\/\\\/24hpflege.com\\\/at\\\/?s={search_term_string}\"},\"query-input\":{\"@type\":\"PropertyValueSpecification\",\"valueRequired\":true,\"valueName\":\"search_term_string\"}}],\"inLanguage\":\"de\"}]}<\/script>\n<!-- \/ Yoast SEO plugin. -->","yoast_head_json":{"title":"Wohnen und Betreuung im Alter &#187; 24hPflege.com - Serviceportal \u00d6sterreich","robots":{"index":"index","follow":"follow","max-snippet":"max-snippet:-1","max-image-preview":"max-image-preview:large","max-video-preview":"max-video-preview:-1"},"canonical":"https:\/\/24hpflege.com\/at\/altenpflege\/","og_locale":"de_DE","og_type":"article","og_title":"Wohnen und Betreuung im Alter &#187; 24hPflege.com - Serviceportal \u00d6sterreich","og_description":"Pflegebedarf Wenn Menschen nicht mehr eigenst\u00e4ndig f\u00fcr sich oder ihren Haushalt t\u00e4tig sein k\u00f6nnen, ist eine helfende Hand notwendig, um die t\u00e4glich notwendigen Aufgaben zu erledigen. Die Pflegebed\u00fcrftigkeit kann unterschiedliche Ursachen haben und betrifft nicht nur \u00e4ltere Menschen. Angeborene, chronische oder neue Krankheiten, Unf\u00e4lle oder Alterserscheinungen stellen das Leben von betroffenen Personen und deren Angeh\u00f6rigen [...]","og_url":"https:\/\/24hpflege.com\/at\/altenpflege\/","og_site_name":"24hPflege.com - Serviceportal \u00d6sterreich","article_modified_time":"2017-05-15T14:59:36+00:00","twitter_card":"summary_large_image","twitter_misc":{"Gesch\u00e4tzte Lesezeit":"1\u00a0Minute"},"schema":{"@context":"https:\/\/schema.org","@graph":[{"@type":"WebPage","@id":"https:\/\/24hpflege.com\/at\/altenpflege\/","url":"https:\/\/24hpflege.com\/at\/altenpflege\/","name":"Wohnen und Betreuung im Alter &#187; 24hPflege.com - Serviceportal \u00d6sterreich","isPartOf":{"@id":"https:\/\/24hpflege.com\/at\/#website"},"datePublished":"2016-02-25T13:49:49+00:00","dateModified":"2017-05-15T14:59:36+00:00","inLanguage":"de","potentialAction":[{"@type":"ReadAction","target":["https:\/\/24hpflege.com\/at\/altenpflege\/"]}]},{"@type":"WebSite","@id":"https:\/\/24hpflege.com\/at\/#website","url":"https:\/\/24hpflege.com\/at\/","name":"24hPflege.com - Serviceportal \u00d6sterreich","description":"Unabh\u00e4ngige Informationen und Tipps rund um das Thema 24h Pflege und Betreuung zu Hause.","potentialAction":[{"@type":"SearchAction","target":{"@type":"EntryPoint","urlTemplate":"https:\/\/24hpflege.com\/at\/?s={search_term_string}"},"query-input":{"@type":"PropertyValueSpecification","valueRequired":true,"valueName":"search_term_string"}}],"inLanguage":"de"}]}},"_links":{"self":[{"href":"https:\/\/24hpflege.com\/at\/wp-json\/wp\/v2\/pages\/2503","targetHints":{"allow":["GET"]}}],"collection":[{"href":"https:\/\/24hpflege.com\/at\/wp-json\/wp\/v2\/pages"}],"about":[{"href":"https:\/\/24hpflege.com\/at\/wp-json\/wp\/v2\/types\/page"}],"author":[{"embeddable":true,"href":"https:\/\/24hpflege.com\/at\/wp-json\/wp\/v2\/users\/1"}],"replies":[{"embeddable":true,"href":"https:\/\/24hpflege.com\/at\/wp-json\/wp\/v2\/comments?post=2503"}],"version-history":[{"count":7,"href":"https:\/\/24hpflege.com\/at\/wp-json\/wp\/v2\/pages\/2503\/revisions"}],"predecessor-version":[{"id":2912,"href":"https:\/\/24hpflege.com\/at\/wp-json\/wp\/v2\/pages\/2503\/revisions\/2912"}],"wp:attachment":[{"href":"https:\/\/24hpflege.com\/at\/wp-json\/wp\/v2\/media?parent=2503"}],"curies":[{"name":"wp","href":"https:\/\/api.w.org\/{rel}","templated":true}]}}