{"id":2505,"date":"2016-02-25T14:53:36","date_gmt":"2016-02-25T13:53:36","guid":{"rendered":"http:\/\/24hpflege.com\/at\/?page_id=2505"},"modified":"2016-12-05T15:57:31","modified_gmt":"2016-12-05T14:57:31","slug":"stationaere-einrichtungen","status":"publish","type":"page","link":"https:\/\/24hpflege.com\/at\/altenpflege\/stationaere-einrichtungen\/","title":{"rendered":"Station\u00e4re Einrichtungen"},"content":{"rendered":"<p>Die meisten Menschen assoziieren mit alten und\/oder pflegebed\u00fcrftigen Menschen das sogenannte Altersheim. Die \u00e4ltere Person wohnt dauerhaft in dieser station\u00e4ren Einrichtung und wird rund-um-die Uhr betreut. Meist wird ein Altersheim zugleich als Pflegeheim gef\u00fchrt, dadurch sind auch Pflegefachkr\u00e4fte vor Ort. Dies ist notwendig, wenn einfach medizinische Handlungen durchgef\u00fchrt werden m\u00fcssen, die dem Betreuungspersonal nicht erlaubt w\u00e4ren. Das Ruf von Altersheimen war fr\u00fcher nicht der beste (Stichwort: Verwahrlosung), dies hat sich aber in den letzten Jahren stark verbessert. Oft gibt es gemeinschaftliche Veranstaltungen, Ausfl\u00fcge und \u00e4hnliches. Zudem sind Einzelzimmer fast schon die Regel. Auch kann die Gemeinschaft in einem Heim eine bef\u00fcrchtete Vereinsamung im Alter vermeiden.<\/p>\n<p>In station\u00e4ren Einrichtungen besteht zudem meist die M\u00f6glichkeit einer Kurzzeit- Urlaubspflege. Bei dieser Form wohnt die betreuungsbed\u00fcrftige Zeit f\u00fcr eine befristete Zeit in einem Senioren- oder Pflegeheim. Dieser Service wird meist beansprucht, wenn sich der Krankheitszustand rapide verschlechtert hat, die Person nach einem Krankenhausaufenthalt wieder zu Kr\u00e4ften kommen muss oder wenn pflegende Angeh\u00f6rige entlastet werden sollen oder verhindert sind (z.B.\u00a0 durch eigene Erkrankung).<\/p>\n<p>Menschen, die noch zu Hause wohnen aber nicht ganz ohne Unterst\u00fctzung zurechtkommen, k\u00f6nnen die Angebote von sogenannten Tagesheimen oder Tageszentren in Anspruch nehmen. Ihnen werden dort untertags Pflege- und Betreuungsleistungen, Aktivierungsangebote, Unterhaltung und Therapien angeboten. Dadurch k\u00f6nnen sie an ihrer gewohnten Umgebung bleiben, verlieren aber durch den Kontakt zu den Bewohnern und dem Personals des Tagesheims nicht den sozialen Anschluss.<\/p>\n","protected":false},"excerpt":{"rendered":"<p>Die meisten Menschen assoziieren mit alten und\/oder pflegebed\u00fcrftigen Menschen das sogenannte Altersheim. Die \u00e4ltere Person wohnt dauerhaft in dieser station\u00e4ren Einrichtung und wird rund-um-die Uhr betreut. Meist wird ein Altersheim zugleich als Pflegeheim gef\u00fchrt, dadurch sind auch Pflegefachkr\u00e4fte vor Ort. Dies ist notwendig, wenn einfach medizinische Handlungen durchgef\u00fchrt werden m\u00fcssen, die dem Betreuungspersonal nicht erlaubt  [&#8230;]<\/p>\n","protected":false},"author":1,"featured_media":0,"parent":2503,"menu_order":1,"comment_status":"closed","ping_status":"closed","template":"","meta":{"footnotes":""},"class_list":["post-2505","page","type-page","status-publish","hentry"],"yoast_head":"<!-- This site is optimized with the Yoast SEO plugin v27.4 - https:\/\/yoast.com\/product\/yoast-seo-wordpress\/ -->\n<title>Station\u00e4re Einrichtungen &#187; 24hPflege.com - Serviceportal \u00d6sterreich<\/title>\n<meta name=\"robots\" content=\"index, follow, max-snippet:-1, max-image-preview:large, max-video-preview:-1\" \/>\n<link rel=\"canonical\" href=\"https:\/\/24hpflege.com\/at\/altenpflege\/stationaere-einrichtungen\/\" \/>\n<meta property=\"og:locale\" content=\"de_DE\" \/>\n<meta property=\"og:type\" content=\"article\" \/>\n<meta property=\"og:title\" content=\"Station\u00e4re Einrichtungen &#187; 24hPflege.com - Serviceportal \u00d6sterreich\" \/>\n<meta property=\"og:description\" content=\"Die meisten Menschen assoziieren mit alten und\/oder pflegebed\u00fcrftigen Menschen das sogenannte Altersheim. Die \u00e4ltere Person wohnt dauerhaft in dieser station\u00e4ren Einrichtung und wird rund-um-die Uhr betreut. Meist wird ein Altersheim zugleich als Pflegeheim gef\u00fchrt, dadurch sind auch Pflegefachkr\u00e4fte vor Ort. Dies ist notwendig, wenn einfach medizinische Handlungen durchgef\u00fchrt werden m\u00fcssen, die dem Betreuungspersonal nicht erlaubt [...]\" \/>\n<meta property=\"og:url\" content=\"https:\/\/24hpflege.com\/at\/altenpflege\/stationaere-einrichtungen\/\" \/>\n<meta property=\"og:site_name\" content=\"24hPflege.com - Serviceportal \u00d6sterreich\" \/>\n<meta property=\"article:modified_time\" content=\"2016-12-05T14:57:31+00:00\" \/>\n<meta name=\"twitter:card\" content=\"summary_large_image\" \/>\n<meta name=\"twitter:label1\" content=\"Gesch\u00e4tzte Lesezeit\" \/>\n\t<meta name=\"twitter:data1\" content=\"1\u00a0Minute\" \/>\n<script type=\"application\/ld+json\" class=\"yoast-schema-graph\">{\"@context\":\"https:\\\/\\\/schema.org\",\"@graph\":[{\"@type\":\"WebPage\",\"@id\":\"https:\\\/\\\/24hpflege.com\\\/at\\\/altenpflege\\\/stationaere-einrichtungen\\\/\",\"url\":\"https:\\\/\\\/24hpflege.com\\\/at\\\/altenpflege\\\/stationaere-einrichtungen\\\/\",\"name\":\"Station\u00e4re Einrichtungen &#187; 24hPflege.com - Serviceportal \u00d6sterreich\",\"isPartOf\":{\"@id\":\"https:\\\/\\\/24hpflege.com\\\/at\\\/#website\"},\"datePublished\":\"2016-02-25T13:53:36+00:00\",\"dateModified\":\"2016-12-05T14:57:31+00:00\",\"breadcrumb\":{\"@id\":\"https:\\\/\\\/24hpflege.com\\\/at\\\/altenpflege\\\/stationaere-einrichtungen\\\/#breadcrumb\"},\"inLanguage\":\"de\",\"potentialAction\":[{\"@type\":\"ReadAction\",\"target\":[\"https:\\\/\\\/24hpflege.com\\\/at\\\/altenpflege\\\/stationaere-einrichtungen\\\/\"]}]},{\"@type\":\"BreadcrumbList\",\"@id\":\"https:\\\/\\\/24hpflege.com\\\/at\\\/altenpflege\\\/stationaere-einrichtungen\\\/#breadcrumb\",\"itemListElement\":[{\"@type\":\"ListItem\",\"position\":1,\"name\":\"Wohnen und Betreuung im Alter\",\"item\":\"https:\\\/\\\/24hpflege.com\\\/at\\\/altenpflege\\\/\"},{\"@type\":\"ListItem\",\"position\":2,\"name\":\"Station\u00e4re Einrichtungen\"}]},{\"@type\":\"WebSite\",\"@id\":\"https:\\\/\\\/24hpflege.com\\\/at\\\/#website\",\"url\":\"https:\\\/\\\/24hpflege.com\\\/at\\\/\",\"name\":\"24hPflege.com - Serviceportal \u00d6sterreich\",\"description\":\"Unabh\u00e4ngige Informationen und Tipps rund um das Thema 24h Pflege und Betreuung zu Hause.\",\"potentialAction\":[{\"@type\":\"SearchAction\",\"target\":{\"@type\":\"EntryPoint\",\"urlTemplate\":\"https:\\\/\\\/24hpflege.com\\\/at\\\/?s={search_term_string}\"},\"query-input\":{\"@type\":\"PropertyValueSpecification\",\"valueRequired\":true,\"valueName\":\"search_term_string\"}}],\"inLanguage\":\"de\"}]}<\/script>\n<!-- \/ Yoast SEO plugin. -->","yoast_head_json":{"title":"Station\u00e4re Einrichtungen &#187; 24hPflege.com - Serviceportal \u00d6sterreich","robots":{"index":"index","follow":"follow","max-snippet":"max-snippet:-1","max-image-preview":"max-image-preview:large","max-video-preview":"max-video-preview:-1"},"canonical":"https:\/\/24hpflege.com\/at\/altenpflege\/stationaere-einrichtungen\/","og_locale":"de_DE","og_type":"article","og_title":"Station\u00e4re Einrichtungen &#187; 24hPflege.com - Serviceportal \u00d6sterreich","og_description":"Die meisten Menschen assoziieren mit alten und\/oder pflegebed\u00fcrftigen Menschen das sogenannte Altersheim. Die \u00e4ltere Person wohnt dauerhaft in dieser station\u00e4ren Einrichtung und wird rund-um-die Uhr betreut. Meist wird ein Altersheim zugleich als Pflegeheim gef\u00fchrt, dadurch sind auch Pflegefachkr\u00e4fte vor Ort. Dies ist notwendig, wenn einfach medizinische Handlungen durchgef\u00fchrt werden m\u00fcssen, die dem Betreuungspersonal nicht erlaubt [...]","og_url":"https:\/\/24hpflege.com\/at\/altenpflege\/stationaere-einrichtungen\/","og_site_name":"24hPflege.com - Serviceportal \u00d6sterreich","article_modified_time":"2016-12-05T14:57:31+00:00","twitter_card":"summary_large_image","twitter_misc":{"Gesch\u00e4tzte Lesezeit":"1\u00a0Minute"},"schema":{"@context":"https:\/\/schema.org","@graph":[{"@type":"WebPage","@id":"https:\/\/24hpflege.com\/at\/altenpflege\/stationaere-einrichtungen\/","url":"https:\/\/24hpflege.com\/at\/altenpflege\/stationaere-einrichtungen\/","name":"Station\u00e4re Einrichtungen &#187; 24hPflege.com - Serviceportal \u00d6sterreich","isPartOf":{"@id":"https:\/\/24hpflege.com\/at\/#website"},"datePublished":"2016-02-25T13:53:36+00:00","dateModified":"2016-12-05T14:57:31+00:00","breadcrumb":{"@id":"https:\/\/24hpflege.com\/at\/altenpflege\/stationaere-einrichtungen\/#breadcrumb"},"inLanguage":"de","potentialAction":[{"@type":"ReadAction","target":["https:\/\/24hpflege.com\/at\/altenpflege\/stationaere-einrichtungen\/"]}]},{"@type":"BreadcrumbList","@id":"https:\/\/24hpflege.com\/at\/altenpflege\/stationaere-einrichtungen\/#breadcrumb","itemListElement":[{"@type":"ListItem","position":1,"name":"Wohnen und Betreuung im Alter","item":"https:\/\/24hpflege.com\/at\/altenpflege\/"},{"@type":"ListItem","position":2,"name":"Station\u00e4re Einrichtungen"}]},{"@type":"WebSite","@id":"https:\/\/24hpflege.com\/at\/#website","url":"https:\/\/24hpflege.com\/at\/","name":"24hPflege.com - Serviceportal \u00d6sterreich","description":"Unabh\u00e4ngige Informationen und Tipps rund um das Thema 24h Pflege und Betreuung zu Hause.","potentialAction":[{"@type":"SearchAction","target":{"@type":"EntryPoint","urlTemplate":"https:\/\/24hpflege.com\/at\/?s={search_term_string}"},"query-input":{"@type":"PropertyValueSpecification","valueRequired":true,"valueName":"search_term_string"}}],"inLanguage":"de"}]}},"_links":{"self":[{"href":"https:\/\/24hpflege.com\/at\/wp-json\/wp\/v2\/pages\/2505","targetHints":{"allow":["GET"]}}],"collection":[{"href":"https:\/\/24hpflege.com\/at\/wp-json\/wp\/v2\/pages"}],"about":[{"href":"https:\/\/24hpflege.com\/at\/wp-json\/wp\/v2\/types\/page"}],"author":[{"embeddable":true,"href":"https:\/\/24hpflege.com\/at\/wp-json\/wp\/v2\/users\/1"}],"replies":[{"embeddable":true,"href":"https:\/\/24hpflege.com\/at\/wp-json\/wp\/v2\/comments?post=2505"}],"version-history":[{"count":1,"href":"https:\/\/24hpflege.com\/at\/wp-json\/wp\/v2\/pages\/2505\/revisions"}],"predecessor-version":[{"id":2632,"href":"https:\/\/24hpflege.com\/at\/wp-json\/wp\/v2\/pages\/2505\/revisions\/2632"}],"up":[{"embeddable":true,"href":"https:\/\/24hpflege.com\/at\/wp-json\/wp\/v2\/pages\/2503"}],"wp:attachment":[{"href":"https:\/\/24hpflege.com\/at\/wp-json\/wp\/v2\/media?parent=2505"}],"curies":[{"name":"wp","href":"https:\/\/api.w.org\/{rel}","templated":true}]}}