{"id":2506,"date":"2016-02-25T15:03:53","date_gmt":"2016-02-25T14:03:53","guid":{"rendered":"http:\/\/24hpflege.com\/at\/?page_id=2506"},"modified":"2016-12-05T15:58:32","modified_gmt":"2016-12-05T14:58:32","slug":"betreutes-wohnen","status":"publish","type":"page","link":"https:\/\/24hpflege.com\/at\/altenpflege\/betreutes-wohnen\/","title":{"rendered":"Betreutes Wohnen"},"content":{"rendered":"<p>W\u00e4hrend der Gesetzgeber im Fall der 24-Stunden-Betreuung eine solide gesetzliche Grundlage geschaffen hat, unterliegt betreutes Wohnen keinen gesetzlichen Rahmenbedingungen. Die Website des Bundeskanzleramts zum Thema (www.help.gv.at) definiert betreutes Wohnen als \u201eWohnform u. a. f\u00fcr \u00e4ltere Menschen, bei der eine altersgerechte Wohnsituation (z. B. Wohnungen oder Apartments in barrierefreier Bauweise) und konkrete Betreuungsleistungen miteinander kombiniert angeboten werden\u201c. Dies bedeutet konkret, dass die Bewohnerinnen bzw. die Bewohner in einer eigenen Wohnung leben und dabei Verpflegung und Betreuung in Anspruch nehmen.<\/p>\n<p>Diverse Wohnanlagen bieten bestimmte Dienstleistungen als \u201eGrundservice\u201c an, die je nach Bedarf von mobilen Sozial- und Gesundheitsdiensten erg\u00e4nzt werden k\u00f6nnen. Bewohnerinnen bzw. Bewohner haben somit die M\u00f6glichkeit, in einer eigenen Wohnung zu leben, solange dies sozial und gesundheitlich m\u00f6glich ist. In der Organisationsform sowie in Art und Umfang der Hilfestellungen bestehen jedoch gro\u00dfe Unterschiede. Hier muss nach dem konkreten Bedarf an ben\u00f6tigter Hilfe entschieden werden. Zu den zahlreichen Hilfsorganisationen, die entsprechende Angebote zur Verf\u00fcgung stellen, geh\u00f6ren beispielsweise Diakonie, Volkshilfe, Caritas oder Hilfswerk. Private Anbieter lassen sich beispielsweise \u00fcber Annoncen finden.<\/p>\n<p>Was die Anforderungen betrifft, die erf\u00fcllt sein m\u00fcssen, um ein Geb\u00e4ude als \u201ebarrierefrei\u201c einstufen zu k\u00f6nnen oder um festzustellen, ob ein \u201eerh\u00f6hter Standard\u201c oder blo\u00df eine \u201ebedingte Barrierefreiheit\u201c geboten wird, empfiehlt es sich, die \u00d6NORM B1610 zu Rate zu ziehen.<\/p>\n","protected":false},"excerpt":{"rendered":"<p>W\u00e4hrend der Gesetzgeber im Fall der 24-Stunden-Betreuung eine solide gesetzliche Grundlage geschaffen hat, unterliegt betreutes Wohnen keinen gesetzlichen Rahmenbedingungen. Die Website des Bundeskanzleramts zum Thema (www.help.gv.at) definiert betreutes Wohnen als \u201eWohnform u. a. f\u00fcr \u00e4ltere Menschen, bei der eine altersgerechte Wohnsituation (z. B. Wohnungen oder Apartments in barrierefreier Bauweise) und konkrete Betreuungsleistungen miteinander kombiniert angeboten  [&#8230;]<\/p>\n","protected":false},"author":1,"featured_media":0,"parent":2503,"menu_order":3,"comment_status":"closed","ping_status":"closed","template":"","meta":{"footnotes":""},"class_list":["post-2506","page","type-page","status-publish","hentry"],"yoast_head":"<!-- This site is optimized with the Yoast SEO plugin v27.4 - https:\/\/yoast.com\/product\/yoast-seo-wordpress\/ -->\n<title>Betreutes Wohnen &#187; 24hPflege.com - Serviceportal \u00d6sterreich<\/title>\n<meta name=\"robots\" content=\"index, follow, max-snippet:-1, max-image-preview:large, max-video-preview:-1\" \/>\n<link rel=\"canonical\" href=\"https:\/\/24hpflege.com\/at\/altenpflege\/betreutes-wohnen\/\" \/>\n<meta property=\"og:locale\" content=\"de_DE\" \/>\n<meta property=\"og:type\" content=\"article\" \/>\n<meta property=\"og:title\" content=\"Betreutes Wohnen &#187; 24hPflege.com - Serviceportal \u00d6sterreich\" \/>\n<meta property=\"og:description\" content=\"W\u00e4hrend der Gesetzgeber im Fall der 24-Stunden-Betreuung eine solide gesetzliche Grundlage geschaffen hat, unterliegt betreutes Wohnen keinen gesetzlichen Rahmenbedingungen. Die Website des Bundeskanzleramts zum Thema (www.help.gv.at) definiert betreutes Wohnen als \u201eWohnform u. a. f\u00fcr \u00e4ltere Menschen, bei der eine altersgerechte Wohnsituation (z. B. Wohnungen oder Apartments in barrierefreier Bauweise) und konkrete Betreuungsleistungen miteinander kombiniert angeboten [...]\" \/>\n<meta property=\"og:url\" content=\"https:\/\/24hpflege.com\/at\/altenpflege\/betreutes-wohnen\/\" \/>\n<meta property=\"og:site_name\" content=\"24hPflege.com - Serviceportal \u00d6sterreich\" \/>\n<meta property=\"article:modified_time\" content=\"2016-12-05T14:58:32+00:00\" \/>\n<meta name=\"twitter:card\" content=\"summary_large_image\" \/>\n<meta name=\"twitter:label1\" content=\"Gesch\u00e4tzte Lesezeit\" \/>\n\t<meta name=\"twitter:data1\" content=\"1\u00a0Minute\" \/>\n<script type=\"application\/ld+json\" class=\"yoast-schema-graph\">{\"@context\":\"https:\\\/\\\/schema.org\",\"@graph\":[{\"@type\":\"WebPage\",\"@id\":\"https:\\\/\\\/24hpflege.com\\\/at\\\/altenpflege\\\/betreutes-wohnen\\\/\",\"url\":\"https:\\\/\\\/24hpflege.com\\\/at\\\/altenpflege\\\/betreutes-wohnen\\\/\",\"name\":\"Betreutes Wohnen &#187; 24hPflege.com - Serviceportal \u00d6sterreich\",\"isPartOf\":{\"@id\":\"https:\\\/\\\/24hpflege.com\\\/at\\\/#website\"},\"datePublished\":\"2016-02-25T14:03:53+00:00\",\"dateModified\":\"2016-12-05T14:58:32+00:00\",\"breadcrumb\":{\"@id\":\"https:\\\/\\\/24hpflege.com\\\/at\\\/altenpflege\\\/betreutes-wohnen\\\/#breadcrumb\"},\"inLanguage\":\"de\",\"potentialAction\":[{\"@type\":\"ReadAction\",\"target\":[\"https:\\\/\\\/24hpflege.com\\\/at\\\/altenpflege\\\/betreutes-wohnen\\\/\"]}]},{\"@type\":\"BreadcrumbList\",\"@id\":\"https:\\\/\\\/24hpflege.com\\\/at\\\/altenpflege\\\/betreutes-wohnen\\\/#breadcrumb\",\"itemListElement\":[{\"@type\":\"ListItem\",\"position\":1,\"name\":\"Wohnen und Betreuung im Alter\",\"item\":\"https:\\\/\\\/24hpflege.com\\\/at\\\/altenpflege\\\/\"},{\"@type\":\"ListItem\",\"position\":2,\"name\":\"Betreutes Wohnen\"}]},{\"@type\":\"WebSite\",\"@id\":\"https:\\\/\\\/24hpflege.com\\\/at\\\/#website\",\"url\":\"https:\\\/\\\/24hpflege.com\\\/at\\\/\",\"name\":\"24hPflege.com - Serviceportal \u00d6sterreich\",\"description\":\"Unabh\u00e4ngige Informationen und Tipps rund um das Thema 24h Pflege und Betreuung zu Hause.\",\"potentialAction\":[{\"@type\":\"SearchAction\",\"target\":{\"@type\":\"EntryPoint\",\"urlTemplate\":\"https:\\\/\\\/24hpflege.com\\\/at\\\/?s={search_term_string}\"},\"query-input\":{\"@type\":\"PropertyValueSpecification\",\"valueRequired\":true,\"valueName\":\"search_term_string\"}}],\"inLanguage\":\"de\"}]}<\/script>\n<!-- \/ Yoast SEO plugin. -->","yoast_head_json":{"title":"Betreutes Wohnen &#187; 24hPflege.com - Serviceportal \u00d6sterreich","robots":{"index":"index","follow":"follow","max-snippet":"max-snippet:-1","max-image-preview":"max-image-preview:large","max-video-preview":"max-video-preview:-1"},"canonical":"https:\/\/24hpflege.com\/at\/altenpflege\/betreutes-wohnen\/","og_locale":"de_DE","og_type":"article","og_title":"Betreutes Wohnen &#187; 24hPflege.com - Serviceportal \u00d6sterreich","og_description":"W\u00e4hrend der Gesetzgeber im Fall der 24-Stunden-Betreuung eine solide gesetzliche Grundlage geschaffen hat, unterliegt betreutes Wohnen keinen gesetzlichen Rahmenbedingungen. Die Website des Bundeskanzleramts zum Thema (www.help.gv.at) definiert betreutes Wohnen als \u201eWohnform u. a. f\u00fcr \u00e4ltere Menschen, bei der eine altersgerechte Wohnsituation (z. B. Wohnungen oder Apartments in barrierefreier Bauweise) und konkrete Betreuungsleistungen miteinander kombiniert angeboten [...]","og_url":"https:\/\/24hpflege.com\/at\/altenpflege\/betreutes-wohnen\/","og_site_name":"24hPflege.com - Serviceportal \u00d6sterreich","article_modified_time":"2016-12-05T14:58:32+00:00","twitter_card":"summary_large_image","twitter_misc":{"Gesch\u00e4tzte Lesezeit":"1\u00a0Minute"},"schema":{"@context":"https:\/\/schema.org","@graph":[{"@type":"WebPage","@id":"https:\/\/24hpflege.com\/at\/altenpflege\/betreutes-wohnen\/","url":"https:\/\/24hpflege.com\/at\/altenpflege\/betreutes-wohnen\/","name":"Betreutes Wohnen &#187; 24hPflege.com - Serviceportal \u00d6sterreich","isPartOf":{"@id":"https:\/\/24hpflege.com\/at\/#website"},"datePublished":"2016-02-25T14:03:53+00:00","dateModified":"2016-12-05T14:58:32+00:00","breadcrumb":{"@id":"https:\/\/24hpflege.com\/at\/altenpflege\/betreutes-wohnen\/#breadcrumb"},"inLanguage":"de","potentialAction":[{"@type":"ReadAction","target":["https:\/\/24hpflege.com\/at\/altenpflege\/betreutes-wohnen\/"]}]},{"@type":"BreadcrumbList","@id":"https:\/\/24hpflege.com\/at\/altenpflege\/betreutes-wohnen\/#breadcrumb","itemListElement":[{"@type":"ListItem","position":1,"name":"Wohnen und Betreuung im Alter","item":"https:\/\/24hpflege.com\/at\/altenpflege\/"},{"@type":"ListItem","position":2,"name":"Betreutes Wohnen"}]},{"@type":"WebSite","@id":"https:\/\/24hpflege.com\/at\/#website","url":"https:\/\/24hpflege.com\/at\/","name":"24hPflege.com - Serviceportal \u00d6sterreich","description":"Unabh\u00e4ngige Informationen und Tipps rund um das Thema 24h Pflege und Betreuung zu Hause.","potentialAction":[{"@type":"SearchAction","target":{"@type":"EntryPoint","urlTemplate":"https:\/\/24hpflege.com\/at\/?s={search_term_string}"},"query-input":{"@type":"PropertyValueSpecification","valueRequired":true,"valueName":"search_term_string"}}],"inLanguage":"de"}]}},"_links":{"self":[{"href":"https:\/\/24hpflege.com\/at\/wp-json\/wp\/v2\/pages\/2506","targetHints":{"allow":["GET"]}}],"collection":[{"href":"https:\/\/24hpflege.com\/at\/wp-json\/wp\/v2\/pages"}],"about":[{"href":"https:\/\/24hpflege.com\/at\/wp-json\/wp\/v2\/types\/page"}],"author":[{"embeddable":true,"href":"https:\/\/24hpflege.com\/at\/wp-json\/wp\/v2\/users\/1"}],"replies":[{"embeddable":true,"href":"https:\/\/24hpflege.com\/at\/wp-json\/wp\/v2\/comments?post=2506"}],"version-history":[{"count":1,"href":"https:\/\/24hpflege.com\/at\/wp-json\/wp\/v2\/pages\/2506\/revisions"}],"predecessor-version":[{"id":2686,"href":"https:\/\/24hpflege.com\/at\/wp-json\/wp\/v2\/pages\/2506\/revisions\/2686"}],"up":[{"embeddable":true,"href":"https:\/\/24hpflege.com\/at\/wp-json\/wp\/v2\/pages\/2503"}],"wp:attachment":[{"href":"https:\/\/24hpflege.com\/at\/wp-json\/wp\/v2\/media?parent=2506"}],"curies":[{"name":"wp","href":"https:\/\/api.w.org\/{rel}","templated":true}]}}