{"id":2507,"date":"2016-02-25T15:04:41","date_gmt":"2016-02-25T14:04:41","guid":{"rendered":"http:\/\/24hpflege.com\/at\/?page_id=2507"},"modified":"2016-12-05T15:58:45","modified_gmt":"2016-12-05T14:58:45","slug":"ambulante-mobile-pflege","status":"publish","type":"page","link":"https:\/\/24hpflege.com\/at\/altenpflege\/ambulante-mobile-pflege\/","title":{"rendered":"Ambulante \/ Mobile Pflege"},"content":{"rendered":"<p>Unter ambulanter bzw. mobiler Pflege versteht man diverse Unterst\u00fctzungsangebote f\u00fcr beeintr\u00e4chtige Personen, die im privaten Wohnumfeld versorgt werden. Darunter fallen etwa die \u00dcbernahme oder Unterst\u00fctzung der Grundpflege, hauswirtschaftliche Hilfe oder ambulante Altenpflege. Die Vorteile dieser Pflegeform umfassen beispielsweise die Verk\u00fcrzung von Heim- oder Krankenhausaufenthalten und die Erhaltung bzw. Verbesserung der Gesundheits- und Lebenssituation. Angeh\u00f6rige oder Laienpflegerinnen bzw. -pfleger k\u00f6nnen dabei von ambulantem Pflegepersonal angeleitet werden.<\/p>\n","protected":false},"excerpt":{"rendered":"<p>Unter ambulanter bzw. mobiler Pflege versteht man diverse Unterst\u00fctzungsangebote f\u00fcr beeintr\u00e4chtige Personen, die im privaten Wohnumfeld versorgt werden. Darunter fallen etwa die \u00dcbernahme oder Unterst\u00fctzung der Grundpflege, hauswirtschaftliche Hilfe oder ambulante Altenpflege. Die Vorteile dieser Pflegeform umfassen beispielsweise die Verk\u00fcrzung von Heim- oder Krankenhausaufenthalten und die Erhaltung bzw. Verbesserung der Gesundheits- und Lebenssituation. Angeh\u00f6rige oder  [&#8230;]<\/p>\n","protected":false},"author":1,"featured_media":0,"parent":2503,"menu_order":5,"comment_status":"closed","ping_status":"closed","template":"","meta":{"footnotes":""},"class_list":["post-2507","page","type-page","status-publish","hentry"],"yoast_head":"<!-- This site is optimized with the Yoast SEO plugin v27.4 - https:\/\/yoast.com\/product\/yoast-seo-wordpress\/ -->\n<title>Ambulante \/ Mobile Pflege &#187; 24hPflege.com - Serviceportal \u00d6sterreich<\/title>\n<meta name=\"robots\" content=\"index, follow, max-snippet:-1, max-image-preview:large, max-video-preview:-1\" \/>\n<link rel=\"canonical\" href=\"https:\/\/24hpflege.com\/at\/altenpflege\/ambulante-mobile-pflege\/\" \/>\n<meta property=\"og:locale\" content=\"de_DE\" \/>\n<meta property=\"og:type\" content=\"article\" \/>\n<meta property=\"og:title\" content=\"Ambulante \/ Mobile Pflege &#187; 24hPflege.com - Serviceportal \u00d6sterreich\" \/>\n<meta property=\"og:description\" content=\"Unter ambulanter bzw. mobiler Pflege versteht man diverse Unterst\u00fctzungsangebote f\u00fcr beeintr\u00e4chtige Personen, die im privaten Wohnumfeld versorgt werden. Darunter fallen etwa die \u00dcbernahme oder Unterst\u00fctzung der Grundpflege, hauswirtschaftliche Hilfe oder ambulante Altenpflege. Die Vorteile dieser Pflegeform umfassen beispielsweise die Verk\u00fcrzung von Heim- oder Krankenhausaufenthalten und die Erhaltung bzw. Verbesserung der Gesundheits- und Lebenssituation. Angeh\u00f6rige oder [...]\" \/>\n<meta property=\"og:url\" content=\"https:\/\/24hpflege.com\/at\/altenpflege\/ambulante-mobile-pflege\/\" \/>\n<meta property=\"og:site_name\" content=\"24hPflege.com - Serviceportal \u00d6sterreich\" \/>\n<meta property=\"article:modified_time\" content=\"2016-12-05T14:58:45+00:00\" \/>\n<meta name=\"twitter:card\" content=\"summary_large_image\" \/>\n<script type=\"application\/ld+json\" class=\"yoast-schema-graph\">{\"@context\":\"https:\\\/\\\/schema.org\",\"@graph\":[{\"@type\":\"WebPage\",\"@id\":\"https:\\\/\\\/24hpflege.com\\\/at\\\/altenpflege\\\/ambulante-mobile-pflege\\\/\",\"url\":\"https:\\\/\\\/24hpflege.com\\\/at\\\/altenpflege\\\/ambulante-mobile-pflege\\\/\",\"name\":\"Ambulante \\\/ Mobile Pflege &#187; 24hPflege.com - Serviceportal \u00d6sterreich\",\"isPartOf\":{\"@id\":\"https:\\\/\\\/24hpflege.com\\\/at\\\/#website\"},\"datePublished\":\"2016-02-25T14:04:41+00:00\",\"dateModified\":\"2016-12-05T14:58:45+00:00\",\"breadcrumb\":{\"@id\":\"https:\\\/\\\/24hpflege.com\\\/at\\\/altenpflege\\\/ambulante-mobile-pflege\\\/#breadcrumb\"},\"inLanguage\":\"de\",\"potentialAction\":[{\"@type\":\"ReadAction\",\"target\":[\"https:\\\/\\\/24hpflege.com\\\/at\\\/altenpflege\\\/ambulante-mobile-pflege\\\/\"]}]},{\"@type\":\"BreadcrumbList\",\"@id\":\"https:\\\/\\\/24hpflege.com\\\/at\\\/altenpflege\\\/ambulante-mobile-pflege\\\/#breadcrumb\",\"itemListElement\":[{\"@type\":\"ListItem\",\"position\":1,\"name\":\"Wohnen und Betreuung im Alter\",\"item\":\"https:\\\/\\\/24hpflege.com\\\/at\\\/altenpflege\\\/\"},{\"@type\":\"ListItem\",\"position\":2,\"name\":\"Ambulante \\\/ Mobile Pflege\"}]},{\"@type\":\"WebSite\",\"@id\":\"https:\\\/\\\/24hpflege.com\\\/at\\\/#website\",\"url\":\"https:\\\/\\\/24hpflege.com\\\/at\\\/\",\"name\":\"24hPflege.com - Serviceportal \u00d6sterreich\",\"description\":\"Unabh\u00e4ngige Informationen und Tipps rund um das Thema 24h Pflege und Betreuung zu Hause.\",\"potentialAction\":[{\"@type\":\"SearchAction\",\"target\":{\"@type\":\"EntryPoint\",\"urlTemplate\":\"https:\\\/\\\/24hpflege.com\\\/at\\\/?s={search_term_string}\"},\"query-input\":{\"@type\":\"PropertyValueSpecification\",\"valueRequired\":true,\"valueName\":\"search_term_string\"}}],\"inLanguage\":\"de\"}]}<\/script>\n<!-- \/ Yoast SEO plugin. -->","yoast_head_json":{"title":"Ambulante \/ Mobile Pflege &#187; 24hPflege.com - Serviceportal \u00d6sterreich","robots":{"index":"index","follow":"follow","max-snippet":"max-snippet:-1","max-image-preview":"max-image-preview:large","max-video-preview":"max-video-preview:-1"},"canonical":"https:\/\/24hpflege.com\/at\/altenpflege\/ambulante-mobile-pflege\/","og_locale":"de_DE","og_type":"article","og_title":"Ambulante \/ Mobile Pflege &#187; 24hPflege.com - Serviceportal \u00d6sterreich","og_description":"Unter ambulanter bzw. mobiler Pflege versteht man diverse Unterst\u00fctzungsangebote f\u00fcr beeintr\u00e4chtige Personen, die im privaten Wohnumfeld versorgt werden. Darunter fallen etwa die \u00dcbernahme oder Unterst\u00fctzung der Grundpflege, hauswirtschaftliche Hilfe oder ambulante Altenpflege. Die Vorteile dieser Pflegeform umfassen beispielsweise die Verk\u00fcrzung von Heim- oder Krankenhausaufenthalten und die Erhaltung bzw. Verbesserung der Gesundheits- und Lebenssituation. Angeh\u00f6rige oder [...]","og_url":"https:\/\/24hpflege.com\/at\/altenpflege\/ambulante-mobile-pflege\/","og_site_name":"24hPflege.com - Serviceportal \u00d6sterreich","article_modified_time":"2016-12-05T14:58:45+00:00","twitter_card":"summary_large_image","schema":{"@context":"https:\/\/schema.org","@graph":[{"@type":"WebPage","@id":"https:\/\/24hpflege.com\/at\/altenpflege\/ambulante-mobile-pflege\/","url":"https:\/\/24hpflege.com\/at\/altenpflege\/ambulante-mobile-pflege\/","name":"Ambulante \/ Mobile Pflege &#187; 24hPflege.com - Serviceportal \u00d6sterreich","isPartOf":{"@id":"https:\/\/24hpflege.com\/at\/#website"},"datePublished":"2016-02-25T14:04:41+00:00","dateModified":"2016-12-05T14:58:45+00:00","breadcrumb":{"@id":"https:\/\/24hpflege.com\/at\/altenpflege\/ambulante-mobile-pflege\/#breadcrumb"},"inLanguage":"de","potentialAction":[{"@type":"ReadAction","target":["https:\/\/24hpflege.com\/at\/altenpflege\/ambulante-mobile-pflege\/"]}]},{"@type":"BreadcrumbList","@id":"https:\/\/24hpflege.com\/at\/altenpflege\/ambulante-mobile-pflege\/#breadcrumb","itemListElement":[{"@type":"ListItem","position":1,"name":"Wohnen und Betreuung im Alter","item":"https:\/\/24hpflege.com\/at\/altenpflege\/"},{"@type":"ListItem","position":2,"name":"Ambulante \/ Mobile Pflege"}]},{"@type":"WebSite","@id":"https:\/\/24hpflege.com\/at\/#website","url":"https:\/\/24hpflege.com\/at\/","name":"24hPflege.com - Serviceportal \u00d6sterreich","description":"Unabh\u00e4ngige Informationen und Tipps rund um das Thema 24h Pflege und Betreuung zu Hause.","potentialAction":[{"@type":"SearchAction","target":{"@type":"EntryPoint","urlTemplate":"https:\/\/24hpflege.com\/at\/?s={search_term_string}"},"query-input":{"@type":"PropertyValueSpecification","valueRequired":true,"valueName":"search_term_string"}}],"inLanguage":"de"}]}},"_links":{"self":[{"href":"https:\/\/24hpflege.com\/at\/wp-json\/wp\/v2\/pages\/2507","targetHints":{"allow":["GET"]}}],"collection":[{"href":"https:\/\/24hpflege.com\/at\/wp-json\/wp\/v2\/pages"}],"about":[{"href":"https:\/\/24hpflege.com\/at\/wp-json\/wp\/v2\/types\/page"}],"author":[{"embeddable":true,"href":"https:\/\/24hpflege.com\/at\/wp-json\/wp\/v2\/users\/1"}],"replies":[{"embeddable":true,"href":"https:\/\/24hpflege.com\/at\/wp-json\/wp\/v2\/comments?post=2507"}],"version-history":[{"count":1,"href":"https:\/\/24hpflege.com\/at\/wp-json\/wp\/v2\/pages\/2507\/revisions"}],"predecessor-version":[{"id":2631,"href":"https:\/\/24hpflege.com\/at\/wp-json\/wp\/v2\/pages\/2507\/revisions\/2631"}],"up":[{"embeddable":true,"href":"https:\/\/24hpflege.com\/at\/wp-json\/wp\/v2\/pages\/2503"}],"wp:attachment":[{"href":"https:\/\/24hpflege.com\/at\/wp-json\/wp\/v2\/media?parent=2507"}],"curies":[{"name":"wp","href":"https:\/\/api.w.org\/{rel}","templated":true}]}}