{"id":2508,"date":"2016-02-25T15:05:52","date_gmt":"2016-02-25T14:05:52","guid":{"rendered":"http:\/\/24hpflege.com\/at\/?page_id=2508"},"modified":"2017-01-03T17:33:33","modified_gmt":"2017-01-03T16:33:33","slug":"betreuung-zuhause-angehoerige","status":"publish","type":"page","link":"https:\/\/24hpflege.com\/at\/altenpflege\/betreuung-zuhause-angehoerige\/","title":{"rendered":"Betreuung zu Hause durch Angeh\u00f6rige"},"content":{"rendered":"<p>Die Pflege und Betreuung von \u00e4lteren Menschen ist zu einem wichtigen Thema in unserer Gesellschaft geworden. Aus Umfragen wei\u00df man, dass \u00fcber 80 Prozent der pflegebed\u00fcrftigen Menschen zu Hause betreut werden. Die Pflegeaufgaben \u00fcbernehmen dabei oft direkte Angeh\u00f6rige, sei es aufgrund einer Erwartungshaltung der zu betreuenden Person oder weil sich die Angeh\u00f6rigen daf\u00fcr verantwortlich f\u00fchlen.<\/p>\n<p>Pflegende Angeh\u00f6rige nehmen dabei oftmals gro\u00dfe Belastungen auf sich. Dieser gesellschaftspolitische Beitrag ist \u00e4u\u00dferst wertvoll, steht aber doch vor einigen Herausforderungen. Durch den sozialen und gesellschaftlichen Wandel der Bev\u00f6lkerung in den letzten Jahren zeigen sich n\u00e4mlich immer \u00f6fter Diskrepanzen zwischen den Erwartungen der zu Pflegenden und der Angeh\u00f6rigen. Dies kann diverse einfache, aber auch komplexere Gr\u00fcnde haben.<\/p>\n<p>Unterst\u00fctzung erfahren pflegende Angeh\u00f6rige durch ambulante Pflegedienstleistungen, die im Bedarfsfall Pflegeleistungen oder medizinische Handlungen durchf\u00fchren k\u00f6nnen. Zudem k\u00f6nnen pflegende Angeh\u00f6rige um finanzielle Unterst\u00fctzung ansuchen. Der Betrag der F\u00f6rderung richtet sich wiederrum nach der Pflegestufe der zu betreuenden Person.<\/p>\n","protected":false},"excerpt":{"rendered":"<p>Die Pflege und Betreuung von \u00e4lteren Menschen ist zu einem wichtigen Thema in unserer Gesellschaft geworden. Aus Umfragen wei\u00df man, dass \u00fcber 80 Prozent der pflegebed\u00fcrftigen Menschen zu Hause betreut werden. Die Pflegeaufgaben \u00fcbernehmen dabei oft direkte Angeh\u00f6rige, sei es aufgrund einer Erwartungshaltung der zu betreuenden Person oder weil sich die Angeh\u00f6rigen daf\u00fcr verantwortlich f\u00fchlen.  [&#8230;]<\/p>\n","protected":false},"author":1,"featured_media":0,"parent":2503,"menu_order":5,"comment_status":"closed","ping_status":"closed","template":"","meta":{"footnotes":""},"class_list":["post-2508","page","type-page","status-publish","hentry"],"yoast_head":"<!-- This site is optimized with the Yoast SEO plugin v27.4 - https:\/\/yoast.com\/product\/yoast-seo-wordpress\/ -->\n<title>Betreuung zu Hause durch Angeh\u00f6rige &#187; 24hPflege.com - Serviceportal \u00d6sterreich<\/title>\n<meta name=\"robots\" content=\"index, follow, max-snippet:-1, max-image-preview:large, max-video-preview:-1\" \/>\n<link rel=\"canonical\" href=\"https:\/\/24hpflege.com\/at\/altenpflege\/betreuung-zuhause-angehoerige\/\" \/>\n<meta property=\"og:locale\" content=\"de_DE\" \/>\n<meta property=\"og:type\" content=\"article\" \/>\n<meta property=\"og:title\" content=\"Betreuung zu Hause durch Angeh\u00f6rige &#187; 24hPflege.com - Serviceportal \u00d6sterreich\" \/>\n<meta property=\"og:description\" content=\"Die Pflege und Betreuung von \u00e4lteren Menschen ist zu einem wichtigen Thema in unserer Gesellschaft geworden. Aus Umfragen wei\u00df man, dass \u00fcber 80 Prozent der pflegebed\u00fcrftigen Menschen zu Hause betreut werden. Die Pflegeaufgaben \u00fcbernehmen dabei oft direkte Angeh\u00f6rige, sei es aufgrund einer Erwartungshaltung der zu betreuenden Person oder weil sich die Angeh\u00f6rigen daf\u00fcr verantwortlich f\u00fchlen. [...]\" \/>\n<meta property=\"og:url\" content=\"https:\/\/24hpflege.com\/at\/altenpflege\/betreuung-zuhause-angehoerige\/\" \/>\n<meta property=\"og:site_name\" content=\"24hPflege.com - Serviceportal \u00d6sterreich\" \/>\n<meta property=\"article:modified_time\" content=\"2017-01-03T16:33:33+00:00\" \/>\n<meta name=\"twitter:card\" content=\"summary_large_image\" \/>\n<meta name=\"twitter:label1\" content=\"Gesch\u00e4tzte Lesezeit\" \/>\n\t<meta name=\"twitter:data1\" content=\"1\u00a0Minute\" \/>\n<script type=\"application\/ld+json\" class=\"yoast-schema-graph\">{\"@context\":\"https:\\\/\\\/schema.org\",\"@graph\":[{\"@type\":\"WebPage\",\"@id\":\"https:\\\/\\\/24hpflege.com\\\/at\\\/altenpflege\\\/betreuung-zuhause-angehoerige\\\/\",\"url\":\"https:\\\/\\\/24hpflege.com\\\/at\\\/altenpflege\\\/betreuung-zuhause-angehoerige\\\/\",\"name\":\"Betreuung zu Hause durch Angeh\u00f6rige &#187; 24hPflege.com - Serviceportal \u00d6sterreich\",\"isPartOf\":{\"@id\":\"https:\\\/\\\/24hpflege.com\\\/at\\\/#website\"},\"datePublished\":\"2016-02-25T14:05:52+00:00\",\"dateModified\":\"2017-01-03T16:33:33+00:00\",\"breadcrumb\":{\"@id\":\"https:\\\/\\\/24hpflege.com\\\/at\\\/altenpflege\\\/betreuung-zuhause-angehoerige\\\/#breadcrumb\"},\"inLanguage\":\"de\",\"potentialAction\":[{\"@type\":\"ReadAction\",\"target\":[\"https:\\\/\\\/24hpflege.com\\\/at\\\/altenpflege\\\/betreuung-zuhause-angehoerige\\\/\"]}]},{\"@type\":\"BreadcrumbList\",\"@id\":\"https:\\\/\\\/24hpflege.com\\\/at\\\/altenpflege\\\/betreuung-zuhause-angehoerige\\\/#breadcrumb\",\"itemListElement\":[{\"@type\":\"ListItem\",\"position\":1,\"name\":\"Wohnen und Betreuung im Alter\",\"item\":\"https:\\\/\\\/24hpflege.com\\\/at\\\/altenpflege\\\/\"},{\"@type\":\"ListItem\",\"position\":2,\"name\":\"Betreuung zu Hause durch Angeh\u00f6rige\"}]},{\"@type\":\"WebSite\",\"@id\":\"https:\\\/\\\/24hpflege.com\\\/at\\\/#website\",\"url\":\"https:\\\/\\\/24hpflege.com\\\/at\\\/\",\"name\":\"24hPflege.com - Serviceportal \u00d6sterreich\",\"description\":\"Unabh\u00e4ngige Informationen und Tipps rund um das Thema 24h Pflege und Betreuung zu Hause.\",\"potentialAction\":[{\"@type\":\"SearchAction\",\"target\":{\"@type\":\"EntryPoint\",\"urlTemplate\":\"https:\\\/\\\/24hpflege.com\\\/at\\\/?s={search_term_string}\"},\"query-input\":{\"@type\":\"PropertyValueSpecification\",\"valueRequired\":true,\"valueName\":\"search_term_string\"}}],\"inLanguage\":\"de\"}]}<\/script>\n<!-- \/ Yoast SEO plugin. -->","yoast_head_json":{"title":"Betreuung zu Hause durch Angeh\u00f6rige &#187; 24hPflege.com - Serviceportal \u00d6sterreich","robots":{"index":"index","follow":"follow","max-snippet":"max-snippet:-1","max-image-preview":"max-image-preview:large","max-video-preview":"max-video-preview:-1"},"canonical":"https:\/\/24hpflege.com\/at\/altenpflege\/betreuung-zuhause-angehoerige\/","og_locale":"de_DE","og_type":"article","og_title":"Betreuung zu Hause durch Angeh\u00f6rige &#187; 24hPflege.com - Serviceportal \u00d6sterreich","og_description":"Die Pflege und Betreuung von \u00e4lteren Menschen ist zu einem wichtigen Thema in unserer Gesellschaft geworden. Aus Umfragen wei\u00df man, dass \u00fcber 80 Prozent der pflegebed\u00fcrftigen Menschen zu Hause betreut werden. Die Pflegeaufgaben \u00fcbernehmen dabei oft direkte Angeh\u00f6rige, sei es aufgrund einer Erwartungshaltung der zu betreuenden Person oder weil sich die Angeh\u00f6rigen daf\u00fcr verantwortlich f\u00fchlen. [...]","og_url":"https:\/\/24hpflege.com\/at\/altenpflege\/betreuung-zuhause-angehoerige\/","og_site_name":"24hPflege.com - Serviceportal \u00d6sterreich","article_modified_time":"2017-01-03T16:33:33+00:00","twitter_card":"summary_large_image","twitter_misc":{"Gesch\u00e4tzte Lesezeit":"1\u00a0Minute"},"schema":{"@context":"https:\/\/schema.org","@graph":[{"@type":"WebPage","@id":"https:\/\/24hpflege.com\/at\/altenpflege\/betreuung-zuhause-angehoerige\/","url":"https:\/\/24hpflege.com\/at\/altenpflege\/betreuung-zuhause-angehoerige\/","name":"Betreuung zu Hause durch Angeh\u00f6rige &#187; 24hPflege.com - Serviceportal \u00d6sterreich","isPartOf":{"@id":"https:\/\/24hpflege.com\/at\/#website"},"datePublished":"2016-02-25T14:05:52+00:00","dateModified":"2017-01-03T16:33:33+00:00","breadcrumb":{"@id":"https:\/\/24hpflege.com\/at\/altenpflege\/betreuung-zuhause-angehoerige\/#breadcrumb"},"inLanguage":"de","potentialAction":[{"@type":"ReadAction","target":["https:\/\/24hpflege.com\/at\/altenpflege\/betreuung-zuhause-angehoerige\/"]}]},{"@type":"BreadcrumbList","@id":"https:\/\/24hpflege.com\/at\/altenpflege\/betreuung-zuhause-angehoerige\/#breadcrumb","itemListElement":[{"@type":"ListItem","position":1,"name":"Wohnen und Betreuung im Alter","item":"https:\/\/24hpflege.com\/at\/altenpflege\/"},{"@type":"ListItem","position":2,"name":"Betreuung zu Hause durch Angeh\u00f6rige"}]},{"@type":"WebSite","@id":"https:\/\/24hpflege.com\/at\/#website","url":"https:\/\/24hpflege.com\/at\/","name":"24hPflege.com - Serviceportal \u00d6sterreich","description":"Unabh\u00e4ngige Informationen und Tipps rund um das Thema 24h Pflege und Betreuung zu Hause.","potentialAction":[{"@type":"SearchAction","target":{"@type":"EntryPoint","urlTemplate":"https:\/\/24hpflege.com\/at\/?s={search_term_string}"},"query-input":{"@type":"PropertyValueSpecification","valueRequired":true,"valueName":"search_term_string"}}],"inLanguage":"de"}]}},"_links":{"self":[{"href":"https:\/\/24hpflege.com\/at\/wp-json\/wp\/v2\/pages\/2508","targetHints":{"allow":["GET"]}}],"collection":[{"href":"https:\/\/24hpflege.com\/at\/wp-json\/wp\/v2\/pages"}],"about":[{"href":"https:\/\/24hpflege.com\/at\/wp-json\/wp\/v2\/types\/page"}],"author":[{"embeddable":true,"href":"https:\/\/24hpflege.com\/at\/wp-json\/wp\/v2\/users\/1"}],"replies":[{"embeddable":true,"href":"https:\/\/24hpflege.com\/at\/wp-json\/wp\/v2\/comments?post=2508"}],"version-history":[{"count":1,"href":"https:\/\/24hpflege.com\/at\/wp-json\/wp\/v2\/pages\/2508\/revisions"}],"predecessor-version":[{"id":2687,"href":"https:\/\/24hpflege.com\/at\/wp-json\/wp\/v2\/pages\/2508\/revisions\/2687"}],"up":[{"embeddable":true,"href":"https:\/\/24hpflege.com\/at\/wp-json\/wp\/v2\/pages\/2503"}],"wp:attachment":[{"href":"https:\/\/24hpflege.com\/at\/wp-json\/wp\/v2\/media?parent=2508"}],"curies":[{"name":"wp","href":"https:\/\/api.w.org\/{rel}","templated":true}]}}