{"id":2509,"date":"2016-02-25T15:15:31","date_gmt":"2016-02-25T14:15:31","guid":{"rendered":"http:\/\/24hpflege.com\/at\/?page_id=2509"},"modified":"2017-01-03T15:54:57","modified_gmt":"2017-01-03T14:54:57","slug":"unterschied-betreuung-pflege","status":"publish","type":"page","link":"https:\/\/24hpflege.com\/at\/altenpflege\/unterschied-betreuung-pflege\/","title":{"rendered":"Unterschied zwischen Betreuung und Pflege?"},"content":{"rendered":"<p>Denkt man an eine Rund-um-die-Uhr-Betreung eines Menschen in den eigenen vier W\u00e4nden, hat sich der Begriff der 24-Stunden-Pflege im allgemeinen Sprachgebrauch durchgesetzt. Rechtlich muss die Bezeichnung aber genaugenommen 24-Stunden-Betreuung lauten, da die T\u00e4tigkeiten Pflege und Betreuung wesentliche Unterschiede aufweisen. In den meisten F\u00e4llen einer 24h Betreuung ist von Hilfsleistungen durch die Betreuungsperson auszugehen: F\u00fchren des Haushalts, Hilfe beim Anziehen, Essen, usw. Nur wenn ein erh\u00f6hter Pflegebedarf notwendig ist, muss auch die Fachkraft entsprechende Pflegefachkenntnisse vorweisen k\u00f6nnen. Dadurch ergeben sich zwangsl\u00e4ufig erh\u00f6hte Kosten.<\/p>\n<p>Die genaue Definition \u2013 und somit Unterscheidung zwischen Betreuung und Pflege \u2013 findet sich im\u00a0<a href=\"http:\/\/24hpflege.com\/at\/information\/hausbetreuungsgesetz\/\">Hausbetreuungsgesetz<\/a>:<\/p>\n<p><strong>Betreuung:<\/strong>\u00a0Hilfestellung insbesondere bei der Haushaltsf\u00fchrung (darunter haushaltsnahe Dienstleisungen wie Kochen, Reinigungst\u00e4tigkeiten oder die Betreuung von Tieren und Pflanzen) der Lebensf\u00fchrung (etwa Gestaltung des Tagesablaufs, Hilfestellung bei allt\u00e4glichen Verrichtungen) und Gesellschafterfunktion (beispielsweise das F\u00fchren von Unterhaltungen)<\/p>\n<p><em>Hinweis: Eine F\u00f6rderung f\u00fcr eine Personenbetreuung wird nur dann gew\u00e4hrt, wenn bestimmte Voraussetzungen \/ Qualifikationen erf\u00fcllt werden.<\/em><em><br \/>\n<\/em><em>Hinweis: Einer Betreuungskraft k\u00f6nnen Pflegeaufgaben tempor\u00e4r \u00fcbertragen werden. Dies muss von einem Arzt oder einer diplomierten Pflegekraft genehmigt werden.<\/em><\/p>\n<p><strong>Pflege:<\/strong>\u00a0T\u00e4tigkeiten, die dem Gesundheits- und Krankenpflegegesetz (GuKG) unterliegen. Dies inkludiert zum Beispiel das Verabreichen von Medikamenten oder das Setzen von Spritzen.<\/p>\n<p><em>Hinweis: F\u00fcr Familienangeh\u00f6rige gilt diese Unterscheidung nicht. Sie d\u00fcrfen sowohl betreuende, als auch pflegende T\u00e4tigkeiten durchf\u00fchren.<\/em><\/p>\n","protected":false},"excerpt":{"rendered":"<p>Denkt man an eine Rund-um-die-Uhr-Betreung eines Menschen in den eigenen vier W\u00e4nden, hat sich der Begriff der 24-Stunden-Pflege im allgemeinen Sprachgebrauch durchgesetzt. Rechtlich muss die Bezeichnung aber genaugenommen 24-Stunden-Betreuung lauten, da die T\u00e4tigkeiten Pflege und Betreuung wesentliche Unterschiede aufweisen. In den meisten F\u00e4llen einer 24h Betreuung ist von Hilfsleistungen durch die Betreuungsperson auszugehen: F\u00fchren des  [&#8230;]<\/p>\n","protected":false},"author":1,"featured_media":0,"parent":2503,"menu_order":7,"comment_status":"closed","ping_status":"closed","template":"","meta":{"footnotes":""},"class_list":["post-2509","page","type-page","status-publish","hentry"],"yoast_head":"<!-- This site is optimized with the Yoast SEO plugin v27.4 - https:\/\/yoast.com\/product\/yoast-seo-wordpress\/ -->\n<title>Unterschied zwischen Betreuung und Pflege? &#187; 24hPflege.com - Serviceportal \u00d6sterreich<\/title>\n<meta name=\"robots\" content=\"index, follow, max-snippet:-1, max-image-preview:large, max-video-preview:-1\" \/>\n<link rel=\"canonical\" href=\"https:\/\/24hpflege.com\/at\/altenpflege\/unterschied-betreuung-pflege\/\" \/>\n<meta property=\"og:locale\" content=\"de_DE\" \/>\n<meta property=\"og:type\" content=\"article\" \/>\n<meta property=\"og:title\" content=\"Unterschied zwischen Betreuung und Pflege? &#187; 24hPflege.com - Serviceportal \u00d6sterreich\" \/>\n<meta property=\"og:description\" content=\"Denkt man an eine Rund-um-die-Uhr-Betreung eines Menschen in den eigenen vier W\u00e4nden, hat sich der Begriff der 24-Stunden-Pflege im allgemeinen Sprachgebrauch durchgesetzt. Rechtlich muss die Bezeichnung aber genaugenommen 24-Stunden-Betreuung lauten, da die T\u00e4tigkeiten Pflege und Betreuung wesentliche Unterschiede aufweisen. In den meisten F\u00e4llen einer 24h Betreuung ist von Hilfsleistungen durch die Betreuungsperson auszugehen: F\u00fchren des [...]\" \/>\n<meta property=\"og:url\" content=\"https:\/\/24hpflege.com\/at\/altenpflege\/unterschied-betreuung-pflege\/\" \/>\n<meta property=\"og:site_name\" content=\"24hPflege.com - Serviceportal \u00d6sterreich\" \/>\n<meta property=\"article:modified_time\" content=\"2017-01-03T14:54:57+00:00\" \/>\n<meta name=\"twitter:card\" content=\"summary_large_image\" \/>\n<meta name=\"twitter:label1\" content=\"Gesch\u00e4tzte Lesezeit\" \/>\n\t<meta name=\"twitter:data1\" content=\"1\u00a0Minute\" \/>\n<script type=\"application\/ld+json\" class=\"yoast-schema-graph\">{\"@context\":\"https:\\\/\\\/schema.org\",\"@graph\":[{\"@type\":\"WebPage\",\"@id\":\"https:\\\/\\\/24hpflege.com\\\/at\\\/altenpflege\\\/unterschied-betreuung-pflege\\\/\",\"url\":\"https:\\\/\\\/24hpflege.com\\\/at\\\/altenpflege\\\/unterschied-betreuung-pflege\\\/\",\"name\":\"Unterschied zwischen Betreuung und Pflege? &#187; 24hPflege.com - Serviceportal \u00d6sterreich\",\"isPartOf\":{\"@id\":\"https:\\\/\\\/24hpflege.com\\\/at\\\/#website\"},\"datePublished\":\"2016-02-25T14:15:31+00:00\",\"dateModified\":\"2017-01-03T14:54:57+00:00\",\"breadcrumb\":{\"@id\":\"https:\\\/\\\/24hpflege.com\\\/at\\\/altenpflege\\\/unterschied-betreuung-pflege\\\/#breadcrumb\"},\"inLanguage\":\"de\",\"potentialAction\":[{\"@type\":\"ReadAction\",\"target\":[\"https:\\\/\\\/24hpflege.com\\\/at\\\/altenpflege\\\/unterschied-betreuung-pflege\\\/\"]}]},{\"@type\":\"BreadcrumbList\",\"@id\":\"https:\\\/\\\/24hpflege.com\\\/at\\\/altenpflege\\\/unterschied-betreuung-pflege\\\/#breadcrumb\",\"itemListElement\":[{\"@type\":\"ListItem\",\"position\":1,\"name\":\"Wohnen und Betreuung im Alter\",\"item\":\"https:\\\/\\\/24hpflege.com\\\/at\\\/altenpflege\\\/\"},{\"@type\":\"ListItem\",\"position\":2,\"name\":\"Unterschied zwischen Betreuung und Pflege?\"}]},{\"@type\":\"WebSite\",\"@id\":\"https:\\\/\\\/24hpflege.com\\\/at\\\/#website\",\"url\":\"https:\\\/\\\/24hpflege.com\\\/at\\\/\",\"name\":\"24hPflege.com - Serviceportal \u00d6sterreich\",\"description\":\"Unabh\u00e4ngige Informationen und Tipps rund um das Thema 24h Pflege und Betreuung zu Hause.\",\"potentialAction\":[{\"@type\":\"SearchAction\",\"target\":{\"@type\":\"EntryPoint\",\"urlTemplate\":\"https:\\\/\\\/24hpflege.com\\\/at\\\/?s={search_term_string}\"},\"query-input\":{\"@type\":\"PropertyValueSpecification\",\"valueRequired\":true,\"valueName\":\"search_term_string\"}}],\"inLanguage\":\"de\"}]}<\/script>\n<!-- \/ Yoast SEO plugin. -->","yoast_head_json":{"title":"Unterschied zwischen Betreuung und Pflege? &#187; 24hPflege.com - Serviceportal \u00d6sterreich","robots":{"index":"index","follow":"follow","max-snippet":"max-snippet:-1","max-image-preview":"max-image-preview:large","max-video-preview":"max-video-preview:-1"},"canonical":"https:\/\/24hpflege.com\/at\/altenpflege\/unterschied-betreuung-pflege\/","og_locale":"de_DE","og_type":"article","og_title":"Unterschied zwischen Betreuung und Pflege? &#187; 24hPflege.com - Serviceportal \u00d6sterreich","og_description":"Denkt man an eine Rund-um-die-Uhr-Betreung eines Menschen in den eigenen vier W\u00e4nden, hat sich der Begriff der 24-Stunden-Pflege im allgemeinen Sprachgebrauch durchgesetzt. Rechtlich muss die Bezeichnung aber genaugenommen 24-Stunden-Betreuung lauten, da die T\u00e4tigkeiten Pflege und Betreuung wesentliche Unterschiede aufweisen. In den meisten F\u00e4llen einer 24h Betreuung ist von Hilfsleistungen durch die Betreuungsperson auszugehen: F\u00fchren des [...]","og_url":"https:\/\/24hpflege.com\/at\/altenpflege\/unterschied-betreuung-pflege\/","og_site_name":"24hPflege.com - Serviceportal \u00d6sterreich","article_modified_time":"2017-01-03T14:54:57+00:00","twitter_card":"summary_large_image","twitter_misc":{"Gesch\u00e4tzte Lesezeit":"1\u00a0Minute"},"schema":{"@context":"https:\/\/schema.org","@graph":[{"@type":"WebPage","@id":"https:\/\/24hpflege.com\/at\/altenpflege\/unterschied-betreuung-pflege\/","url":"https:\/\/24hpflege.com\/at\/altenpflege\/unterschied-betreuung-pflege\/","name":"Unterschied zwischen Betreuung und Pflege? &#187; 24hPflege.com - Serviceportal \u00d6sterreich","isPartOf":{"@id":"https:\/\/24hpflege.com\/at\/#website"},"datePublished":"2016-02-25T14:15:31+00:00","dateModified":"2017-01-03T14:54:57+00:00","breadcrumb":{"@id":"https:\/\/24hpflege.com\/at\/altenpflege\/unterschied-betreuung-pflege\/#breadcrumb"},"inLanguage":"de","potentialAction":[{"@type":"ReadAction","target":["https:\/\/24hpflege.com\/at\/altenpflege\/unterschied-betreuung-pflege\/"]}]},{"@type":"BreadcrumbList","@id":"https:\/\/24hpflege.com\/at\/altenpflege\/unterschied-betreuung-pflege\/#breadcrumb","itemListElement":[{"@type":"ListItem","position":1,"name":"Wohnen und Betreuung im Alter","item":"https:\/\/24hpflege.com\/at\/altenpflege\/"},{"@type":"ListItem","position":2,"name":"Unterschied zwischen Betreuung und Pflege?"}]},{"@type":"WebSite","@id":"https:\/\/24hpflege.com\/at\/#website","url":"https:\/\/24hpflege.com\/at\/","name":"24hPflege.com - Serviceportal \u00d6sterreich","description":"Unabh\u00e4ngige Informationen und Tipps rund um das Thema 24h Pflege und Betreuung zu Hause.","potentialAction":[{"@type":"SearchAction","target":{"@type":"EntryPoint","urlTemplate":"https:\/\/24hpflege.com\/at\/?s={search_term_string}"},"query-input":{"@type":"PropertyValueSpecification","valueRequired":true,"valueName":"search_term_string"}}],"inLanguage":"de"}]}},"_links":{"self":[{"href":"https:\/\/24hpflege.com\/at\/wp-json\/wp\/v2\/pages\/2509","targetHints":{"allow":["GET"]}}],"collection":[{"href":"https:\/\/24hpflege.com\/at\/wp-json\/wp\/v2\/pages"}],"about":[{"href":"https:\/\/24hpflege.com\/at\/wp-json\/wp\/v2\/types\/page"}],"author":[{"embeddable":true,"href":"https:\/\/24hpflege.com\/at\/wp-json\/wp\/v2\/users\/1"}],"replies":[{"embeddable":true,"href":"https:\/\/24hpflege.com\/at\/wp-json\/wp\/v2\/comments?post=2509"}],"version-history":[{"count":1,"href":"https:\/\/24hpflege.com\/at\/wp-json\/wp\/v2\/pages\/2509\/revisions"}],"predecessor-version":[{"id":2630,"href":"https:\/\/24hpflege.com\/at\/wp-json\/wp\/v2\/pages\/2509\/revisions\/2630"}],"up":[{"embeddable":true,"href":"https:\/\/24hpflege.com\/at\/wp-json\/wp\/v2\/pages\/2503"}],"wp:attachment":[{"href":"https:\/\/24hpflege.com\/at\/wp-json\/wp\/v2\/media?parent=2509"}],"curies":[{"name":"wp","href":"https:\/\/api.w.org\/{rel}","templated":true}]}}