{"id":2511,"date":"2016-02-25T15:17:42","date_gmt":"2016-02-25T14:17:42","guid":{"rendered":"http:\/\/24hpflege.com\/at\/?page_id=2511"},"modified":"2017-01-04T17:57:05","modified_gmt":"2017-01-04T16:57:05","slug":"wahl-wohn-betreuungsform","status":"publish","type":"page","link":"https:\/\/24hpflege.com\/at\/altenpflege\/wahl-wohn-betreuungsform\/","title":{"rendered":"Die schwierige Wahl der Wohn- und Betreuungsform"},"content":{"rendered":"<div class=\"fusion-fullwidth fullwidth-box fusion-builder-row-1 nonhundred-percent-fullwidth non-hundred-percent-height-scrolling\" style=\"--awb-border-radius-top-left:0px;--awb-border-radius-top-right:0px;--awb-border-radius-bottom-right:0px;--awb-border-radius-bottom-left:0px;--awb-flex-wrap:wrap;\" ><div class=\"fusion-builder-row fusion-row\"><div class=\"fusion-layout-column fusion_builder_column fusion-builder-column-0 fusion_builder_column_1_1 1_1 fusion-one-full fusion-column-first fusion-column-last\" style=\"--awb-bg-size:cover;--awb-margin-top:0px;\"><div class=\"fusion-column-wrapper fusion-flex-column-wrapper-legacy\"><div class=\"fusion-text fusion-text-1\"><h2>Gesellschaftswandel<\/h2>\n<p>Der Wandel unserer Gesellschaft in der die Menschen immer \u00e4lter werden, stellt vor allem die Wohn- und Betreuungssituation vor gro\u00dfe Herausforderungen. Der Wunsch nach guter Betreuung und altersgerechtes Wohnen ist gro\u00df.<\/p>\n<p>Die Situation f\u00fcr altersgerechtes Wohnen hat sich um einiges verbessert, da der Bedarf an verschiedenen oder ver\u00e4nderten Lebenssituationen im Alter durch neue Angebote besser abgebildet werden kann als noch vor ein paar Jahren.<\/p>\n<p>Nicht nur die Qualit\u00e4t der station\u00e4ren Serviceeinrichtungen hat zugenommen, auch stehen mehr alternative Wohn- und Betreuungsm\u00f6glichkeiten zur Verf\u00fcgung.<\/p>\n<p>Immer \u00f6fter\u00a0wollen \u00e4ltere Menschen ihren Lebensabend lieber in den eigenen vier W\u00e4nden verbringen als im Altersheim. Die Gr\u00fcnde daf\u00fcr sind vielf\u00e4ltig und reichen von der Angst vor Einsamkeit im Heim bis hin zur Bef\u00fcrchtung, den sozialen Anschluss im eigenen Umfeld zu verlieren. Eine Rund-um-die-Uhr-Betreuung zu Hause kann dem Wunsch nach einem Verbleib im Zuhause entsprechen und ein Umzug in eine Pflegeanstalt somit entfallen.<\/p>\n<h2>Furcht vor Vereinsamung<\/h2>\n<p>Seniorenwohnheime k\u00f6nnen aber auch gegenteilige Effekte zur bef\u00fcrchteten Vereinsamung zeigen: Oftmals treffen dort Menschen mit vergleichbarer Lebenserfahrung, \u00e4hnlichen Erlebnissen oder \u00fcbereinstimmenden Interessen aufeinander. Zudem gibt es immer mehr neue\u00a0Wohnkonzepte f\u00fcr \u00e4ltere Personen,.<\/p>\n<p>Somit ist wichtig festzuhalten, dass verschiedene Faktoren f\u00fcr die Entscheidung zwischen zum Beispiel Pflegeheim oder 24-Stunden-Pflege zu beachten sind. Gemeinsam ist diesen Varianten jedoch die schwierige Frage nach dem Zeitpunkt, ab dem externe Hilfe notwendig ist. Sind es k\u00f6rperliche Einschr\u00e4nkungen und \/ oder andere Limitierungen, die ein Leben alleine nicht mehr m\u00f6glich machen? Hier k\u00f6nnen Pflegeheime oder der behandelnde Arzt Rat und Unterst\u00fctzung bieten. Sehr oft ist die Entscheidung nicht nur f\u00fcr den Betroffenen ein schwerer Schritt, auch Angeh\u00f6rige k\u00f6nnen in Gewissenskonflikte geraten.<\/p>\n<h2>Unterschiedliche\u00a0Betreuungskonzepte<\/h2>\n<p>Unabh\u00e4ngig von den verschiedenen Optionen sollte jedoch <strong>rechtzeitig mit der Einarbeitung in das Thema Wohnen und Betreuung im Alter<\/strong> begonnen werden. Nicht nur die Wahl der zuk\u00fcnftigen Wohnsituation ist mit Sorgfalt zu treffen, vor allem die Kommunikation mit dem\/der Betroffenen ist ungemein wichtig. Verst\u00e4ndlicherweise bestehen bei den \u00e4lteren Personen oft \u00c4ngste und Sorgen, schlie\u00dflich ist dies ein wichtiger letzter Lebensabschnitt.<\/p>\n<\/div><div class=\"fusion-clearfix\"><\/div><\/div><\/div><\/div><\/div>\n","protected":false},"excerpt":{"rendered":"","protected":false},"author":1,"featured_media":0,"parent":2503,"menu_order":5,"comment_status":"closed","ping_status":"closed","template":"","meta":{"footnotes":""},"class_list":["post-2511","page","type-page","status-publish","hentry"],"yoast_head":"<!-- This site is optimized with the Yoast SEO plugin v27.4 - https:\/\/yoast.com\/product\/yoast-seo-wordpress\/ -->\n<title>Die schwierige Wahl der Wohn- und Betreuungsform &#187; 24hPflege.com - Serviceportal \u00d6sterreich<\/title>\n<meta name=\"robots\" content=\"index, follow, max-snippet:-1, max-image-preview:large, max-video-preview:-1\" \/>\n<link rel=\"canonical\" href=\"https:\/\/24hpflege.com\/at\/altenpflege\/wahl-wohn-betreuungsform\/\" \/>\n<meta property=\"og:locale\" content=\"de_DE\" \/>\n<meta property=\"og:type\" content=\"article\" \/>\n<meta property=\"og:title\" content=\"Die schwierige Wahl der Wohn- und Betreuungsform &#187; 24hPflege.com - Serviceportal \u00d6sterreich\" \/>\n<meta property=\"og:url\" content=\"https:\/\/24hpflege.com\/at\/altenpflege\/wahl-wohn-betreuungsform\/\" \/>\n<meta property=\"og:site_name\" content=\"24hPflege.com - Serviceportal \u00d6sterreich\" \/>\n<meta property=\"article:modified_time\" content=\"2017-01-04T16:57:05+00:00\" \/>\n<meta name=\"twitter:card\" content=\"summary_large_image\" \/>\n<meta name=\"twitter:label1\" content=\"Gesch\u00e4tzte Lesezeit\" \/>\n\t<meta name=\"twitter:data1\" content=\"2\u00a0Minuten\" \/>\n<script type=\"application\/ld+json\" class=\"yoast-schema-graph\">{\"@context\":\"https:\\\/\\\/schema.org\",\"@graph\":[{\"@type\":\"WebPage\",\"@id\":\"https:\\\/\\\/24hpflege.com\\\/at\\\/altenpflege\\\/wahl-wohn-betreuungsform\\\/\",\"url\":\"https:\\\/\\\/24hpflege.com\\\/at\\\/altenpflege\\\/wahl-wohn-betreuungsform\\\/\",\"name\":\"Die schwierige Wahl der Wohn- und Betreuungsform &#187; 24hPflege.com - Serviceportal \u00d6sterreich\",\"isPartOf\":{\"@id\":\"https:\\\/\\\/24hpflege.com\\\/at\\\/#website\"},\"datePublished\":\"2016-02-25T14:17:42+00:00\",\"dateModified\":\"2017-01-04T16:57:05+00:00\",\"breadcrumb\":{\"@id\":\"https:\\\/\\\/24hpflege.com\\\/at\\\/altenpflege\\\/wahl-wohn-betreuungsform\\\/#breadcrumb\"},\"inLanguage\":\"de\",\"potentialAction\":[{\"@type\":\"ReadAction\",\"target\":[\"https:\\\/\\\/24hpflege.com\\\/at\\\/altenpflege\\\/wahl-wohn-betreuungsform\\\/\"]}]},{\"@type\":\"BreadcrumbList\",\"@id\":\"https:\\\/\\\/24hpflege.com\\\/at\\\/altenpflege\\\/wahl-wohn-betreuungsform\\\/#breadcrumb\",\"itemListElement\":[{\"@type\":\"ListItem\",\"position\":1,\"name\":\"Wohnen und Betreuung im Alter\",\"item\":\"https:\\\/\\\/24hpflege.com\\\/at\\\/altenpflege\\\/\"},{\"@type\":\"ListItem\",\"position\":2,\"name\":\"Die schwierige Wahl der Wohn- und Betreuungsform\"}]},{\"@type\":\"WebSite\",\"@id\":\"https:\\\/\\\/24hpflege.com\\\/at\\\/#website\",\"url\":\"https:\\\/\\\/24hpflege.com\\\/at\\\/\",\"name\":\"24hPflege.com - Serviceportal \u00d6sterreich\",\"description\":\"Unabh\u00e4ngige Informationen und Tipps rund um das Thema 24h Pflege und Betreuung zu Hause.\",\"potentialAction\":[{\"@type\":\"SearchAction\",\"target\":{\"@type\":\"EntryPoint\",\"urlTemplate\":\"https:\\\/\\\/24hpflege.com\\\/at\\\/?s={search_term_string}\"},\"query-input\":{\"@type\":\"PropertyValueSpecification\",\"valueRequired\":true,\"valueName\":\"search_term_string\"}}],\"inLanguage\":\"de\"}]}<\/script>\n<!-- \/ Yoast SEO plugin. -->","yoast_head_json":{"title":"Die schwierige Wahl der Wohn- und Betreuungsform &#187; 24hPflege.com - Serviceportal \u00d6sterreich","robots":{"index":"index","follow":"follow","max-snippet":"max-snippet:-1","max-image-preview":"max-image-preview:large","max-video-preview":"max-video-preview:-1"},"canonical":"https:\/\/24hpflege.com\/at\/altenpflege\/wahl-wohn-betreuungsform\/","og_locale":"de_DE","og_type":"article","og_title":"Die schwierige Wahl der Wohn- und Betreuungsform &#187; 24hPflege.com - Serviceportal \u00d6sterreich","og_url":"https:\/\/24hpflege.com\/at\/altenpflege\/wahl-wohn-betreuungsform\/","og_site_name":"24hPflege.com - Serviceportal \u00d6sterreich","article_modified_time":"2017-01-04T16:57:05+00:00","twitter_card":"summary_large_image","twitter_misc":{"Gesch\u00e4tzte Lesezeit":"2\u00a0Minuten"},"schema":{"@context":"https:\/\/schema.org","@graph":[{"@type":"WebPage","@id":"https:\/\/24hpflege.com\/at\/altenpflege\/wahl-wohn-betreuungsform\/","url":"https:\/\/24hpflege.com\/at\/altenpflege\/wahl-wohn-betreuungsform\/","name":"Die schwierige Wahl der Wohn- und Betreuungsform &#187; 24hPflege.com - Serviceportal \u00d6sterreich","isPartOf":{"@id":"https:\/\/24hpflege.com\/at\/#website"},"datePublished":"2016-02-25T14:17:42+00:00","dateModified":"2017-01-04T16:57:05+00:00","breadcrumb":{"@id":"https:\/\/24hpflege.com\/at\/altenpflege\/wahl-wohn-betreuungsform\/#breadcrumb"},"inLanguage":"de","potentialAction":[{"@type":"ReadAction","target":["https:\/\/24hpflege.com\/at\/altenpflege\/wahl-wohn-betreuungsform\/"]}]},{"@type":"BreadcrumbList","@id":"https:\/\/24hpflege.com\/at\/altenpflege\/wahl-wohn-betreuungsform\/#breadcrumb","itemListElement":[{"@type":"ListItem","position":1,"name":"Wohnen und Betreuung im Alter","item":"https:\/\/24hpflege.com\/at\/altenpflege\/"},{"@type":"ListItem","position":2,"name":"Die schwierige Wahl der Wohn- und Betreuungsform"}]},{"@type":"WebSite","@id":"https:\/\/24hpflege.com\/at\/#website","url":"https:\/\/24hpflege.com\/at\/","name":"24hPflege.com - Serviceportal \u00d6sterreich","description":"Unabh\u00e4ngige Informationen und Tipps rund um das Thema 24h Pflege und Betreuung zu Hause.","potentialAction":[{"@type":"SearchAction","target":{"@type":"EntryPoint","urlTemplate":"https:\/\/24hpflege.com\/at\/?s={search_term_string}"},"query-input":{"@type":"PropertyValueSpecification","valueRequired":true,"valueName":"search_term_string"}}],"inLanguage":"de"}]}},"_links":{"self":[{"href":"https:\/\/24hpflege.com\/at\/wp-json\/wp\/v2\/pages\/2511","targetHints":{"allow":["GET"]}}],"collection":[{"href":"https:\/\/24hpflege.com\/at\/wp-json\/wp\/v2\/pages"}],"about":[{"href":"https:\/\/24hpflege.com\/at\/wp-json\/wp\/v2\/types\/page"}],"author":[{"embeddable":true,"href":"https:\/\/24hpflege.com\/at\/wp-json\/wp\/v2\/users\/1"}],"replies":[{"embeddable":true,"href":"https:\/\/24hpflege.com\/at\/wp-json\/wp\/v2\/comments?post=2511"}],"version-history":[{"count":4,"href":"https:\/\/24hpflege.com\/at\/wp-json\/wp\/v2\/pages\/2511\/revisions"}],"predecessor-version":[{"id":2903,"href":"https:\/\/24hpflege.com\/at\/wp-json\/wp\/v2\/pages\/2511\/revisions\/2903"}],"up":[{"embeddable":true,"href":"https:\/\/24hpflege.com\/at\/wp-json\/wp\/v2\/pages\/2503"}],"wp:attachment":[{"href":"https:\/\/24hpflege.com\/at\/wp-json\/wp\/v2\/media?parent=2511"}],"curies":[{"name":"wp","href":"https:\/\/api.w.org\/{rel}","templated":true}]}}