{"id":2512,"date":"2016-02-25T15:28:37","date_gmt":"2016-02-25T14:28:37","guid":{"rendered":"http:\/\/24hpflege.com\/at\/?page_id=2512"},"modified":"2017-01-03T17:32:17","modified_gmt":"2017-01-03T16:32:17","slug":"thema-betreuung-besprechen","status":"publish","type":"page","link":"https:\/\/24hpflege.com\/at\/altenpflege\/thema-betreuung-besprechen\/","title":{"rendered":"Thema Betreuung im Alter rechtzeitig kl\u00e4ren und besprechen"},"content":{"rendered":"<p>Eine gro\u00dfe Herausforderung f\u00fcr die Beteiligten kann das Thematisieren der bevorstehenden Situation der \u00e4lteren Person sein. Wann findet man als Angeh\u00f6rige den richtigen Zeitpunkt eventuelle Wohnangelegenheiten anzusprechen? Noch im gesunden Zustand oder erst sp\u00e4ter, wenn erste Hilfema\u00dfnahmen erkennbar werden? Dies m\u00fcssen die Beteiligten wohl am ehesten selbst entscheiden.<\/p>\n<p>Es empfiehlt sich jedoch ein paar Kernfragen besser fr\u00fcher als sp\u00e4ter anzusprechen:<\/p>\n<ul>\n<li>Welche W\u00fcnsche hat die betroffene Person bez\u00fcglich Wohn- und Betreuungsform im Bedarfsfall?<\/li>\n<li>Wie ist die Situation der Angeh\u00f6ren (\u00d6rtliche N\u00e4he, Zeitaufwand, \u2026)<\/li>\n<\/ul>\n<p>`Weitere Fragen:<\/p>\n<ul>\n<li>Ab wann ben\u00f6tigt die betroffene Person Unterst\u00fctzung?<\/li>\n<li>Welche Art der Pflegebetreuung ist im jeweiligen Fall notwendig?<\/li>\n<li>Welche\u00a0Betreuung wird gew\u00fcnscht und ist diese im eigenen Umfeld auch m\u00f6glich?<\/li>\n<li>Rahmenbedingungen gegeben?<\/li>\n<li>Wie ist der genaue Ablauf wenn der Pflegefall eintritt?<\/li>\n<li>Kann sich der Betroffene noch selbst versorgen?<\/li>\n<li>\u00dcberschreitet die Pflege des Patienten durch Angeh\u00f6rige deren physische und psychische Belastbarkeit?<\/li>\n<li>Besteht das Risiko des sozialen R\u00fcckzugs?<\/li>\n<li>Ist die Sicherheit des Betroffenen gef\u00e4hrdet?<\/li>\n<li>Ist Pflege zu Hause durch ambulante Dienste zu umfangreich geworden?<\/li>\n<li>Interessiert man sich f\u00fcr eine 24-Stunden-Betreuung, m\u00fcssen auch hier vorab einige Fragen von Angeh\u00f6rigen und Betroffenen gekl\u00e4rt werden:<\/li>\n<li>W\u00fcrde der Betroffene eine (noch) fremde Betreuerin bzw. (noch) fremden Betreuer akzeptieren?<\/li>\n<li>Kann f\u00fcr das Personal ein eigenes Zimmer in der Unterkunft des Betroffenen angeboten werden (Privatsph\u00e4re)?<\/li>\n<li>Ist die Finanzierung eines solchen Angebots m\u00f6glich?<\/li>\n<li>Braucht es und besteht Anspruch auf staatliche Unterst\u00fctzung?<\/li>\n<li>Findet man Pflegepersonal?<\/li>\n<\/ul>\n<p>&nbsp;<\/p>\n<p>Gr\u00fcnde, die Betroffene bewegen, sich f\u00fcr die Rund-um-die-Uhr-Betreuung zu Hause zu entscheiden:<\/p>\n<ul>\n<li>Man will so lange wie m\u00f6glich zu Hause bleiben<\/li>\n<li>Man will die gewohnte Umgebung nicht verlassen m\u00fcssen<\/li>\n<\/ul>\n","protected":false},"excerpt":{"rendered":"<p>Eine gro\u00dfe Herausforderung f\u00fcr die Beteiligten kann das Thematisieren der bevorstehenden Situation der \u00e4lteren Person sein. Wann findet man als Angeh\u00f6rige den richtigen Zeitpunkt eventuelle Wohnangelegenheiten anzusprechen? Noch im gesunden Zustand oder erst sp\u00e4ter, wenn erste Hilfema\u00dfnahmen erkennbar werden? Dies m\u00fcssen die Beteiligten wohl am ehesten selbst entscheiden. Es empfiehlt sich jedoch ein paar Kernfragen  [&#8230;]<\/p>\n","protected":false},"author":1,"featured_media":0,"parent":2503,"menu_order":3,"comment_status":"closed","ping_status":"closed","template":"","meta":{"footnotes":""},"class_list":["post-2512","page","type-page","status-publish","hentry"],"yoast_head":"<!-- This site is optimized with the Yoast SEO plugin v27.4 - https:\/\/yoast.com\/product\/yoast-seo-wordpress\/ -->\n<title>Thema Betreuung im Alter rechtzeitig kl\u00e4ren und besprechen &#187; 24hPflege.com - Serviceportal \u00d6sterreich<\/title>\n<meta name=\"robots\" content=\"index, follow, max-snippet:-1, max-image-preview:large, max-video-preview:-1\" \/>\n<link rel=\"canonical\" href=\"https:\/\/24hpflege.com\/at\/altenpflege\/thema-betreuung-besprechen\/\" \/>\n<meta property=\"og:locale\" content=\"de_DE\" \/>\n<meta property=\"og:type\" content=\"article\" \/>\n<meta property=\"og:title\" content=\"Thema Betreuung im Alter rechtzeitig kl\u00e4ren und besprechen &#187; 24hPflege.com - Serviceportal \u00d6sterreich\" \/>\n<meta property=\"og:description\" content=\"Eine gro\u00dfe Herausforderung f\u00fcr die Beteiligten kann das Thematisieren der bevorstehenden Situation der \u00e4lteren Person sein. Wann findet man als Angeh\u00f6rige den richtigen Zeitpunkt eventuelle Wohnangelegenheiten anzusprechen? Noch im gesunden Zustand oder erst sp\u00e4ter, wenn erste Hilfema\u00dfnahmen erkennbar werden? Dies m\u00fcssen die Beteiligten wohl am ehesten selbst entscheiden. Es empfiehlt sich jedoch ein paar Kernfragen [...]\" \/>\n<meta property=\"og:url\" content=\"https:\/\/24hpflege.com\/at\/altenpflege\/thema-betreuung-besprechen\/\" \/>\n<meta property=\"og:site_name\" content=\"24hPflege.com - Serviceportal \u00d6sterreich\" \/>\n<meta property=\"article:modified_time\" content=\"2017-01-03T16:32:17+00:00\" \/>\n<meta name=\"twitter:card\" content=\"summary_large_image\" \/>\n<meta name=\"twitter:label1\" content=\"Gesch\u00e4tzte Lesezeit\" \/>\n\t<meta name=\"twitter:data1\" content=\"1\u00a0Minute\" \/>\n<script type=\"application\/ld+json\" class=\"yoast-schema-graph\">{\"@context\":\"https:\\\/\\\/schema.org\",\"@graph\":[{\"@type\":\"WebPage\",\"@id\":\"https:\\\/\\\/24hpflege.com\\\/at\\\/altenpflege\\\/thema-betreuung-besprechen\\\/\",\"url\":\"https:\\\/\\\/24hpflege.com\\\/at\\\/altenpflege\\\/thema-betreuung-besprechen\\\/\",\"name\":\"Thema Betreuung im Alter rechtzeitig kl\u00e4ren und besprechen &#187; 24hPflege.com - Serviceportal \u00d6sterreich\",\"isPartOf\":{\"@id\":\"https:\\\/\\\/24hpflege.com\\\/at\\\/#website\"},\"datePublished\":\"2016-02-25T14:28:37+00:00\",\"dateModified\":\"2017-01-03T16:32:17+00:00\",\"breadcrumb\":{\"@id\":\"https:\\\/\\\/24hpflege.com\\\/at\\\/altenpflege\\\/thema-betreuung-besprechen\\\/#breadcrumb\"},\"inLanguage\":\"de\",\"potentialAction\":[{\"@type\":\"ReadAction\",\"target\":[\"https:\\\/\\\/24hpflege.com\\\/at\\\/altenpflege\\\/thema-betreuung-besprechen\\\/\"]}]},{\"@type\":\"BreadcrumbList\",\"@id\":\"https:\\\/\\\/24hpflege.com\\\/at\\\/altenpflege\\\/thema-betreuung-besprechen\\\/#breadcrumb\",\"itemListElement\":[{\"@type\":\"ListItem\",\"position\":1,\"name\":\"Wohnen und Betreuung im Alter\",\"item\":\"https:\\\/\\\/24hpflege.com\\\/at\\\/altenpflege\\\/\"},{\"@type\":\"ListItem\",\"position\":2,\"name\":\"Thema Betreuung im Alter rechtzeitig kl\u00e4ren und besprechen\"}]},{\"@type\":\"WebSite\",\"@id\":\"https:\\\/\\\/24hpflege.com\\\/at\\\/#website\",\"url\":\"https:\\\/\\\/24hpflege.com\\\/at\\\/\",\"name\":\"24hPflege.com - Serviceportal \u00d6sterreich\",\"description\":\"Unabh\u00e4ngige Informationen und Tipps rund um das Thema 24h Pflege und Betreuung zu Hause.\",\"potentialAction\":[{\"@type\":\"SearchAction\",\"target\":{\"@type\":\"EntryPoint\",\"urlTemplate\":\"https:\\\/\\\/24hpflege.com\\\/at\\\/?s={search_term_string}\"},\"query-input\":{\"@type\":\"PropertyValueSpecification\",\"valueRequired\":true,\"valueName\":\"search_term_string\"}}],\"inLanguage\":\"de\"}]}<\/script>\n<!-- \/ Yoast SEO plugin. -->","yoast_head_json":{"title":"Thema Betreuung im Alter rechtzeitig kl\u00e4ren und besprechen &#187; 24hPflege.com - Serviceportal \u00d6sterreich","robots":{"index":"index","follow":"follow","max-snippet":"max-snippet:-1","max-image-preview":"max-image-preview:large","max-video-preview":"max-video-preview:-1"},"canonical":"https:\/\/24hpflege.com\/at\/altenpflege\/thema-betreuung-besprechen\/","og_locale":"de_DE","og_type":"article","og_title":"Thema Betreuung im Alter rechtzeitig kl\u00e4ren und besprechen &#187; 24hPflege.com - Serviceportal \u00d6sterreich","og_description":"Eine gro\u00dfe Herausforderung f\u00fcr die Beteiligten kann das Thematisieren der bevorstehenden Situation der \u00e4lteren Person sein. Wann findet man als Angeh\u00f6rige den richtigen Zeitpunkt eventuelle Wohnangelegenheiten anzusprechen? Noch im gesunden Zustand oder erst sp\u00e4ter, wenn erste Hilfema\u00dfnahmen erkennbar werden? Dies m\u00fcssen die Beteiligten wohl am ehesten selbst entscheiden. Es empfiehlt sich jedoch ein paar Kernfragen [...]","og_url":"https:\/\/24hpflege.com\/at\/altenpflege\/thema-betreuung-besprechen\/","og_site_name":"24hPflege.com - Serviceportal \u00d6sterreich","article_modified_time":"2017-01-03T16:32:17+00:00","twitter_card":"summary_large_image","twitter_misc":{"Gesch\u00e4tzte Lesezeit":"1\u00a0Minute"},"schema":{"@context":"https:\/\/schema.org","@graph":[{"@type":"WebPage","@id":"https:\/\/24hpflege.com\/at\/altenpflege\/thema-betreuung-besprechen\/","url":"https:\/\/24hpflege.com\/at\/altenpflege\/thema-betreuung-besprechen\/","name":"Thema Betreuung im Alter rechtzeitig kl\u00e4ren und besprechen &#187; 24hPflege.com - Serviceportal \u00d6sterreich","isPartOf":{"@id":"https:\/\/24hpflege.com\/at\/#website"},"datePublished":"2016-02-25T14:28:37+00:00","dateModified":"2017-01-03T16:32:17+00:00","breadcrumb":{"@id":"https:\/\/24hpflege.com\/at\/altenpflege\/thema-betreuung-besprechen\/#breadcrumb"},"inLanguage":"de","potentialAction":[{"@type":"ReadAction","target":["https:\/\/24hpflege.com\/at\/altenpflege\/thema-betreuung-besprechen\/"]}]},{"@type":"BreadcrumbList","@id":"https:\/\/24hpflege.com\/at\/altenpflege\/thema-betreuung-besprechen\/#breadcrumb","itemListElement":[{"@type":"ListItem","position":1,"name":"Wohnen und Betreuung im Alter","item":"https:\/\/24hpflege.com\/at\/altenpflege\/"},{"@type":"ListItem","position":2,"name":"Thema Betreuung im Alter rechtzeitig kl\u00e4ren und besprechen"}]},{"@type":"WebSite","@id":"https:\/\/24hpflege.com\/at\/#website","url":"https:\/\/24hpflege.com\/at\/","name":"24hPflege.com - Serviceportal \u00d6sterreich","description":"Unabh\u00e4ngige Informationen und Tipps rund um das Thema 24h Pflege und Betreuung zu Hause.","potentialAction":[{"@type":"SearchAction","target":{"@type":"EntryPoint","urlTemplate":"https:\/\/24hpflege.com\/at\/?s={search_term_string}"},"query-input":{"@type":"PropertyValueSpecification","valueRequired":true,"valueName":"search_term_string"}}],"inLanguage":"de"}]}},"_links":{"self":[{"href":"https:\/\/24hpflege.com\/at\/wp-json\/wp\/v2\/pages\/2512","targetHints":{"allow":["GET"]}}],"collection":[{"href":"https:\/\/24hpflege.com\/at\/wp-json\/wp\/v2\/pages"}],"about":[{"href":"https:\/\/24hpflege.com\/at\/wp-json\/wp\/v2\/types\/page"}],"author":[{"embeddable":true,"href":"https:\/\/24hpflege.com\/at\/wp-json\/wp\/v2\/users\/1"}],"replies":[{"embeddable":true,"href":"https:\/\/24hpflege.com\/at\/wp-json\/wp\/v2\/comments?post=2512"}],"version-history":[{"count":1,"href":"https:\/\/24hpflege.com\/at\/wp-json\/wp\/v2\/pages\/2512\/revisions"}],"predecessor-version":[{"id":2629,"href":"https:\/\/24hpflege.com\/at\/wp-json\/wp\/v2\/pages\/2512\/revisions\/2629"}],"up":[{"embeddable":true,"href":"https:\/\/24hpflege.com\/at\/wp-json\/wp\/v2\/pages\/2503"}],"wp:attachment":[{"href":"https:\/\/24hpflege.com\/at\/wp-json\/wp\/v2\/media?parent=2512"}],"curies":[{"name":"wp","href":"https:\/\/api.w.org\/{rel}","templated":true}]}}