{"id":28,"date":"2015-08-16T09:55:24","date_gmt":"2015-08-16T07:55:24","guid":{"rendered":"http:\/\/24hpflege.com\/at\/?page_id=28"},"modified":"2016-12-07T14:27:57","modified_gmt":"2016-12-07T13:27:57","slug":"ablauf","status":"publish","type":"page","link":"https:\/\/24hpflege.com\/at\/24h-betreuung\/ablauf\/","title":{"rendered":"Ablauf 24h Betreuung"},"content":{"rendered":"<div class=\"fusion-fullwidth fullwidth-box fusion-builder-row-1 nonhundred-percent-fullwidth non-hundred-percent-height-scrolling\" style=\"--awb-border-radius-top-left:0px;--awb-border-radius-top-right:0px;--awb-border-radius-bottom-right:0px;--awb-border-radius-bottom-left:0px;--awb-padding-top:00px;--awb-padding-bottom:20px;--awb-flex-wrap:wrap;\" ><div class=\"fusion-builder-row fusion-row\"><div class=\"fusion-layout-column fusion_builder_column fusion-builder-column-0 fusion_builder_column_1_1 1_1 fusion-one-full fusion-column-first fusion-column-last\" style=\"--awb-bg-size:cover;\"><div class=\"fusion-column-wrapper fusion-flex-column-wrapper-legacy\"><ul style=\"--awb-size:12px;--awb-line-height:20.4px;--awb-icon-width:20.4px;--awb-icon-height:20.4px;--awb-icon-margin:8.4px;--awb-content-margin:28.8px;--awb-circlecolor:#00bcd4;--awb-circle-yes-font-size:10.56px;\" class=\"fusion-checklist fusion-checklist-1 fusion-checklist-default type-icons\"><li class=\"fusion-li-item\" style=\"\"><span class=\"icon-wrapper circle-yes\"><i class=\"fusion-li-icon fa fa-arrow-right\" aria-hidden=\"true\"><\/i><\/span><div class=\"fusion-li-item-content\">\n<p>Zu allererst sollten sie mit der\/dem Pflegebed\u00fcrftige\/n kl\u00e4ren, <strong>welche Betreuungs- und Wohnsituation<\/strong> in Frage kommt.<\/p>\n<\/div><\/li><li class=\"fusion-li-item\" style=\"\"><span class=\"icon-wrapper circle-yes\"><i class=\"fusion-li-icon fa fa-arrow-right\" aria-hidden=\"true\"><\/i><\/span><div class=\"fusion-li-item-content\">\n<p>Sollen die <strong>Leistungen einer 24h-Stunden-Betreuung<\/strong> in Anspruch genommen werden, pr\u00fcfen, ob die Voraussetzungen gegeben sind.<br \/>\n&#8211; Finanzierung (Welche Mittel stehen in Summe zur Verf\u00fcgung? Pension, etc.<br \/>\n&#8211; Pflegegeld: Pflegestufe pr\u00fcfen, bzw. einreichen. <strong>Mindeststens Stufe 3<\/strong> muss gegeben sein, um Pflegegeld vom Staat zu erhalten<br \/>\n&#8211; Ist f\u00fcr das <strong>Personal ein Privatbereich<\/strong>, also ein eigenes Zimmer vorhanden?<br \/>\n&#8211; Ist es f\u00fcr die zu betreuende Person in Ordnung, dass eine (noch) fremde Person\/en zu ihr zieht (durch Abwechslung sind es zwei Personen) und von dieser auch betreut wird (diesen Punkt auf keinen Fall untersch\u00e4tzen!)?<\/p>\n<\/div><\/li><li class=\"fusion-li-item\" style=\"\"><span class=\"icon-wrapper circle-yes\"><i class=\"fusion-li-icon fa fa-arrow-right\" aria-hidden=\"true\"><\/i><\/span><div class=\"fusion-li-item-content\">\n<p>Personenbetreuer suchen, bzw. Vermittlungsagentur kontaktieren<\/p>\n<\/div><\/li><li class=\"fusion-li-item\" style=\"\"><span class=\"icon-wrapper circle-yes\"><i class=\"fusion-li-icon fa fa-arrow-right\" aria-hidden=\"true\"><\/i><\/span><div class=\"fusion-li-item-content\">\n<p><strong>Pers\u00f6nliche Termine vor Ort mit den Betreuern oder Kontaktpersonen der Agenturen<\/strong> durchf\u00fchren. Hier werden sie genau \u00fcber die Leistungen und Kosten der 24-Stunden-Pflege informiert und aufgekl\u00e4rt. Die Angebote der Agenturen k\u00f6nnen im Umfang und Preis leicht unterschiedlich sein. <strong>Vergleichen sie die Angebote<\/strong> und pr\u00fcfen sie diese anhand unserer Checkliste. Unser Tipp: Lassen sie nicht den Preis als wichtigstes Kriterium entscheiden. <strong>Vermeintlich (zu) g\u00fcnstige Angebote doppelt pr\u00fcfen!<\/strong><\/p>\n<\/div><\/li><li class=\"fusion-li-item\" style=\"\"><span class=\"icon-wrapper circle-yes\"><i class=\"fusion-li-icon fa fa-arrow-right\" aria-hidden=\"true\"><\/i><\/span><div class=\"fusion-li-item-content\">\n<p>Betreuungsvertrag mit Vermittlungsagentur und Personenbetreuern unterschreiben.<\/p>\n<\/div><\/li><li class=\"fusion-li-item\" style=\"\"><span class=\"icon-wrapper circle-yes\"><i class=\"fusion-li-icon fa fa-arrow-right\" aria-hidden=\"true\"><\/i><\/span><div class=\"fusion-li-item-content\">\n<p><strong>F\u00f6rderungen ansuchen<\/strong>, hierbei sollte ihnen in der Regel die <strong>Agentur behilflich<\/strong> sein.<\/p>\n<\/div><\/li><li class=\"fusion-li-item\" style=\"\"><span class=\"icon-wrapper circle-yes\"><i class=\"fusion-li-icon fa fa-arrow-right\" aria-hidden=\"true\"><\/i><\/span><div class=\"fusion-li-item-content\">\n<p>Zimmer\/Unterkunft f\u00fcr die Betreuungsperson vorbereiten.<\/p>\n<\/div><\/li><\/ul><div class=\"fusion-clearfix\"><\/div><\/div><\/div><\/div><\/div>\n","protected":false},"excerpt":{"rendered":"","protected":false},"author":1,"featured_media":0,"parent":18,"menu_order":5,"comment_status":"closed","ping_status":"closed","template":"","meta":{"footnotes":""},"class_list":["post-28","page","type-page","status-publish","hentry"],"yoast_head":"<!-- This site is optimized with the Yoast SEO plugin v27.4 - https:\/\/yoast.com\/product\/yoast-seo-wordpress\/ -->\n<title>Ablauf 24h Betreuung &#187; 24hPflege.com - Serviceportal \u00d6sterreich<\/title>\n<meta name=\"robots\" content=\"index, follow, max-snippet:-1, max-image-preview:large, max-video-preview:-1\" \/>\n<link rel=\"canonical\" href=\"https:\/\/24hpflege.com\/at\/24h-betreuung\/ablauf\/\" \/>\n<meta property=\"og:locale\" content=\"de_DE\" \/>\n<meta property=\"og:type\" content=\"article\" \/>\n<meta property=\"og:title\" content=\"Ablauf 24h Betreuung &#187; 24hPflege.com - Serviceportal \u00d6sterreich\" \/>\n<meta property=\"og:url\" content=\"https:\/\/24hpflege.com\/at\/24h-betreuung\/ablauf\/\" \/>\n<meta property=\"og:site_name\" content=\"24hPflege.com - Serviceportal \u00d6sterreich\" \/>\n<meta property=\"article:modified_time\" content=\"2016-12-07T13:27:57+00:00\" \/>\n<meta name=\"twitter:card\" content=\"summary_large_image\" \/>\n<meta name=\"twitter:label1\" content=\"Gesch\u00e4tzte Lesezeit\" \/>\n\t<meta name=\"twitter:data1\" content=\"2\u00a0Minuten\" \/>\n<script type=\"application\/ld+json\" class=\"yoast-schema-graph\">{\"@context\":\"https:\\\/\\\/schema.org\",\"@graph\":[{\"@type\":\"WebPage\",\"@id\":\"https:\\\/\\\/24hpflege.com\\\/at\\\/24h-betreuung\\\/ablauf\\\/\",\"url\":\"https:\\\/\\\/24hpflege.com\\\/at\\\/24h-betreuung\\\/ablauf\\\/\",\"name\":\"Ablauf 24h Betreuung &#187; 24hPflege.com - Serviceportal \u00d6sterreich\",\"isPartOf\":{\"@id\":\"https:\\\/\\\/24hpflege.com\\\/at\\\/#website\"},\"datePublished\":\"2015-08-16T07:55:24+00:00\",\"dateModified\":\"2016-12-07T13:27:57+00:00\",\"breadcrumb\":{\"@id\":\"https:\\\/\\\/24hpflege.com\\\/at\\\/24h-betreuung\\\/ablauf\\\/#breadcrumb\"},\"inLanguage\":\"de\",\"potentialAction\":[{\"@type\":\"ReadAction\",\"target\":[\"https:\\\/\\\/24hpflege.com\\\/at\\\/24h-betreuung\\\/ablauf\\\/\"]}]},{\"@type\":\"BreadcrumbList\",\"@id\":\"https:\\\/\\\/24hpflege.com\\\/at\\\/24h-betreuung\\\/ablauf\\\/#breadcrumb\",\"itemListElement\":[{\"@type\":\"ListItem\",\"position\":1,\"name\":\"24 Stunden Betreuung\",\"item\":\"https:\\\/\\\/24hpflege.com\\\/at\\\/24h-betreuung\\\/\"},{\"@type\":\"ListItem\",\"position\":2,\"name\":\"Ablauf 24h Betreuung\"}]},{\"@type\":\"WebSite\",\"@id\":\"https:\\\/\\\/24hpflege.com\\\/at\\\/#website\",\"url\":\"https:\\\/\\\/24hpflege.com\\\/at\\\/\",\"name\":\"24hPflege.com - Serviceportal \u00d6sterreich\",\"description\":\"Unabh\u00e4ngige Informationen und Tipps rund um das Thema 24h Pflege und Betreuung zu Hause.\",\"potentialAction\":[{\"@type\":\"SearchAction\",\"target\":{\"@type\":\"EntryPoint\",\"urlTemplate\":\"https:\\\/\\\/24hpflege.com\\\/at\\\/?s={search_term_string}\"},\"query-input\":{\"@type\":\"PropertyValueSpecification\",\"valueRequired\":true,\"valueName\":\"search_term_string\"}}],\"inLanguage\":\"de\"}]}<\/script>\n<!-- \/ Yoast SEO plugin. -->","yoast_head_json":{"title":"Ablauf 24h Betreuung &#187; 24hPflege.com - Serviceportal \u00d6sterreich","robots":{"index":"index","follow":"follow","max-snippet":"max-snippet:-1","max-image-preview":"max-image-preview:large","max-video-preview":"max-video-preview:-1"},"canonical":"https:\/\/24hpflege.com\/at\/24h-betreuung\/ablauf\/","og_locale":"de_DE","og_type":"article","og_title":"Ablauf 24h Betreuung &#187; 24hPflege.com - Serviceportal \u00d6sterreich","og_url":"https:\/\/24hpflege.com\/at\/24h-betreuung\/ablauf\/","og_site_name":"24hPflege.com - Serviceportal \u00d6sterreich","article_modified_time":"2016-12-07T13:27:57+00:00","twitter_card":"summary_large_image","twitter_misc":{"Gesch\u00e4tzte Lesezeit":"2\u00a0Minuten"},"schema":{"@context":"https:\/\/schema.org","@graph":[{"@type":"WebPage","@id":"https:\/\/24hpflege.com\/at\/24h-betreuung\/ablauf\/","url":"https:\/\/24hpflege.com\/at\/24h-betreuung\/ablauf\/","name":"Ablauf 24h Betreuung &#187; 24hPflege.com - Serviceportal \u00d6sterreich","isPartOf":{"@id":"https:\/\/24hpflege.com\/at\/#website"},"datePublished":"2015-08-16T07:55:24+00:00","dateModified":"2016-12-07T13:27:57+00:00","breadcrumb":{"@id":"https:\/\/24hpflege.com\/at\/24h-betreuung\/ablauf\/#breadcrumb"},"inLanguage":"de","potentialAction":[{"@type":"ReadAction","target":["https:\/\/24hpflege.com\/at\/24h-betreuung\/ablauf\/"]}]},{"@type":"BreadcrumbList","@id":"https:\/\/24hpflege.com\/at\/24h-betreuung\/ablauf\/#breadcrumb","itemListElement":[{"@type":"ListItem","position":1,"name":"24 Stunden Betreuung","item":"https:\/\/24hpflege.com\/at\/24h-betreuung\/"},{"@type":"ListItem","position":2,"name":"Ablauf 24h Betreuung"}]},{"@type":"WebSite","@id":"https:\/\/24hpflege.com\/at\/#website","url":"https:\/\/24hpflege.com\/at\/","name":"24hPflege.com - Serviceportal \u00d6sterreich","description":"Unabh\u00e4ngige Informationen und Tipps rund um das Thema 24h Pflege und Betreuung zu Hause.","potentialAction":[{"@type":"SearchAction","target":{"@type":"EntryPoint","urlTemplate":"https:\/\/24hpflege.com\/at\/?s={search_term_string}"},"query-input":{"@type":"PropertyValueSpecification","valueRequired":true,"valueName":"search_term_string"}}],"inLanguage":"de"}]}},"_links":{"self":[{"href":"https:\/\/24hpflege.com\/at\/wp-json\/wp\/v2\/pages\/28","targetHints":{"allow":["GET"]}}],"collection":[{"href":"https:\/\/24hpflege.com\/at\/wp-json\/wp\/v2\/pages"}],"about":[{"href":"https:\/\/24hpflege.com\/at\/wp-json\/wp\/v2\/types\/page"}],"author":[{"embeddable":true,"href":"https:\/\/24hpflege.com\/at\/wp-json\/wp\/v2\/users\/1"}],"replies":[{"embeddable":true,"href":"https:\/\/24hpflege.com\/at\/wp-json\/wp\/v2\/comments?post=28"}],"version-history":[{"count":10,"href":"https:\/\/24hpflege.com\/at\/wp-json\/wp\/v2\/pages\/28\/revisions"}],"predecessor-version":[{"id":2767,"href":"https:\/\/24hpflege.com\/at\/wp-json\/wp\/v2\/pages\/28\/revisions\/2767"}],"up":[{"embeddable":true,"href":"https:\/\/24hpflege.com\/at\/wp-json\/wp\/v2\/pages\/18"}],"wp:attachment":[{"href":"https:\/\/24hpflege.com\/at\/wp-json\/wp\/v2\/media?parent=28"}],"curies":[{"name":"wp","href":"https:\/\/api.w.org\/{rel}","templated":true}]}}