{"id":30,"date":"2015-08-16T09:55:39","date_gmt":"2015-08-16T07:55:39","guid":{"rendered":"http:\/\/24hpflege.com\/at\/?page_id=30"},"modified":"2017-01-05T14:49:00","modified_gmt":"2017-01-05T13:49:00","slug":"faqs","status":"publish","type":"page","link":"https:\/\/24hpflege.com\/at\/ratgeber-service\/faqs\/","title":{"rendered":"FAQs &#8211; H\u00e4ufige Fragen"},"content":{"rendered":"<p><div class=\"fusion-fullwidth fullwidth-box fusion-builder-row-1 nonhundred-percent-fullwidth non-hundred-percent-height-scrolling\" style=\"--awb-border-radius-top-left:0px;--awb-border-radius-top-right:0px;--awb-border-radius-bottom-right:0px;--awb-border-radius-bottom-left:0px;--awb-flex-wrap:wrap;\" ><div class=\"fusion-builder-row fusion-row\"><div class=\"fusion-layout-column fusion_builder_column fusion-builder-column-0 fusion_builder_column_1_1 1_1 fusion-one-full fusion-column-first fusion-column-last\" style=\"--awb-bg-size:cover;--awb-margin-top:0px;\"><div class=\"fusion-column-wrapper fusion-flex-column-wrapper-legacy\"><div class=\"fusion-text fusion-text-1\"><p>Tipps und Antworten auf viele Fragen\u00a0zum Thema 24 Stunden Betreuung. Die Liste wird laufend\u00a0erweitert.<\/p>\n<hr \/>\n<\/div><div class=\"fusion-clearfix\"><\/div><\/div><\/div><\/div><\/div><div class=\"fusion-fullwidth fullwidth-box fusion-builder-row-2 hundred-percent-fullwidth non-hundred-percent-height-scrolling\" style=\"--awb-border-radius-top-left:0px;--awb-border-radius-top-right:0px;--awb-border-radius-bottom-right:0px;--awb-border-radius-bottom-left:0px;--awb-overflow:visible;--awb-flex-wrap:wrap;\" ><div class=\"fusion-builder-row fusion-row\"><div class=\"fusion-layout-column fusion_builder_column fusion-builder-column-1 fusion_builder_column_1_1 1_1 fusion-one-full fusion-column-first fusion-column-last fusion-column-no-min-height\" style=\"--awb-bg-size:cover;--awb-margin-top:0px;\"><div class=\"fusion-column-wrapper fusion-flex-column-wrapper-legacy\"><style type=\"text\/css\">.fusion-faqs-wrapper #accordian-1 .fusion-panel { border-color:#e0dede; }.fusion-faqs-wrapper #accordian-1 .fusion-panel:hover{ border-color: #e0dede; }.fusion-accordian #accordian-1 .panel-title a .fa-fusion-box:before{ font-size: 13px;width: 13px;}.fusion-accordian #accordian-1 .panel-title a .fa-fusion-box{ color: #ffffff;}.fusion-accordian  #accordian-1 .panel-title a{font-family:\"Roboto\";font-style:normal;font-weight:300;}.fusion-accordian  #accordian-1 .panel-title a:not(:hover){}.fusion-accordian  #accordian-1 .toggle-content{font-family:\"Roboto\";font-style:normal;font-weight:300;}.fusion-accordian #accordian-1 .fa-fusion-box { background-color: #333333 !important;border-color: #333333 !important;}.fusion-accordian #accordian-1 .panel-title a:hover,.fusion-accordian #accordian-1 .panel-title a.hover { color: #02aac4;}.fusion-faq-shortcode .fusion-accordian #accordian-1 .fusion-toggle-boxed-mode:hover .panel-title a { color: #02aac4;}.fusion-accordian #accordian-1 .panel-title .active .fa-fusion-box,.fusion-accordian #accordian-1 .panel-title a:hover .fa-fusion-box,.fusion-accordian #accordian-1 .panel-title a.hover .fa-fusion-box { background-color: #02aac4!important;border-color: #02aac4!important;}<\/style><div class=\"fusion-faq-shortcode\" style=\"\"><ul role=\"menu\" class=\"fusion-filters clearfix\"><li role=\"presentation\" class=\"fusion-filter fusion-filter-all fusion-active\"><a role=\"menuitem\" data-filter=\"*\" href=\"#\">Alle<\/a><\/li><li role=\"presentation\" class=\"fusion-filter fusion-hidden\"><a role=\"menuitem\" data-filter=\".agentur\" href=\"#\">Agentur \/ Vermittler<\/a><\/li><li role=\"presentation\" class=\"fusion-filter fusion-hidden\"><a role=\"menuitem\" data-filter=\".allgemein-1\" href=\"#\">Allgemein<\/a><\/li><li role=\"presentation\" class=\"fusion-filter fusion-hidden\"><a role=\"menuitem\" data-filter=\".angehoerige\" href=\"#\">Angeh\u00f6rige<\/a><\/li><li role=\"presentation\" class=\"fusion-filter fusion-hidden\"><a role=\"menuitem\" data-filter=\".finanzielles\" href=\"#\">Finanzielles<\/a><\/li><li role=\"presentation\" class=\"fusion-filter fusion-hidden\"><a role=\"menuitem\" data-filter=\".pflege\" href=\"#\">Pflege<\/a><\/li><li role=\"presentation\" class=\"fusion-filter fusion-hidden\"><a role=\"menuitem\" data-filter=\".vor-der-betreuung\" href=\"#\">Vor der Betreuung<\/a><\/li><\/ul><div class=\"fusion-faqs-wrapper\"><div class=\"accordian fusion-accordian\"><div class=\"panel-group \" id=\"accordian-1\"><div class=\"fusion-panel panel-default fusion-faq-post fusion-faq-post-3004 agentur \"><div class=\"panel-heading\"><h4 id=\"faq_1-3004\" class=\"panel-title toggle\"><a data-toggle=\"collapse\" class=\"collapsed\" data-parent=\"#accordian-1\" data-target=\"#collapse-1-3004\" href=\"#collapse-1-3004\" aria-expanded=\"false\"><div class=\"fusion-toggle-icon-wrapper\"><div class=\"fusion-toggle-icon-wrapper-main\"><div class=\"fusion-toggle-icon-wrapper-sub\"><i class=\"fa-fusion-box active-icon awb-icon-minus\" aria-hidden=\"true\"><\/i><i class=\"fa-fusion-box inactive-icon awb-icon-plus\" aria-hidden=\"true\"><\/i><\/div><\/div><\/div><div class=\"fusion-toggle-heading\">Welche Leistungen erbringt eine Vermittlungsagentur?<\/div><\/a><\/h4><\/div><div id=\"collapse-1-3004\" aria-labelledby=\"faq_1-3004\" class=\"panel-collapse collapse\"><div class=\"panel-body toggle-content post-content\"><p>Im Wesentlichen wird f\u00fcr ihren Betreuungsfall ein\/e PersonenbetreuerIn organisiert.<\/p>\n<p>Die Leistungen einer Agentur sollten beinhalten:<\/p>\n<ul>\n<li>Aufnahme der Daten der zu betreuenden Person.<\/li>\n<li>Vorabtermin vor Ort um Aufgaben, Leistungen und Kosten zu kl\u00e4ren.<\/li>\n<li>Vertragserstellung zwischen Auftraggeber (zb. pflegebed\u00fcrftige Person) und Agentur\u00a0und zwischen Agentur und Pflegepersonal.<\/li>\n<li>Organisation von Betreuungspersonal.<\/li>\n<li>Entsendung der Betreuungsperson zur pflegebed\u00fcrftigen Person.<\/li>\n<li>Organisation von Wechselrythmus des Betreuungspersonals.<\/li>\n<li>Organisation der Transporte des Betreuungspersonals zum\/vom AuftraggeberIn.<\/li>\n<li>Alle erforderlichen beh\u00f6rdlichen An\/Abmeldungen des Personals bei SV, Wirtschaftskammer und Finanzamt.<\/li>\n<li>Laufende Pr\u00fcfung der ordnungsgem\u00e4\u00dfen Durchf\u00fchrung der Betreuung<\/li>\n<li>Hilfestellung bei Problemen in der Zusammenarbeit zwischen Personal und Betreuungsfall.<\/li>\n<\/ul>\n<\/div><\/div><\/div><div class=\"fusion-panel panel-default fusion-faq-post fusion-faq-post-2622 allgemein-1 vor-der-betreuung \"><div class=\"panel-heading\"><h4 id=\"faq_1-2622\" class=\"panel-title toggle\"><a data-toggle=\"collapse\" class=\"collapsed\" data-parent=\"#accordian-1\" data-target=\"#collapse-1-2622\" href=\"#collapse-1-2622\" aria-expanded=\"false\"><div class=\"fusion-toggle-icon-wrapper\"><div class=\"fusion-toggle-icon-wrapper-main\"><div class=\"fusion-toggle-icon-wrapper-sub\"><i class=\"fa-fusion-box active-icon awb-icon-minus\" aria-hidden=\"true\"><\/i><i class=\"fa-fusion-box inactive-icon awb-icon-plus\" aria-hidden=\"true\"><\/i><\/div><\/div><\/div><div class=\"fusion-toggle-heading\">Welche Betreuungsm\u00f6glichkeiten gibt es?<\/div><\/a><\/h4><\/div><div id=\"collapse-1-2622\" aria-labelledby=\"faq_1-2622\" class=\"panel-collapse collapse\"><div class=\"panel-body toggle-content post-content\"><p>Spricht man von 24h Pflege oder 24h Betreuung, ist in der Regel von einer sogenannten Langzeit-Pflege die Rede. Das hei\u00dft, das Betreuungspersonal \u00fcbernimmt f\u00fcr einen unbefristeten Zeitraum die Betreuung einer zu pflegenden Person.<br \/>\nWeiters gibt es auch die Leistung einer Kurzzeit-Pflege, Urlaubsvertretung oder eine stundenweise Betreuung.<\/p>\n<p>Weitere Informationen unter <a href=\"http:\/\/24hpflege.com\/at\/24-stunden-betreuung\/arten-der-24-stunden-betreuung\/\">Arten der 24-Stunden Betreuung<\/a><\/p>\n<\/div><\/div><\/div><div class=\"fusion-panel panel-default fusion-faq-post fusion-faq-post-2621 agentur vor-der-betreuung \"><div class=\"panel-heading\"><h4 id=\"faq_1-2621\" class=\"panel-title toggle\"><a data-toggle=\"collapse\" class=\"collapsed\" data-parent=\"#accordian-1\" data-target=\"#collapse-1-2621\" href=\"#collapse-1-2621\" aria-expanded=\"false\"><div class=\"fusion-toggle-icon-wrapper\"><div class=\"fusion-toggle-icon-wrapper-main\"><div class=\"fusion-toggle-icon-wrapper-sub\"><i class=\"fa-fusion-box active-icon awb-icon-minus\" aria-hidden=\"true\"><\/i><i class=\"fa-fusion-box inactive-icon awb-icon-plus\" aria-hidden=\"true\"><\/i><\/div><\/div><\/div><div class=\"fusion-toggle-heading\">Wie kann ich eine Vermittlungsagentur auf Seriosit\u00e4t pr\u00fcfen?<\/div><\/a><\/h4><\/div><div id=\"collapse-1-2621\" aria-labelledby=\"faq_1-2621\" class=\"panel-collapse collapse\"><div class=\"panel-body toggle-content post-content\"><p>Sie k\u00f6nnen vorab die angebotenen Informationen der Agentur pr\u00fcfen. Besuchen sie die Website und versuchen sie zwischen den Zeilen zu lesen. Wenn ihnen die Agentur z.B. die g\u00fcnstigsten Preise und Angebote am Markt verspricht, sollten die Alarmglocken l\u00e4uten.<\/p>\n<ul>\n<li>Wo ist die Firma registriert?<\/li>\n<li>Wie transparent und offen werden Gesch\u00e4ftsbedingungen, Preise und Leistungen kommuniziert?<\/li>\n<li>Seit wie vielen Jahren ist die Agentur schon t\u00e4tig?<\/li>\n<li>Wird ein pers\u00f6nlicher Termin angeboten?<\/li>\n<li>Wie lange arbeiten die BetreuerInnen schon f\u00fcr die Agentur?<\/li>\n<li>Haben sie einen pers\u00f6nlichen Ansprechpartner?<\/li>\n<li>Wie werden BetreuerInnen entlohnt?<\/li>\n<li>Wer erledigt (und garantiert?) ordnungsgem\u00e4\u00dfe Anmeldungen (Personal, F\u00f6rderungen, Steuern, usw)?<\/li>\n<\/ul>\n<\/div><\/div><\/div><div class=\"fusion-panel panel-default fusion-faq-post fusion-faq-post-2561 agentur allgemein-1 \"><div class=\"panel-heading\"><h4 id=\"faq_1-2561\" class=\"panel-title toggle\"><a data-toggle=\"collapse\" class=\"collapsed\" data-parent=\"#accordian-1\" data-target=\"#collapse-1-2561\" href=\"#collapse-1-2561\" aria-expanded=\"false\"><div class=\"fusion-toggle-icon-wrapper\"><div class=\"fusion-toggle-icon-wrapper-main\"><div class=\"fusion-toggle-icon-wrapper-sub\"><i class=\"fa-fusion-box active-icon awb-icon-minus\" aria-hidden=\"true\"><\/i><i class=\"fa-fusion-box inactive-icon awb-icon-plus\" aria-hidden=\"true\"><\/i><\/div><\/div><\/div><div class=\"fusion-toggle-heading\">Wie komme ich zu Betreuungspersonal?<\/div><\/a><\/h4><\/div><div id=\"collapse-1-2561\" aria-labelledby=\"faq_1-2561\" class=\"panel-collapse collapse\"><div class=\"panel-body toggle-content post-content\"><p>Eventuell hat in ihrem erweiteten Umfeld schon jemand die Leistungen einer 24h Personenbetreuung in Anspruch genommen? Hier k\u00f6nnten sie auf Erfahrungswerte zur\u00fcckgreifen.<\/p>\n<p>Sollten sie keine Kontakte haben, empfiehlt sich die Dienstleistung einer Vermittlungsagentur. Diese hilft ihnen, die Betreuung zu organisieren, F\u00f6rderungen einzureichen und k\u00fcmmert sich um die gesamte Abwicklung.<\/p>\n<\/div><\/div><\/div><div class=\"fusion-panel panel-default fusion-faq-post fusion-faq-post-2557 finanzielles \"><div class=\"panel-heading\"><h4 id=\"faq_1-2557\" class=\"panel-title toggle\"><a data-toggle=\"collapse\" class=\"collapsed\" data-parent=\"#accordian-1\" data-target=\"#collapse-1-2557\" href=\"#collapse-1-2557\" aria-expanded=\"false\"><div class=\"fusion-toggle-icon-wrapper\"><div class=\"fusion-toggle-icon-wrapper-main\"><div class=\"fusion-toggle-icon-wrapper-sub\"><i class=\"fa-fusion-box active-icon awb-icon-minus\" aria-hidden=\"true\"><\/i><i class=\"fa-fusion-box inactive-icon awb-icon-plus\" aria-hidden=\"true\"><\/i><\/div><\/div><\/div><div class=\"fusion-toggle-heading\">Was kostet 24h Betreuung?<\/div><\/a><\/h4><\/div><div id=\"collapse-1-2557\" aria-labelledby=\"faq_1-2557\" class=\"panel-collapse collapse\"><div class=\"panel-body toggle-content post-content\"><p>Die Kosten f\u00fcr eine 24 Stunden Betreuung sind sehr individuell und h\u00e4ngen von verschiedenen Faktoren ab. Vor allem der <strong>tats\u00e4chliche Pflegeaufwand<\/strong> der zu betreuuenden Person ist entscheidend, danach richtet sich der erforderliche Qualifikationsbedarf des Personals.<\/p>\n<ul>\n<li>Honorar des\u00a0Personals<\/li>\n<li>Vermittlungs, bzw. Servicekosten der Agenturen<\/li>\n<li>Fahrtkosten der PersonenbetreuerInnen<\/li>\n<li>Sachaufwendungen<\/li>\n<li>Kost und Logis<\/li>\n<\/ul>\n<p>Weiter Informationen finden sie unter: <a href=\"http:\/\/24hpflege.com\/at\/24-stunden-betreuung\/kosten-finanzierung\/\">Kosten &amp; Finanzierung<\/a><\/p>\n<\/div><\/div><\/div><div class=\"fusion-panel panel-default fusion-faq-post fusion-faq-post-2555 allgemein-1 \"><div class=\"panel-heading\"><h4 id=\"faq_1-2555\" class=\"panel-title toggle\"><a data-toggle=\"collapse\" class=\"collapsed\" data-parent=\"#accordian-1\" data-target=\"#collapse-1-2555\" href=\"#collapse-1-2555\" aria-expanded=\"false\"><div class=\"fusion-toggle-icon-wrapper\"><div class=\"fusion-toggle-icon-wrapper-main\"><div class=\"fusion-toggle-icon-wrapper-sub\"><i class=\"fa-fusion-box active-icon awb-icon-minus\" aria-hidden=\"true\"><\/i><i class=\"fa-fusion-box inactive-icon awb-icon-plus\" aria-hidden=\"true\"><\/i><\/div><\/div><\/div><div class=\"fusion-toggle-heading\">Wer beauftragt 24h Pflege?<\/div><\/a><\/h4><\/div><div id=\"collapse-1-2555\" aria-labelledby=\"faq_1-2555\" class=\"panel-collapse collapse\"><div class=\"panel-body toggle-content post-content\"><p>In den meisten F\u00e4llen wird 24 Stunden Betreuung von direkten Angeh\u00f6rigen initiiert und beauftragt. In manchen Fallen auch von Sachwaltern.<\/p>\n<\/div><\/div><\/div><div class=\"fusion-panel panel-default fusion-faq-post fusion-faq-post-2556 allgemein-1 \"><div class=\"panel-heading\"><h4 id=\"faq_1-2556\" class=\"panel-title toggle\"><a data-toggle=\"collapse\" class=\"collapsed\" data-parent=\"#accordian-1\" data-target=\"#collapse-1-2556\" href=\"#collapse-1-2556\" aria-expanded=\"false\"><div class=\"fusion-toggle-icon-wrapper\"><div class=\"fusion-toggle-icon-wrapper-main\"><div class=\"fusion-toggle-icon-wrapper-sub\"><i class=\"fa-fusion-box active-icon awb-icon-minus\" aria-hidden=\"true\"><\/i><i class=\"fa-fusion-box inactive-icon awb-icon-plus\" aria-hidden=\"true\"><\/i><\/div><\/div><\/div><div class=\"fusion-toggle-heading\">Ab wann braucht es 24h Pflege?<\/div><\/a><\/h4><\/div><div id=\"collapse-1-2556\" aria-labelledby=\"faq_1-2556\" class=\"panel-collapse collapse\"><div class=\"panel-body toggle-content post-content\"><p>Sobald sich Menschen nicht mehr eigenst\u00e4ndig\u00a0um ihre eigenes Wohl k\u00fcmmern k\u00f6nnen, wird eine helfende Hand notwendig. Wohnt die Person noch in den eigenen vier W\u00e4nden und soll dies auch so bleiben, kann zuerst mit mobilen Pflegediensten gearbeitet werden. \u00dcbersteigt der Betreuungsaufwand die M\u00f6glichkeiten dieser ambulanten Dienste, ist eine rund-um-die-Uhr Betreuung notwendig.<\/p>\n<\/div><\/div><\/div><div class=\"fusion-panel panel-default fusion-faq-post fusion-faq-post-2193 finanzielles \"><div class=\"panel-heading\"><h4 id=\"faq_1-2193\" class=\"panel-title toggle\"><a data-toggle=\"collapse\" class=\"collapsed\" data-parent=\"#accordian-1\" data-target=\"#collapse-1-2193\" href=\"#collapse-1-2193\" aria-expanded=\"false\"><div class=\"fusion-toggle-icon-wrapper\"><div class=\"fusion-toggle-icon-wrapper-main\"><div class=\"fusion-toggle-icon-wrapper-sub\"><i class=\"fa-fusion-box active-icon awb-icon-minus\" aria-hidden=\"true\"><\/i><i class=\"fa-fusion-box inactive-icon awb-icon-plus\" aria-hidden=\"true\"><\/i><\/div><\/div><\/div><div class=\"fusion-toggle-heading\">Was sind Pflegestufen?<\/div><\/a><\/h4><\/div><div id=\"collapse-1-2193\" aria-labelledby=\"faq_1-2193\" class=\"panel-collapse collapse\"><div class=\"panel-body toggle-content post-content\"><p>Die H\u00f6he des Pflegegeldes richtet sich nach dem tats\u00e4chlichen Pflegeaufwand. Dieser wird eingeteilt in sieben Pflegestufen. In der Pflegestufe 1 ist eine Person, deren Betreuung mehr als 65 Stunden pro Monat ausmacht. Erreicht der Pflegebedarf mehr als 180 Stunden pro Monat erfolgt die Einteilung in die Stufe 7.<\/p>\n<p><a href=\"http:\/\/24hpflege.com\/at\/kosten-finanzierung\/finanzielle-unterstuetzung\/pflegegeld\/\">weiterlesen &gt;<\/a><\/p>\n<\/div><\/div><\/div><\/div><\/div><\/div><\/div><div class=\"fusion-clearfix\"><\/div><\/div><\/div><\/div><\/div><\/p>\n","protected":false},"excerpt":{"rendered":"","protected":false},"author":1,"featured_media":0,"parent":79,"menu_order":1,"comment_status":"closed","ping_status":"closed","template":"","meta":{"footnotes":""},"class_list":["post-30","page","type-page","status-publish","hentry"],"yoast_head":"<!-- This site is optimized with the Yoast SEO plugin v27.4 - https:\/\/yoast.com\/product\/yoast-seo-wordpress\/ -->\n<title>FAQs - H\u00e4ufige Fragen &#187; 24hPflege.com - Serviceportal \u00d6sterreich<\/title>\n<meta name=\"robots\" content=\"index, follow, max-snippet:-1, max-image-preview:large, max-video-preview:-1\" \/>\n<link rel=\"canonical\" href=\"https:\/\/24hpflege.com\/at\/ratgeber-service\/faqs\/\" \/>\n<meta property=\"og:locale\" content=\"de_DE\" \/>\n<meta property=\"og:type\" content=\"article\" \/>\n<meta property=\"og:title\" content=\"FAQs - H\u00e4ufige Fragen &#187; 24hPflege.com - Serviceportal \u00d6sterreich\" \/>\n<meta property=\"og:url\" content=\"https:\/\/24hpflege.com\/at\/ratgeber-service\/faqs\/\" \/>\n<meta property=\"og:site_name\" content=\"24hPflege.com - Serviceportal \u00d6sterreich\" \/>\n<meta property=\"article:modified_time\" content=\"2017-01-05T13:49:00+00:00\" \/>\n<meta name=\"twitter:card\" content=\"summary_large_image\" \/>\n<meta name=\"twitter:label1\" content=\"Gesch\u00e4tzte Lesezeit\" \/>\n\t<meta name=\"twitter:data1\" content=\"1\u00a0Minute\" \/>\n<script type=\"application\/ld+json\" class=\"yoast-schema-graph\">{\"@context\":\"https:\\\/\\\/schema.org\",\"@graph\":[{\"@type\":\"WebPage\",\"@id\":\"https:\\\/\\\/24hpflege.com\\\/at\\\/ratgeber-service\\\/faqs\\\/\",\"url\":\"https:\\\/\\\/24hpflege.com\\\/at\\\/ratgeber-service\\\/faqs\\\/\",\"name\":\"FAQs - H\u00e4ufige Fragen &#187; 24hPflege.com - Serviceportal \u00d6sterreich\",\"isPartOf\":{\"@id\":\"https:\\\/\\\/24hpflege.com\\\/at\\\/#website\"},\"datePublished\":\"2015-08-16T07:55:39+00:00\",\"dateModified\":\"2017-01-05T13:49:00+00:00\",\"breadcrumb\":{\"@id\":\"https:\\\/\\\/24hpflege.com\\\/at\\\/ratgeber-service\\\/faqs\\\/#breadcrumb\"},\"inLanguage\":\"de\",\"potentialAction\":[{\"@type\":\"ReadAction\",\"target\":[\"https:\\\/\\\/24hpflege.com\\\/at\\\/ratgeber-service\\\/faqs\\\/\"]}]},{\"@type\":\"BreadcrumbList\",\"@id\":\"https:\\\/\\\/24hpflege.com\\\/at\\\/ratgeber-service\\\/faqs\\\/#breadcrumb\",\"itemListElement\":[{\"@type\":\"ListItem\",\"position\":1,\"name\":\"Ratgeber &#038; Service\",\"item\":\"https:\\\/\\\/24hpflege.com\\\/at\\\/ratgeber-service\\\/\"},{\"@type\":\"ListItem\",\"position\":2,\"name\":\"FAQs &#8211; H\u00e4ufige Fragen\"}]},{\"@type\":\"WebSite\",\"@id\":\"https:\\\/\\\/24hpflege.com\\\/at\\\/#website\",\"url\":\"https:\\\/\\\/24hpflege.com\\\/at\\\/\",\"name\":\"24hPflege.com - Serviceportal \u00d6sterreich\",\"description\":\"Unabh\u00e4ngige Informationen und Tipps rund um das Thema 24h Pflege und Betreuung zu Hause.\",\"potentialAction\":[{\"@type\":\"SearchAction\",\"target\":{\"@type\":\"EntryPoint\",\"urlTemplate\":\"https:\\\/\\\/24hpflege.com\\\/at\\\/?s={search_term_string}\"},\"query-input\":{\"@type\":\"PropertyValueSpecification\",\"valueRequired\":true,\"valueName\":\"search_term_string\"}}],\"inLanguage\":\"de\"}]}<\/script>\n<!-- \/ Yoast SEO plugin. -->","yoast_head_json":{"title":"FAQs - H\u00e4ufige Fragen &#187; 24hPflege.com - Serviceportal \u00d6sterreich","robots":{"index":"index","follow":"follow","max-snippet":"max-snippet:-1","max-image-preview":"max-image-preview:large","max-video-preview":"max-video-preview:-1"},"canonical":"https:\/\/24hpflege.com\/at\/ratgeber-service\/faqs\/","og_locale":"de_DE","og_type":"article","og_title":"FAQs - H\u00e4ufige Fragen &#187; 24hPflege.com - Serviceportal \u00d6sterreich","og_url":"https:\/\/24hpflege.com\/at\/ratgeber-service\/faqs\/","og_site_name":"24hPflege.com - Serviceportal \u00d6sterreich","article_modified_time":"2017-01-05T13:49:00+00:00","twitter_card":"summary_large_image","twitter_misc":{"Gesch\u00e4tzte Lesezeit":"1\u00a0Minute"},"schema":{"@context":"https:\/\/schema.org","@graph":[{"@type":"WebPage","@id":"https:\/\/24hpflege.com\/at\/ratgeber-service\/faqs\/","url":"https:\/\/24hpflege.com\/at\/ratgeber-service\/faqs\/","name":"FAQs - H\u00e4ufige Fragen &#187; 24hPflege.com - Serviceportal \u00d6sterreich","isPartOf":{"@id":"https:\/\/24hpflege.com\/at\/#website"},"datePublished":"2015-08-16T07:55:39+00:00","dateModified":"2017-01-05T13:49:00+00:00","breadcrumb":{"@id":"https:\/\/24hpflege.com\/at\/ratgeber-service\/faqs\/#breadcrumb"},"inLanguage":"de","potentialAction":[{"@type":"ReadAction","target":["https:\/\/24hpflege.com\/at\/ratgeber-service\/faqs\/"]}]},{"@type":"BreadcrumbList","@id":"https:\/\/24hpflege.com\/at\/ratgeber-service\/faqs\/#breadcrumb","itemListElement":[{"@type":"ListItem","position":1,"name":"Ratgeber &#038; Service","item":"https:\/\/24hpflege.com\/at\/ratgeber-service\/"},{"@type":"ListItem","position":2,"name":"FAQs &#8211; H\u00e4ufige Fragen"}]},{"@type":"WebSite","@id":"https:\/\/24hpflege.com\/at\/#website","url":"https:\/\/24hpflege.com\/at\/","name":"24hPflege.com - Serviceportal \u00d6sterreich","description":"Unabh\u00e4ngige Informationen und Tipps rund um das Thema 24h Pflege und Betreuung zu Hause.","potentialAction":[{"@type":"SearchAction","target":{"@type":"EntryPoint","urlTemplate":"https:\/\/24hpflege.com\/at\/?s={search_term_string}"},"query-input":{"@type":"PropertyValueSpecification","valueRequired":true,"valueName":"search_term_string"}}],"inLanguage":"de"}]}},"_links":{"self":[{"href":"https:\/\/24hpflege.com\/at\/wp-json\/wp\/v2\/pages\/30","targetHints":{"allow":["GET"]}}],"collection":[{"href":"https:\/\/24hpflege.com\/at\/wp-json\/wp\/v2\/pages"}],"about":[{"href":"https:\/\/24hpflege.com\/at\/wp-json\/wp\/v2\/types\/page"}],"author":[{"embeddable":true,"href":"https:\/\/24hpflege.com\/at\/wp-json\/wp\/v2\/users\/1"}],"replies":[{"embeddable":true,"href":"https:\/\/24hpflege.com\/at\/wp-json\/wp\/v2\/comments?post=30"}],"version-history":[{"count":10,"href":"https:\/\/24hpflege.com\/at\/wp-json\/wp\/v2\/pages\/30\/revisions"}],"predecessor-version":[{"id":2919,"href":"https:\/\/24hpflege.com\/at\/wp-json\/wp\/v2\/pages\/30\/revisions\/2919"}],"up":[{"embeddable":true,"href":"https:\/\/24hpflege.com\/at\/wp-json\/wp\/v2\/pages\/79"}],"wp:attachment":[{"href":"https:\/\/24hpflege.com\/at\/wp-json\/wp\/v2\/media?parent=30"}],"curies":[{"name":"wp","href":"https:\/\/api.w.org\/{rel}","templated":true}]}}