{"id":51,"date":"2015-08-23T18:50:32","date_gmt":"2015-08-23T16:50:32","guid":{"rendered":"http:\/\/24hpflege.com\/at\/?page_id=51"},"modified":"2017-01-04T17:59:16","modified_gmt":"2017-01-04T16:59:16","slug":"beschaeftigungsverhaeltnis","status":"publish","type":"page","link":"https:\/\/24hpflege.com\/at\/24h-betreuung\/betreuerinnen-vermittlung\/beschaeftigungsverhaeltnis\/","title":{"rendered":"Besch\u00e4ftigungsverh\u00e4ltnis"},"content":{"rendered":"<p><div class=\"fusion-fullwidth fullwidth-box fusion-builder-row-1 nonhundred-percent-fullwidth non-hundred-percent-height-scrolling\" style=\"background-color: rgba(255,255,255,0);background-position: center center;background-repeat: no-repeat;padding-top:0px;padding-right:0px;padding-bottom:0px;padding-left:0px;margin-bottom: 0px;margin-top: 0px;border-width: 0px 0px 0px 0px;border-color:#eae9e9;border-style:solid;\" ><div class=\"fusion-builder-row fusion-row\"><div class=\"fusion-layout-column fusion_builder_column fusion-builder-column-0 fusion_builder_column_1_1 1_1 fusion-one-full fusion-column-first fusion-column-last\" style=\"margin-top:0px;margin-bottom:0px;\"><div class=\"fusion-column-wrapper fusion-flex-column-wrapper-legacy\" style=\"background-position:left top;background-repeat:no-repeat;-webkit-background-size:cover;-moz-background-size:cover;-o-background-size:cover;background-size:cover;padding: 0px 0px 0px 0px;\"><div class=\"fusion-text fusion-text-1\"><h2>1) Selbstst\u00e4ndige T\u00e4tigkeit als Betreuungskraft<\/h2>\n<p>Die Betreuunsperson ist selbstst\u00e4ndig t\u00e4tig und stellt dem zu pflegenden oder den Angeh\u00f6rigen direkt Rechnungen aus. Die Person muss vorab eine Schritte durchf\u00fchren:<\/p>\n<ul>\n<li><strong>Gewerbeanmeldung:<\/strong> Die betreuende Person muss das <strong>freie Gewerbe &#8222;Personenbetreuung&#8220; anmelden<\/strong>. Dies kann bei der Bezirkshauptmannschaft oder in Wien bei den Magistraten erfolgen. Pers\u00f6nlich oder schriftlich.<\/li>\n<li><strong>Finanzamt Meldung<\/strong>: Die Betreuungsperson muss innerhalb eines Monats eine Anzeige der<strong> unternehmerischen T\u00e4tigkeit<\/strong> beim Finanzamt durchf\u00fchren. [<a href=\"https:\/\/www.help.gv.at\/linkaufloesung\/applikation-flow?flow=LO&amp;quelle=HELP&amp;leistung=LA-HP-GL-Formular_3282_Formatseite\" target=\"_blank\">Musterformular<\/a>]<\/li>\n<li><strong>Sozialversicherung Meldung:<\/strong>\u00a0Innerhalb eines Monats muss die Meldung des Versicherungsbeginns bei der SVA (Sozialversicherungsanstalt der gewerblichen Wirtschaft) erfolgen. Die\u00a0Pflichtversicherung in der Kranken-, Pensions- und Unfallversicherung wird im jeweiligen Bundesland <a href=\"http:\/\/esv-sva.sozvers.at\/portal27\/portal\/svaportal\/content\/contentWindow?contentid=10008.555969&amp;action=b&amp;cacheability=PAGE&amp;version=1420193691\" target=\"_blank\">per FAX oder Post eingebracht [Formular].<\/a><\/li>\n<li><strong>Abschluss eines Werkvertrages:<\/strong> mit der zu betreuenden Person, einem Sachwalter oder einem Angeh\u00f6rigen wird ein Werkvertrag (&#8222;Personenbetreuungsvertrag) abgeschlossen<\/li>\n<\/ul>\n<p>Hinweis: Damit der zu Pflegende, bzw die Angeh\u00f6rigen einen positiven F\u00f6rderungsentscheid erhalten k\u00f6nnen, m\u00fcssen diese Punkte unbedingt von der Betreuungsperson durchgef\u00fchrt worden sein. Dies wird in der Regal auch von der vermittelden Agentur durchgef\u00fchrt. Da es hier \u00f6fter zu Unklarheiten kam, wurde dies per Gesetz geregelt.<\/p>\n<\/div><div class=\"fusion-clearfix\"><\/div><\/div><\/div><\/div><\/div><div class=\"fusion-fullwidth fullwidth-box fusion-builder-row-2 hundred-percent-fullwidth non-hundred-percent-height-scrolling\" style=\"background-color: rgba(255,255,255,0);background-position: center center;background-repeat: no-repeat;padding-top:0px;padding-right:0px;padding-bottom:0px;padding-left:0px;margin-bottom: 0px;margin-top: 0px;border-width: 0px 0px 0px 0px;border-color:#eae9e9;border-style:solid;\" ><div class=\"fusion-builder-row fusion-row\"><div class=\"fusion-layout-column fusion_builder_column fusion-builder-column-1 fusion_builder_column_1_1 1_1 fusion-one-full fusion-column-first fusion-column-last fusion-column-no-min-height\" style=\"margin-top:0px;margin-bottom:0px;\"><div class=\"fusion-column-wrapper fusion-flex-column-wrapper-legacy\" style=\"background-position:left top;background-repeat:no-repeat;-webkit-background-size:cover;-moz-background-size:cover;-o-background-size:cover;background-size:cover;padding: 0px 0px 0px 0px;\"><div class=\"fusion-text fusion-text-2\"><h2>2) Unselbstst\u00e4ndige T\u00e4tigkeit als Betreuungskraft<\/h2>\n<p>Bei diesem Modell wird die Betreuungsperson von der zu betreuenden Person unselbstst\u00e4ndig besch\u00e4ftigt (&#8222;angestellt&#8220;). Dies f\u00fchrt zu notwendigen Aufgaben auf Arbeitgeberseite (zu betreuende Person oder Angeh\u00f6rige):<\/p>\n<ul>\n<li>Abschluss eines<strong> Arbeitsvertrages<\/strong><\/li>\n<li><strong>Anmeldung<\/strong> des Arbeitsnehmers\/In bei der <strong>Sozialversicherung<\/strong><\/li>\n<\/ul>\n<p><strong>Arbeitsvertrag<\/strong><\/p>\n<p>In diesem Vertrag (Muster: [<a href=\"http:\/\/www.bmwfw.gv.at\/Unternehmen\/Gewerbe\/Documents\/Werkvertrag%20%FCber%20Leistungen%20in%20der%20Personenbetreuung.pdf\" target=\"_blank\">Personenbetreunng Werkvertrag<\/a>]) werden die wesentlichen Punkte wie Aufgaben und Pflichten aber auch Entgelte geregelt und von beiden Vertragsparteien unterzeichnet.\u00a0Ebenso muss ein\u00a0Dienstzettel\u00a0ausgef\u00fcllt und unterzeichnet werden.<\/p>\n<p>Es gelten die arbeitsrechtlichen Bestimmungen des Hausgehilfen und Hausangestellengesetzes\u00a0(Urlaub, Krankheit, Pflegefreistellung, Beendigung des Arbeitsverh\u00e4ltnisses <abbr lang=\"la\" title=\"et cetera\" xml:lang=\"la\">etc.<\/abbr>). Auch sind die Mindestl\u00f6hne f\u00fcr Hausgehilfen zu beachten.<\/p>\n<p><strong>Sozialversicherung<\/strong><br \/>\nVor Dienstantritt\u00a0muss\u00a0die Betreuungsperson bei der Sozialversicherung (GKK) angemeldet werden. Dazu ben\u00f6tigen sie den Arbeitsvertrag und den Dienstzettel.<\/p>\n<\/div><div class=\"fusion-clearfix\"><\/div><\/div><\/div><\/div><style type=\"text\/css\">.fusion-fullwidth.fusion-builder-row-2 { overflow:visible; }<\/style><\/div><div class=\"fusion-fullwidth fullwidth-box fusion-builder-row-3 nonhundred-percent-fullwidth non-hundred-percent-height-scrolling\" style=\"background-color: rgba(255,255,255,0);background-position: center center;background-repeat: no-repeat;padding-top:0px;padding-right:0px;padding-bottom:0px;padding-left:0px;margin-bottom: 0px;margin-top: 0px;border-width: 0px 0px 0px 0px;border-color:#eae9e9;border-style:solid;\" ><div class=\"fusion-builder-row fusion-row\"><div class=\"fusion-layout-column fusion_builder_column fusion-builder-column-2 fusion_builder_column_1_1 1_1 fusion-one-full fusion-column-first fusion-column-last\" style=\"margin-top:20px;margin-bottom:0px;\"><div class=\"fusion-column-wrapper fusion-flex-column-wrapper-legacy\" style=\"background-position:left top;background-repeat:no-repeat;-webkit-background-size:cover;-moz-background-size:cover;-o-background-size:cover;background-size:cover;padding: 0px 0px 0px 0px;\"><div class=\"fusion-text fusion-text-3\"><h2>3) Betreuung\u00a0\u00fcber ein Tr\u00e4germodell<\/h2>\n<p>Hier erfolgt die Betreuung\u00a0\u00fcber eine Tr\u00e4gergesellschaft oder eine Organisation. Eine Anstellung durch den Pflegebed\u00fcrftigen, als auch die Notwendigkeit einer Gewerbeanmeldung durch die Betreuungsperson kann hier entfallen. S\u00e4mtliche Melde- und Mitteillungsverpflichtungen bez\u00fcglich der T\u00e4tigkeit\u00a0der Personenbetreuung werden von den Organisationen durchgef\u00fchrt.<\/p>\n<\/div><div class=\"fusion-clearfix\"><\/div><\/div><\/div><\/div><\/div><div class=\"fusion-fullwidth fullwidth-box fusion-builder-row-4 nonhundred-percent-fullwidth non-hundred-percent-height-scrolling\" style=\"background-color: rgba(255,255,255,0);background-position: center center;background-repeat: no-repeat;padding-top:20px;padding-right:0px;padding-bottom:20px;padding-left:0px;margin-bottom: 0px;margin-top: 0px;border-width: 0px 0px 0px 0px;border-color:#eae9e9;border-style:solid;\" ><div class=\"fusion-builder-row fusion-row\"><div class=\"fusion-layout-column fusion_builder_column fusion-builder-column-3 fusion_builder_column_1_1 1_1 fusion-one-full fusion-column-first fusion-column-last\" style=\"margin-top:20px;margin-bottom:0px;\"><div class=\"fusion-column-wrapper fusion-flex-column-wrapper-legacy\" style=\"background-position:left top;background-repeat:no-repeat;-webkit-background-size:cover;-moz-background-size:cover;-o-background-size:cover;background-size:cover;background-color:rgba(0,188,212,0.12);padding: 10px 10px 10px 10px;\"><div class=\"fusion-text fusion-text-4\"><h2><i class=\"fb-icon-element-1 fb-icon-element fontawesome-icon fa fa-hand-o-up circle-yes fusion-text-flow\" style=\"font-size:12.32px;line-height:22.64px;height:24.64px;width:24.64px;border-width:1px;margin-right:7px;\"><\/i><style>i.fb-icon-element.fontawesome-icon.fb-icon-element-1{ color: #ffffff; background-color: #333333; border-color: #333333;}i.fb-icon-element.fontawesome-icon.fb-icon-element-1:hover { color: #ffffff; background-color: #333333; border-color: #333333;}<\/style> Fazit<\/h2>\n<p>Aus Sicht der zu betreuenden Person bedeutet das Modell 2 den gr\u00f6\u00dften administrativen Aufwand und auch erh\u00f6hte Kosten. Diese Mehraufwendungen werden durch eine erh\u00f6hte F\u00f6rderung zum Teil kompensiert. (<strong>maximal 800 Euro\/Monat bei zwei Betreuern<\/strong>. siehe F\u00f6rderungen)<\/p>\n<p>Die Meldeverpflichtungen bei Modell 1 liegen bei der Betreuungskraft, bei dem Modell bei der Organisation. Bei beidem Modellen sind sind F\u00f6rderungen bis <strong>maximal 225 Euro\/Monat bei zwei Betreuern<\/strong>\u00a0m\u00f6glich. Diese F\u00f6rderung hat der zu Pflegende innerhalb eines Monats einzureichen.<\/p>\n<\/div><div class=\"fusion-clearfix\"><\/div><\/div><\/div><\/div><\/div><\/p>\n","protected":false},"excerpt":{"rendered":"<p>Die Besch\u00e4ftigung der Personenbetreuung kann \u00fcber drei verschiedene Modelle erfolgen. Dabei ergeben sich f\u00fcr alle Beteiligsten verschiedene Aufgaben und Verpflichtungen. Hier eine \u00dcbersicht.<\/p>\n","protected":false},"author":1,"featured_media":0,"parent":76,"menu_order":4,"comment_status":"closed","ping_status":"closed","template":"","meta":[],"yoast_head":"<!-- This site is optimized with the Yoast SEO plugin v19.10 - https:\/\/yoast.com\/wordpress\/plugins\/seo\/ -->\n<title>Besch\u00e4ftigungsverh\u00e4ltnis &raquo; 24hPflege.com - Serviceportal \u00d6sterreich<\/title>\n<meta name=\"robots\" content=\"index, follow, max-snippet:-1, max-image-preview:large, max-video-preview:-1\" \/>\n<link rel=\"canonical\" href=\"https:\/\/24hpflege.com\/at\/24h-betreuung\/betreuerinnen-vermittlung\/beschaeftigungsverhaeltnis\/\" \/>\n<meta property=\"og:locale\" content=\"de_DE\" \/>\n<meta property=\"og:type\" content=\"article\" \/>\n<meta property=\"og:title\" content=\"Besch\u00e4ftigungsverh\u00e4ltnis &raquo; 24hPflege.com - Serviceportal \u00d6sterreich\" \/>\n<meta property=\"og:description\" content=\"Die Besch\u00e4ftigung der Personenbetreuung kann \u00fcber drei verschiedene Modelle erfolgen. Dabei ergeben sich f\u00fcr alle Beteiligsten verschiedene Aufgaben und Verpflichtungen. Hier eine \u00dcbersicht.\" \/>\n<meta property=\"og:url\" content=\"https:\/\/24hpflege.com\/at\/24h-betreuung\/betreuerinnen-vermittlung\/beschaeftigungsverhaeltnis\/\" \/>\n<meta property=\"og:site_name\" content=\"24hPflege.com - Serviceportal \u00d6sterreich\" \/>\n<meta property=\"article:modified_time\" content=\"2017-01-04T16:59:16+00:00\" \/>\n<meta name=\"twitter:card\" content=\"summary_large_image\" \/>\n<meta name=\"twitter:label1\" content=\"Gesch\u00e4tzte Lesezeit\" \/>\n\t<meta name=\"twitter:data1\" content=\"5\u00a0Minuten\" \/>\n<script type=\"application\/ld+json\" class=\"yoast-schema-graph\">{\"@context\":\"https:\/\/schema.org\",\"@graph\":[{\"@type\":\"WebPage\",\"@id\":\"https:\/\/24hpflege.com\/at\/24h-betreuung\/betreuerinnen-vermittlung\/beschaeftigungsverhaeltnis\/\",\"url\":\"https:\/\/24hpflege.com\/at\/24h-betreuung\/betreuerinnen-vermittlung\/beschaeftigungsverhaeltnis\/\",\"name\":\"Besch\u00e4ftigungsverh\u00e4ltnis &raquo; 24hPflege.com - Serviceportal \u00d6sterreich\",\"isPartOf\":{\"@id\":\"https:\/\/24hpflege.com\/at\/#website\"},\"datePublished\":\"2015-08-23T16:50:32+00:00\",\"dateModified\":\"2017-01-04T16:59:16+00:00\",\"breadcrumb\":{\"@id\":\"https:\/\/24hpflege.com\/at\/24h-betreuung\/betreuerinnen-vermittlung\/beschaeftigungsverhaeltnis\/#breadcrumb\"},\"inLanguage\":\"de\",\"potentialAction\":[{\"@type\":\"ReadAction\",\"target\":[\"https:\/\/24hpflege.com\/at\/24h-betreuung\/betreuerinnen-vermittlung\/beschaeftigungsverhaeltnis\/\"]}]},{\"@type\":\"BreadcrumbList\",\"@id\":\"https:\/\/24hpflege.com\/at\/24h-betreuung\/betreuerinnen-vermittlung\/beschaeftigungsverhaeltnis\/#breadcrumb\",\"itemListElement\":[{\"@type\":\"ListItem\",\"position\":1,\"name\":\"24 Stunden Betreuung\",\"item\":\"https:\/\/24hpflege.com\/at\/24h-betreuung\/\"},{\"@type\":\"ListItem\",\"position\":2,\"name\":\"BetreuerInnen &#038; Vermittlung\",\"item\":\"https:\/\/24hpflege.com\/at\/24h-betreuung\/betreuerinnen-vermittlung\/\"},{\"@type\":\"ListItem\",\"position\":3,\"name\":\"Besch\u00e4ftigungsverh\u00e4ltnis\"}]},{\"@type\":\"WebSite\",\"@id\":\"https:\/\/24hpflege.com\/at\/#website\",\"url\":\"https:\/\/24hpflege.com\/at\/\",\"name\":\"24hPflege.com - Serviceportal \u00d6sterreich\",\"description\":\"Unabh\u00e4ngige Informationen und Tipps rund um das Thema 24h Pflege und Betreuung zu Hause.\",\"potentialAction\":[{\"@type\":\"SearchAction\",\"target\":{\"@type\":\"EntryPoint\",\"urlTemplate\":\"https:\/\/24hpflege.com\/at\/?s={search_term_string}\"},\"query-input\":\"required name=search_term_string\"}],\"inLanguage\":\"de\"}]}<\/script>\n<!-- \/ Yoast SEO plugin. -->","yoast_head_json":{"title":"Besch\u00e4ftigungsverh\u00e4ltnis &raquo; 24hPflege.com - Serviceportal \u00d6sterreich","robots":{"index":"index","follow":"follow","max-snippet":"max-snippet:-1","max-image-preview":"max-image-preview:large","max-video-preview":"max-video-preview:-1"},"canonical":"https:\/\/24hpflege.com\/at\/24h-betreuung\/betreuerinnen-vermittlung\/beschaeftigungsverhaeltnis\/","og_locale":"de_DE","og_type":"article","og_title":"Besch\u00e4ftigungsverh\u00e4ltnis &raquo; 24hPflege.com - Serviceportal \u00d6sterreich","og_description":"Die Besch\u00e4ftigung der Personenbetreuung kann \u00fcber drei verschiedene Modelle erfolgen. Dabei ergeben sich f\u00fcr alle Beteiligsten verschiedene Aufgaben und Verpflichtungen. Hier eine \u00dcbersicht.","og_url":"https:\/\/24hpflege.com\/at\/24h-betreuung\/betreuerinnen-vermittlung\/beschaeftigungsverhaeltnis\/","og_site_name":"24hPflege.com - Serviceportal \u00d6sterreich","article_modified_time":"2017-01-04T16:59:16+00:00","twitter_card":"summary_large_image","twitter_misc":{"Gesch\u00e4tzte Lesezeit":"5\u00a0Minuten"},"schema":{"@context":"https:\/\/schema.org","@graph":[{"@type":"WebPage","@id":"https:\/\/24hpflege.com\/at\/24h-betreuung\/betreuerinnen-vermittlung\/beschaeftigungsverhaeltnis\/","url":"https:\/\/24hpflege.com\/at\/24h-betreuung\/betreuerinnen-vermittlung\/beschaeftigungsverhaeltnis\/","name":"Besch\u00e4ftigungsverh\u00e4ltnis &raquo; 24hPflege.com - Serviceportal \u00d6sterreich","isPartOf":{"@id":"https:\/\/24hpflege.com\/at\/#website"},"datePublished":"2015-08-23T16:50:32+00:00","dateModified":"2017-01-04T16:59:16+00:00","breadcrumb":{"@id":"https:\/\/24hpflege.com\/at\/24h-betreuung\/betreuerinnen-vermittlung\/beschaeftigungsverhaeltnis\/#breadcrumb"},"inLanguage":"de","potentialAction":[{"@type":"ReadAction","target":["https:\/\/24hpflege.com\/at\/24h-betreuung\/betreuerinnen-vermittlung\/beschaeftigungsverhaeltnis\/"]}]},{"@type":"BreadcrumbList","@id":"https:\/\/24hpflege.com\/at\/24h-betreuung\/betreuerinnen-vermittlung\/beschaeftigungsverhaeltnis\/#breadcrumb","itemListElement":[{"@type":"ListItem","position":1,"name":"24 Stunden Betreuung","item":"https:\/\/24hpflege.com\/at\/24h-betreuung\/"},{"@type":"ListItem","position":2,"name":"BetreuerInnen &#038; Vermittlung","item":"https:\/\/24hpflege.com\/at\/24h-betreuung\/betreuerinnen-vermittlung\/"},{"@type":"ListItem","position":3,"name":"Besch\u00e4ftigungsverh\u00e4ltnis"}]},{"@type":"WebSite","@id":"https:\/\/24hpflege.com\/at\/#website","url":"https:\/\/24hpflege.com\/at\/","name":"24hPflege.com - Serviceportal \u00d6sterreich","description":"Unabh\u00e4ngige Informationen und Tipps rund um das Thema 24h Pflege und Betreuung zu Hause.","potentialAction":[{"@type":"SearchAction","target":{"@type":"EntryPoint","urlTemplate":"https:\/\/24hpflege.com\/at\/?s={search_term_string}"},"query-input":"required name=search_term_string"}],"inLanguage":"de"}]}},"_links":{"self":[{"href":"https:\/\/24hpflege.com\/at\/wp-json\/wp\/v2\/pages\/51"}],"collection":[{"href":"https:\/\/24hpflege.com\/at\/wp-json\/wp\/v2\/pages"}],"about":[{"href":"https:\/\/24hpflege.com\/at\/wp-json\/wp\/v2\/types\/page"}],"author":[{"embeddable":true,"href":"https:\/\/24hpflege.com\/at\/wp-json\/wp\/v2\/users\/1"}],"replies":[{"embeddable":true,"href":"https:\/\/24hpflege.com\/at\/wp-json\/wp\/v2\/comments?post=51"}],"version-history":[{"count":10,"href":"https:\/\/24hpflege.com\/at\/wp-json\/wp\/v2\/pages\/51\/revisions"}],"predecessor-version":[{"id":2762,"href":"https:\/\/24hpflege.com\/at\/wp-json\/wp\/v2\/pages\/51\/revisions\/2762"}],"up":[{"embeddable":true,"href":"https:\/\/24hpflege.com\/at\/wp-json\/wp\/v2\/pages\/76"}],"wp:attachment":[{"href":"https:\/\/24hpflege.com\/at\/wp-json\/wp\/v2\/media?parent=51"}],"curies":[{"name":"wp","href":"https:\/\/api.w.org\/{rel}","templated":true}]}}