{"id":57,"date":"2015-08-23T18:54:26","date_gmt":"2015-08-23T16:54:26","guid":{"rendered":"http:\/\/24hpflege.com\/at\/?page_id=57"},"modified":"2017-01-05T16:34:09","modified_gmt":"2017-01-05T15:34:09","slug":"kosten-finanzierung","status":"publish","type":"page","link":"https:\/\/24hpflege.com\/at\/24h-betreuung\/kosten-finanzierung\/","title":{"rendered":"Kosten &#038; Finanzierung"},"content":{"rendered":"<div class=\"fusion-fullwidth fullwidth-box fusion-builder-row-1 nonhundred-percent-fullwidth non-hundred-percent-height-scrolling\" style=\"--awb-border-radius-top-left:0px;--awb-border-radius-top-right:0px;--awb-border-radius-bottom-right:0px;--awb-border-radius-bottom-left:0px;--awb-flex-wrap:wrap;\" ><div class=\"fusion-builder-row fusion-row\"><div class=\"fusion-layout-column fusion_builder_column fusion-builder-column-0 fusion_builder_column_1_1 1_1 fusion-one-full fusion-column-first fusion-column-last\" style=\"--awb-bg-size:cover;--awb-margin-top:0px;\"><div class=\"fusion-column-wrapper fusion-flex-column-wrapper-legacy\"><div class=\"fusion-text fusion-text-1\"><p>Die wahrscheinlich meist gestellte Frage im Zusammenhang mit 24 Stunden Betreuung hat nat\u00fcrlich mit den Kosten zu tun. Was kostet die rund um die Uhr Dienstleistung nun wirklich?<\/p>\n<p>Eine einfache und kurze Antwort kann es darauf nat\u00fcrlich nicht geben. Jeder Betreuungsfall muss individuell bewertet und beurteilt werden. Seien sie deshalb vorsichtig, wenn sie Angebote erhalten die weit unter dem \u00fcblichen Schnitt liegen. Wir versuchen daher, alle m\u00f6glich anfallenden Aufwendung anzuf\u00fchren und zu erkl\u00e4ren, wie diese zustande kommen.<\/p>\n<p>Welche Optionen zur Finanzierung der Betreuung hier zur Verf\u00fcgung stehen und worauf sie achten m\u00fcssen, wird\u00a0im Kapitel <a href=\"http:\/\/24hpflege.com\/at\/kosten-finanzierung\/finanzielle-unterstuetzung\/\">&#8222;Finanzielle Unterst\u00fctzungsangebote&#8220;<\/a> erl\u00e4utert.<\/p>\n<h2><\/h2>\n<\/div><div class=\"fusion-builder-row fusion-builder-row-inner fusion-row\"><div class=\"fusion-layout-column fusion_builder_column_inner fusion-builder-nested-column-0 fusion_builder_column_inner_1_2 1_2 fusion-one-half fusion-column-first\" style=\"--awb-bg-size:cover;width:50%;width:calc(50% - ( ( 4% ) * 0.5 ) );margin-right: 4%;\"><div class=\"fusion-column-wrapper fusion-flex-column-wrapper-legacy\"><div class=\"fusion-text fusion-text-2\"><h2><a href=\"http:\/\/24hpflege.com\/at\/kosten-finanzierung\/kosten\/\"><i class=\"fb-icon-element-1 fb-icon-element fontawesome-icon fa fa-hand-o-right circle-yes fusion-text-flow\" style=\"--awb-circlecolor:#00bcd4;--awb-circlecolor-hover:#00bcd4;--awb-circlebordercolor:rgba(51,51,51,0);--awb-circlebordercolor-hover:rgba(51,51,51,0);--awb-circlebordersize:1px;--awb-font-size:28.16px;--awb-width:56.32px;--awb-height:56.32px;--awb-line-height:54.32px;--awb-margin-right:16px;\"><\/i>\u00a0Kosten<\/a><\/h2>\n<ul>\n<li>Welche Leistungen verursachen Kosten?<\/li>\n<li>Welche Faktoren beeinflu\u00dfen die H\u00f6he der Kosten?<\/li>\n<li>Warum zeigen sich oft gro\u00dfe Preisunterschiede zwischen den Anbietern?<\/li>\n<li>Ist der Preis was wichtigste Kriterium bei der 24 Stunden Betreuung?<\/li>\n<\/ul>\n<h2><\/h2>\n<\/div><div class=\"fusion-clearfix\"><\/div><\/div><\/div><div class=\"fusion-layout-column fusion_builder_column_inner fusion-builder-nested-column-1 fusion_builder_column_inner_1_2 1_2 fusion-one-half fusion-column-last\" style=\"--awb-bg-size:cover;width:50%;width:calc(50% - ( ( 4% ) * 0.5 ) );\"><div class=\"fusion-column-wrapper fusion-flex-column-wrapper-legacy\"><div class=\"fusion-text fusion-text-3\"><h2><i class=\"fb-icon-element-2 fb-icon-element fontawesome-icon fa fa-hand-o-right circle-yes fusion-text-flow\" style=\"--awb-circlecolor:#00bcd4;--awb-circlecolor-hover:#00bcd4;--awb-circlebordercolor:rgba(51,51,51,0);--awb-circlebordercolor-hover:rgba(51,51,51,0);--awb-circlebordersize:1px;--awb-font-size:28.16px;--awb-width:56.32px;--awb-height:56.32px;--awb-line-height:54.32px;--awb-margin-right:16px;\"><\/i>\u00a0<a href=\"https:\/\/24hpflege.com\/at\/24-stunden-betreuung\/preise-finanzierung\/finanzielle-unterstuetzung\/\">Finanzierung<\/a><\/h2>\n<ul>\n<li>Welche F\u00f6rderungen gibt es?<\/li>\n<li>Was sind die Bedingungen?<\/li>\n<li>Sind Fristen einzuhalten?<\/li>\n<li>Wer kann einreichen?<\/li>\n<\/ul>\n<\/div><div class=\"fusion-clearfix\"><\/div><\/div><\/div><\/div><div class=\"fusion-clearfix\"><\/div><\/div><\/div><\/div><\/div>\n","protected":false},"excerpt":{"rendered":"<p>Eine Gegen\u00fcberstellung der Aufwendungen und m\u00f6glichen finanziellen Hilfestellungen f\u00fcr 24 Stunden Betreuung<\/p>\n","protected":false},"author":1,"featured_media":0,"parent":18,"menu_order":5,"comment_status":"closed","ping_status":"closed","template":"","meta":{"footnotes":""},"class_list":["post-57","page","type-page","status-publish","hentry"],"yoast_head":"<!-- This site is optimized with the Yoast SEO plugin v27.4 - https:\/\/yoast.com\/product\/yoast-seo-wordpress\/ -->\n<title>Kosten &amp; Finanzierung &#187; 24hPflege.com - Serviceportal \u00d6sterreich<\/title>\n<meta name=\"robots\" content=\"index, follow, max-snippet:-1, max-image-preview:large, max-video-preview:-1\" \/>\n<link rel=\"canonical\" href=\"https:\/\/24hpflege.com\/at\/24h-betreuung\/kosten-finanzierung\/\" \/>\n<meta property=\"og:locale\" content=\"de_DE\" \/>\n<meta property=\"og:type\" content=\"article\" \/>\n<meta property=\"og:title\" content=\"Kosten &amp; Finanzierung &#187; 24hPflege.com - Serviceportal \u00d6sterreich\" \/>\n<meta property=\"og:description\" content=\"Eine Gegen\u00fcberstellung der Aufwendungen und m\u00f6glichen finanziellen Hilfestellungen f\u00fcr 24 Stunden Betreuung\" \/>\n<meta property=\"og:url\" content=\"https:\/\/24hpflege.com\/at\/24h-betreuung\/kosten-finanzierung\/\" \/>\n<meta property=\"og:site_name\" content=\"24hPflege.com - Serviceportal \u00d6sterreich\" \/>\n<meta property=\"article:modified_time\" content=\"2017-01-05T15:34:09+00:00\" \/>\n<meta name=\"twitter:card\" content=\"summary_large_image\" \/>\n<meta name=\"twitter:label1\" content=\"Gesch\u00e4tzte Lesezeit\" \/>\n\t<meta name=\"twitter:data1\" content=\"2\u00a0Minuten\" \/>\n<script type=\"application\/ld+json\" class=\"yoast-schema-graph\">{\"@context\":\"https:\\\/\\\/schema.org\",\"@graph\":[{\"@type\":\"WebPage\",\"@id\":\"https:\\\/\\\/24hpflege.com\\\/at\\\/24h-betreuung\\\/kosten-finanzierung\\\/\",\"url\":\"https:\\\/\\\/24hpflege.com\\\/at\\\/24h-betreuung\\\/kosten-finanzierung\\\/\",\"name\":\"Kosten & Finanzierung &#187; 24hPflege.com - Serviceportal \u00d6sterreich\",\"isPartOf\":{\"@id\":\"https:\\\/\\\/24hpflege.com\\\/at\\\/#website\"},\"datePublished\":\"2015-08-23T16:54:26+00:00\",\"dateModified\":\"2017-01-05T15:34:09+00:00\",\"breadcrumb\":{\"@id\":\"https:\\\/\\\/24hpflege.com\\\/at\\\/24h-betreuung\\\/kosten-finanzierung\\\/#breadcrumb\"},\"inLanguage\":\"de\",\"potentialAction\":[{\"@type\":\"ReadAction\",\"target\":[\"https:\\\/\\\/24hpflege.com\\\/at\\\/24h-betreuung\\\/kosten-finanzierung\\\/\"]}]},{\"@type\":\"BreadcrumbList\",\"@id\":\"https:\\\/\\\/24hpflege.com\\\/at\\\/24h-betreuung\\\/kosten-finanzierung\\\/#breadcrumb\",\"itemListElement\":[{\"@type\":\"ListItem\",\"position\":1,\"name\":\"24 Stunden Betreuung\",\"item\":\"https:\\\/\\\/24hpflege.com\\\/at\\\/24h-betreuung\\\/\"},{\"@type\":\"ListItem\",\"position\":2,\"name\":\"Kosten &#038; Finanzierung\"}]},{\"@type\":\"WebSite\",\"@id\":\"https:\\\/\\\/24hpflege.com\\\/at\\\/#website\",\"url\":\"https:\\\/\\\/24hpflege.com\\\/at\\\/\",\"name\":\"24hPflege.com - Serviceportal \u00d6sterreich\",\"description\":\"Unabh\u00e4ngige Informationen und Tipps rund um das Thema 24h Pflege und Betreuung zu Hause.\",\"potentialAction\":[{\"@type\":\"SearchAction\",\"target\":{\"@type\":\"EntryPoint\",\"urlTemplate\":\"https:\\\/\\\/24hpflege.com\\\/at\\\/?s={search_term_string}\"},\"query-input\":{\"@type\":\"PropertyValueSpecification\",\"valueRequired\":true,\"valueName\":\"search_term_string\"}}],\"inLanguage\":\"de\"}]}<\/script>\n<!-- \/ Yoast SEO plugin. -->","yoast_head_json":{"title":"Kosten & Finanzierung &#187; 24hPflege.com - Serviceportal \u00d6sterreich","robots":{"index":"index","follow":"follow","max-snippet":"max-snippet:-1","max-image-preview":"max-image-preview:large","max-video-preview":"max-video-preview:-1"},"canonical":"https:\/\/24hpflege.com\/at\/24h-betreuung\/kosten-finanzierung\/","og_locale":"de_DE","og_type":"article","og_title":"Kosten & Finanzierung &#187; 24hPflege.com - Serviceportal \u00d6sterreich","og_description":"Eine Gegen\u00fcberstellung der Aufwendungen und m\u00f6glichen finanziellen Hilfestellungen f\u00fcr 24 Stunden Betreuung","og_url":"https:\/\/24hpflege.com\/at\/24h-betreuung\/kosten-finanzierung\/","og_site_name":"24hPflege.com - Serviceportal \u00d6sterreich","article_modified_time":"2017-01-05T15:34:09+00:00","twitter_card":"summary_large_image","twitter_misc":{"Gesch\u00e4tzte Lesezeit":"2\u00a0Minuten"},"schema":{"@context":"https:\/\/schema.org","@graph":[{"@type":"WebPage","@id":"https:\/\/24hpflege.com\/at\/24h-betreuung\/kosten-finanzierung\/","url":"https:\/\/24hpflege.com\/at\/24h-betreuung\/kosten-finanzierung\/","name":"Kosten & Finanzierung &#187; 24hPflege.com - Serviceportal \u00d6sterreich","isPartOf":{"@id":"https:\/\/24hpflege.com\/at\/#website"},"datePublished":"2015-08-23T16:54:26+00:00","dateModified":"2017-01-05T15:34:09+00:00","breadcrumb":{"@id":"https:\/\/24hpflege.com\/at\/24h-betreuung\/kosten-finanzierung\/#breadcrumb"},"inLanguage":"de","potentialAction":[{"@type":"ReadAction","target":["https:\/\/24hpflege.com\/at\/24h-betreuung\/kosten-finanzierung\/"]}]},{"@type":"BreadcrumbList","@id":"https:\/\/24hpflege.com\/at\/24h-betreuung\/kosten-finanzierung\/#breadcrumb","itemListElement":[{"@type":"ListItem","position":1,"name":"24 Stunden Betreuung","item":"https:\/\/24hpflege.com\/at\/24h-betreuung\/"},{"@type":"ListItem","position":2,"name":"Kosten &#038; Finanzierung"}]},{"@type":"WebSite","@id":"https:\/\/24hpflege.com\/at\/#website","url":"https:\/\/24hpflege.com\/at\/","name":"24hPflege.com - Serviceportal \u00d6sterreich","description":"Unabh\u00e4ngige Informationen und Tipps rund um das Thema 24h Pflege und Betreuung zu Hause.","potentialAction":[{"@type":"SearchAction","target":{"@type":"EntryPoint","urlTemplate":"https:\/\/24hpflege.com\/at\/?s={search_term_string}"},"query-input":{"@type":"PropertyValueSpecification","valueRequired":true,"valueName":"search_term_string"}}],"inLanguage":"de"}]}},"_links":{"self":[{"href":"https:\/\/24hpflege.com\/at\/wp-json\/wp\/v2\/pages\/57","targetHints":{"allow":["GET"]}}],"collection":[{"href":"https:\/\/24hpflege.com\/at\/wp-json\/wp\/v2\/pages"}],"about":[{"href":"https:\/\/24hpflege.com\/at\/wp-json\/wp\/v2\/types\/page"}],"author":[{"embeddable":true,"href":"https:\/\/24hpflege.com\/at\/wp-json\/wp\/v2\/users\/1"}],"replies":[{"embeddable":true,"href":"https:\/\/24hpflege.com\/at\/wp-json\/wp\/v2\/comments?post=57"}],"version-history":[{"count":11,"href":"https:\/\/24hpflege.com\/at\/wp-json\/wp\/v2\/pages\/57\/revisions"}],"predecessor-version":[{"id":2920,"href":"https:\/\/24hpflege.com\/at\/wp-json\/wp\/v2\/pages\/57\/revisions\/2920"}],"up":[{"embeddable":true,"href":"https:\/\/24hpflege.com\/at\/wp-json\/wp\/v2\/pages\/18"}],"wp:attachment":[{"href":"https:\/\/24hpflege.com\/at\/wp-json\/wp\/v2\/media?parent=57"}],"curies":[{"name":"wp","href":"https:\/\/api.w.org\/{rel}","templated":true}]}}