{"id":79,"date":"2015-08-24T11:34:54","date_gmt":"2015-08-24T09:34:54","guid":{"rendered":"http:\/\/24hpflege.com\/at\/?page_id=79"},"modified":"2017-01-05T01:44:16","modified_gmt":"2017-01-05T00:44:16","slug":"ratgeber-service","status":"publish","type":"page","link":"https:\/\/24hpflege.com\/at\/ratgeber-service\/","title":{"rendered":"Ratgeber &#038; Service"},"content":{"rendered":"<div class=\"fusion-fullwidth fullwidth-box fusion-builder-row-1 nonhundred-percent-fullwidth non-hundred-percent-height-scrolling\" style=\"--awb-background-position:left top;--awb-border-radius-top-left:0px;--awb-border-radius-top-right:0px;--awb-border-radius-bottom-right:0px;--awb-border-radius-bottom-left:0px;--awb-padding-top:0px;--awb-padding-bottom:20px;--awb-border-sizes-top:0px;--awb-border-sizes-bottom:0px;--awb-flex-wrap:wrap;\" ><div class=\"fusion-builder-row fusion-row\"><div class=\"fusion-layout-column fusion_builder_column fusion-builder-column-0 fusion_builder_column_1_4 1_4 fusion-one-fourth fusion-column-first\" style=\"--awb-bg-size:cover;width:22%; margin-right: 4%;\"><div class=\"fusion-column-wrapper fusion-flex-column-wrapper-legacy\"><div class=\"fusion-image-element fusion-image-align-center in-legacy-container\" style=\"text-align:center;--awb-caption-title-font-family:var(--h2_typography-font-family);--awb-caption-title-font-weight:var(--h2_typography-font-weight);--awb-caption-title-font-style:var(--h2_typography-font-style);--awb-caption-title-size:var(--h2_typography-font-size);--awb-caption-title-transform:var(--h2_typography-text-transform);--awb-caption-title-line-height:var(--h2_typography-line-height);--awb-caption-title-letter-spacing:var(--h2_typography-letter-spacing);\"><div class=\"imageframe-align-center\"><span class=\" fusion-imageframe imageframe-none imageframe-1 hover-type-none\"><a class=\"fusion-no-lightbox\" href=\"http:\/\/24hpflege.com\/at\/ratgeber-service\/videos\/\" target=\"_self\" aria-label=\"senior woman with her home caregiver\"><img decoding=\"async\" width=\"700\" height=\"467\" src=\"https:\/\/24hpflege.com\/at\/wp-content\/uploads\/2017\/01\/betreuerin_unterhaltung.jpg\" alt class=\"img-responsive wp-image-2850\" srcset=\"https:\/\/24hpflege.com\/at\/wp-content\/uploads\/2017\/01\/betreuerin_unterhaltung-200x133.jpg 200w, https:\/\/24hpflege.com\/at\/wp-content\/uploads\/2017\/01\/betreuerin_unterhaltung-400x267.jpg 400w, https:\/\/24hpflege.com\/at\/wp-content\/uploads\/2017\/01\/betreuerin_unterhaltung-600x400.jpg 600w, https:\/\/24hpflege.com\/at\/wp-content\/uploads\/2017\/01\/betreuerin_unterhaltung.jpg 700w\" sizes=\"(max-width: 800px) 100vw, 400px\" \/><\/a><\/span><\/div><\/div><div class=\"fusion-reading-box-container reading-box-container-1\" style=\"--awb-title-color:#111111;--awb-margin-top:0px;--awb-margin-bottom:84px;\"><div class=\"reading-box\" style=\"background-color:#f6f6f6;border-width:1px;border-color:#f6f6f6;border-top-width:3px;border-top-color:var(--primary_color);border-style:solid;\"><div class=\"reading-box-additional\">\n<h2 style=\"text-align: center;\"><a href=\"http:\/\/24hpflege.com\/at\/ratgeber-service\/videos\/\">Videos<\/a><\/h2>\n<p style=\"text-align: center;\">Videos rund um das Thema 24h Pflege und Betreuung zu Hause<\/p>\n<\/div><div class=\"fusion-clearfix\"><\/div><\/div><\/div><div class=\"fusion-clearfix\"><\/div><\/div><\/div><div class=\"fusion-layout-column fusion_builder_column fusion-builder-column-1 fusion_builder_column_1_4 1_4 fusion-one-fourth\" style=\"--awb-bg-size:cover;width:22%; margin-right: 4%;\"><div class=\"fusion-column-wrapper fusion-flex-column-wrapper-legacy\"><div class=\"fusion-image-element fusion-image-align-center in-legacy-container\" style=\"text-align:center;--awb-caption-title-font-family:var(--h2_typography-font-family);--awb-caption-title-font-weight:var(--h2_typography-font-weight);--awb-caption-title-font-style:var(--h2_typography-font-style);--awb-caption-title-size:var(--h2_typography-font-size);--awb-caption-title-transform:var(--h2_typography-text-transform);--awb-caption-title-line-height:var(--h2_typography-line-height);--awb-caption-title-letter-spacing:var(--h2_typography-letter-spacing);\"><div class=\"imageframe-align-center\"><span class=\" fusion-imageframe imageframe-none imageframe-2 hover-type-none\"><a class=\"fusion-no-lightbox\" href=\"http:\/\/24hpflege.com\/at\/ratgeber-service\/faqs\/\" target=\"_self\" aria-label=\"Kind mit Fragezeichen an Schultafel\"><img decoding=\"async\" width=\"849\" height=\"565\" src=\"https:\/\/24hpflege.com\/at\/wp-content\/uploads\/2017\/01\/faq-fragen-antworten.jpg\" alt class=\"img-responsive wp-image-2848\" srcset=\"https:\/\/24hpflege.com\/at\/wp-content\/uploads\/2017\/01\/faq-fragen-antworten-200x133.jpg 200w, https:\/\/24hpflege.com\/at\/wp-content\/uploads\/2017\/01\/faq-fragen-antworten-400x266.jpg 400w, https:\/\/24hpflege.com\/at\/wp-content\/uploads\/2017\/01\/faq-fragen-antworten-600x399.jpg 600w, https:\/\/24hpflege.com\/at\/wp-content\/uploads\/2017\/01\/faq-fragen-antworten-800x532.jpg 800w, https:\/\/24hpflege.com\/at\/wp-content\/uploads\/2017\/01\/faq-fragen-antworten.jpg 849w\" sizes=\"(max-width: 800px) 100vw, 400px\" \/><\/a><\/span><\/div><\/div><div class=\"fusion-reading-box-container reading-box-container-2\" style=\"--awb-title-color:#111111;--awb-margin-top:0px;--awb-margin-bottom:84px;\"><div class=\"reading-box\" style=\"background-color:#f6f6f6;border-width:1px;border-color:#f6f6f6;border-top-width:3px;border-top-color:var(--primary_color);border-style:solid;\"><div class=\"reading-box-additional\">\n<h2 style=\"text-align: center;\"><a href=\"http:\/\/24hpflege.com\/at\/ratgeber-service\/faqs\/\">FAQs &#8211; H\u00e4ufige Fragen<\/a><\/h2>\n<p style=\"text-align: center;\">Antworten zum Thema Betreuung in den eigenen vier W\u00e4nden.<\/p>\n<\/div><div class=\"fusion-clearfix\"><\/div><\/div><\/div><div class=\"fusion-clearfix\"><\/div><\/div><\/div><div class=\"fusion-layout-column fusion_builder_column fusion-builder-column-2 fusion_builder_column_1_4 1_4 fusion-one-fourth\" style=\"--awb-bg-size:cover;width:22%; margin-right: 4%;\"><div class=\"fusion-column-wrapper fusion-flex-column-wrapper-legacy\"><div class=\"fusion-image-element fusion-image-align-center in-legacy-container\" style=\"text-align:center;--awb-caption-title-font-family:var(--h2_typography-font-family);--awb-caption-title-font-weight:var(--h2_typography-font-weight);--awb-caption-title-font-style:var(--h2_typography-font-style);--awb-caption-title-size:var(--h2_typography-font-size);--awb-caption-title-transform:var(--h2_typography-text-transform);--awb-caption-title-line-height:var(--h2_typography-line-height);--awb-caption-title-letter-spacing:var(--h2_typography-letter-spacing);\"><div class=\"imageframe-align-center\"><span class=\" fusion-imageframe imageframe-none imageframe-3 hover-type-none\"><a class=\"fusion-no-lightbox\" href=\"\/at\/ratgeber-service\/checklisten\/\" target=\"_self\" aria-label=\"Pen Over Filled Checkboxes\"><img decoding=\"async\" width=\"700\" height=\"467\" src=\"https:\/\/24hpflege.com\/at\/wp-content\/uploads\/2015\/08\/checkliste.jpg\" alt class=\"img-responsive wp-image-2871\" srcset=\"https:\/\/24hpflege.com\/at\/wp-content\/uploads\/2015\/08\/checkliste-200x133.jpg 200w, https:\/\/24hpflege.com\/at\/wp-content\/uploads\/2015\/08\/checkliste-400x267.jpg 400w, https:\/\/24hpflege.com\/at\/wp-content\/uploads\/2015\/08\/checkliste-600x400.jpg 600w, https:\/\/24hpflege.com\/at\/wp-content\/uploads\/2015\/08\/checkliste.jpg 700w\" sizes=\"(max-width: 800px) 100vw, 400px\" \/><\/a><\/span><\/div><\/div><div class=\"fusion-reading-box-container reading-box-container-3\" style=\"--awb-title-color:#111111;--awb-margin-top:0px;--awb-margin-bottom:84px;\"><div class=\"reading-box\" style=\"background-color:#f6f6f6;border-width:1px;border-color:#f6f6f6;border-top-width:3px;border-top-color:var(--primary_color);border-style:solid;\"><div class=\"reading-box-additional\">\n<h2 style=\"text-align: center;\"><a href=\"\/at\/ratgeber-service\/checklisten\/\">Checklisten<\/a><\/h2>\n<p style=\"text-align: center;\">Worauf sie achten sollten, wenn sie eine 24 Stunden Betreuung beauftragen wollen.<\/p>\n<\/div><div class=\"fusion-clearfix\"><\/div><\/div><\/div><div class=\"fusion-clearfix\"><\/div><\/div><\/div><div class=\"fusion-layout-column fusion_builder_column fusion-builder-column-3 fusion_builder_column_1_4 1_4 fusion-one-fourth fusion-column-last\" style=\"--awb-bg-size:cover;width:22%;\"><div class=\"fusion-column-wrapper fusion-flex-column-wrapper-legacy\"><div class=\"fusion-image-element in-legacy-container\" style=\"--awb-caption-title-font-family:var(--h2_typography-font-family);--awb-caption-title-font-weight:var(--h2_typography-font-weight);--awb-caption-title-font-style:var(--h2_typography-font-style);--awb-caption-title-size:var(--h2_typography-font-size);--awb-caption-title-transform:var(--h2_typography-text-transform);--awb-caption-title-line-height:var(--h2_typography-line-height);--awb-caption-title-letter-spacing:var(--h2_typography-letter-spacing);\"><span class=\" fusion-imageframe imageframe-none imageframe-4 hover-type-none\"><a class=\"fusion-no-lightbox\" href=\"\/at\/ratgeber-service\/pflegehilfsmittel\/\" target=\"_self\" aria-label=\"Senioren sitzen auf Muenzstapel\"><img decoding=\"async\" width=\"849\" height=\"566\" src=\"https:\/\/24hpflege.com\/at\/wp-content\/uploads\/2017\/01\/personen_geld.jpg\" alt class=\"img-responsive wp-image-2852\" srcset=\"https:\/\/24hpflege.com\/at\/wp-content\/uploads\/2017\/01\/personen_geld-200x133.jpg 200w, https:\/\/24hpflege.com\/at\/wp-content\/uploads\/2017\/01\/personen_geld-400x267.jpg 400w, https:\/\/24hpflege.com\/at\/wp-content\/uploads\/2017\/01\/personen_geld-600x400.jpg 600w, https:\/\/24hpflege.com\/at\/wp-content\/uploads\/2017\/01\/personen_geld-800x533.jpg 800w, https:\/\/24hpflege.com\/at\/wp-content\/uploads\/2017\/01\/personen_geld.jpg 849w\" sizes=\"(max-width: 800px) 100vw, 400px\" \/><\/a><\/span><\/div><div class=\"fusion-reading-box-container reading-box-container-4\" style=\"--awb-title-color:#111111;--awb-margin-top:0px;--awb-margin-bottom:84px;\"><div class=\"reading-box reading-box-center\" style=\"background-color:#f6f6f6;border-width:1px;border-color:#f6f6f6;border-top-width:3px;border-top-color:var(--primary_color);border-style:solid;\"><div class=\"reading-box-additional\">\n<h2 style=\"text-align: center;\"><a href=\"\/at\/ratgeber-service\/pflegehilfsmittel\/\">Geld sparen<\/a><\/h2>\n<p style=\"text-align: center;\">Tipps und Ratschl\u00e4ge wie sie bei Krankenpflegeprodukten und orthop\u00e4dischen Hilfsmitteln sparen k\u00f6nnen.<\/p>\n<\/div><div class=\"fusion-clearfix\"><\/div><\/div><\/div><div class=\"fusion-clearfix\"><\/div><\/div><\/div><\/div><\/div>\n","protected":false},"excerpt":{"rendered":"","protected":false},"author":2,"featured_media":0,"parent":0,"menu_order":0,"comment_status":"closed","ping_status":"closed","template":"100-width.php","meta":{"footnotes":""},"class_list":["post-79","page","type-page","status-publish","hentry"],"yoast_head":"<!-- This site is optimized with the Yoast SEO plugin v27.4 - https:\/\/yoast.com\/product\/yoast-seo-wordpress\/ -->\n<title>Ratgeber &amp; Service &#187; 24hPflege.com - Serviceportal \u00d6sterreich<\/title>\n<meta name=\"robots\" content=\"index, follow, max-snippet:-1, max-image-preview:large, max-video-preview:-1\" \/>\n<link rel=\"canonical\" href=\"https:\/\/24hpflege.com\/at\/ratgeber-service\/\" \/>\n<meta property=\"og:locale\" content=\"de_DE\" \/>\n<meta property=\"og:type\" content=\"article\" \/>\n<meta property=\"og:title\" content=\"Ratgeber &amp; Service &#187; 24hPflege.com - Serviceportal \u00d6sterreich\" \/>\n<meta property=\"og:url\" content=\"https:\/\/24hpflege.com\/at\/ratgeber-service\/\" \/>\n<meta property=\"og:site_name\" content=\"24hPflege.com - Serviceportal \u00d6sterreich\" \/>\n<meta property=\"article:modified_time\" content=\"2017-01-05T00:44:16+00:00\" \/>\n<meta name=\"twitter:card\" content=\"summary_large_image\" \/>\n<meta name=\"twitter:label1\" content=\"Gesch\u00e4tzte Lesezeit\" \/>\n\t<meta name=\"twitter:data1\" content=\"3\u00a0Minuten\" \/>\n<script type=\"application\/ld+json\" class=\"yoast-schema-graph\">{\"@context\":\"https:\\\/\\\/schema.org\",\"@graph\":[{\"@type\":\"WebPage\",\"@id\":\"https:\\\/\\\/24hpflege.com\\\/at\\\/ratgeber-service\\\/\",\"url\":\"https:\\\/\\\/24hpflege.com\\\/at\\\/ratgeber-service\\\/\",\"name\":\"Ratgeber & Service &#187; 24hPflege.com - Serviceportal \u00d6sterreich\",\"isPartOf\":{\"@id\":\"https:\\\/\\\/24hpflege.com\\\/at\\\/#website\"},\"datePublished\":\"2015-08-24T09:34:54+00:00\",\"dateModified\":\"2017-01-05T00:44:16+00:00\",\"inLanguage\":\"de\",\"potentialAction\":[{\"@type\":\"ReadAction\",\"target\":[\"https:\\\/\\\/24hpflege.com\\\/at\\\/ratgeber-service\\\/\"]}]},{\"@type\":\"WebSite\",\"@id\":\"https:\\\/\\\/24hpflege.com\\\/at\\\/#website\",\"url\":\"https:\\\/\\\/24hpflege.com\\\/at\\\/\",\"name\":\"24hPflege.com - Serviceportal \u00d6sterreich\",\"description\":\"Unabh\u00e4ngige Informationen und Tipps rund um das Thema 24h Pflege und Betreuung zu Hause.\",\"potentialAction\":[{\"@type\":\"SearchAction\",\"target\":{\"@type\":\"EntryPoint\",\"urlTemplate\":\"https:\\\/\\\/24hpflege.com\\\/at\\\/?s={search_term_string}\"},\"query-input\":{\"@type\":\"PropertyValueSpecification\",\"valueRequired\":true,\"valueName\":\"search_term_string\"}}],\"inLanguage\":\"de\"}]}<\/script>\n<!-- \/ Yoast SEO plugin. -->","yoast_head_json":{"title":"Ratgeber & Service &#187; 24hPflege.com - Serviceportal \u00d6sterreich","robots":{"index":"index","follow":"follow","max-snippet":"max-snippet:-1","max-image-preview":"max-image-preview:large","max-video-preview":"max-video-preview:-1"},"canonical":"https:\/\/24hpflege.com\/at\/ratgeber-service\/","og_locale":"de_DE","og_type":"article","og_title":"Ratgeber & Service &#187; 24hPflege.com - Serviceportal \u00d6sterreich","og_url":"https:\/\/24hpflege.com\/at\/ratgeber-service\/","og_site_name":"24hPflege.com - Serviceportal \u00d6sterreich","article_modified_time":"2017-01-05T00:44:16+00:00","twitter_card":"summary_large_image","twitter_misc":{"Gesch\u00e4tzte Lesezeit":"3\u00a0Minuten"},"schema":{"@context":"https:\/\/schema.org","@graph":[{"@type":"WebPage","@id":"https:\/\/24hpflege.com\/at\/ratgeber-service\/","url":"https:\/\/24hpflege.com\/at\/ratgeber-service\/","name":"Ratgeber & Service &#187; 24hPflege.com - Serviceportal \u00d6sterreich","isPartOf":{"@id":"https:\/\/24hpflege.com\/at\/#website"},"datePublished":"2015-08-24T09:34:54+00:00","dateModified":"2017-01-05T00:44:16+00:00","inLanguage":"de","potentialAction":[{"@type":"ReadAction","target":["https:\/\/24hpflege.com\/at\/ratgeber-service\/"]}]},{"@type":"WebSite","@id":"https:\/\/24hpflege.com\/at\/#website","url":"https:\/\/24hpflege.com\/at\/","name":"24hPflege.com - Serviceportal \u00d6sterreich","description":"Unabh\u00e4ngige Informationen und Tipps rund um das Thema 24h Pflege und Betreuung zu Hause.","potentialAction":[{"@type":"SearchAction","target":{"@type":"EntryPoint","urlTemplate":"https:\/\/24hpflege.com\/at\/?s={search_term_string}"},"query-input":{"@type":"PropertyValueSpecification","valueRequired":true,"valueName":"search_term_string"}}],"inLanguage":"de"}]}},"_links":{"self":[{"href":"https:\/\/24hpflege.com\/at\/wp-json\/wp\/v2\/pages\/79","targetHints":{"allow":["GET"]}}],"collection":[{"href":"https:\/\/24hpflege.com\/at\/wp-json\/wp\/v2\/pages"}],"about":[{"href":"https:\/\/24hpflege.com\/at\/wp-json\/wp\/v2\/types\/page"}],"author":[{"embeddable":true,"href":"https:\/\/24hpflege.com\/at\/wp-json\/wp\/v2\/users\/2"}],"replies":[{"embeddable":true,"href":"https:\/\/24hpflege.com\/at\/wp-json\/wp\/v2\/comments?post=79"}],"version-history":[{"count":10,"href":"https:\/\/24hpflege.com\/at\/wp-json\/wp\/v2\/pages\/79\/revisions"}],"predecessor-version":[{"id":2908,"href":"https:\/\/24hpflege.com\/at\/wp-json\/wp\/v2\/pages\/79\/revisions\/2908"}],"wp:attachment":[{"href":"https:\/\/24hpflege.com\/at\/wp-json\/wp\/v2\/media?parent=79"}],"curies":[{"name":"wp","href":"https:\/\/api.w.org\/{rel}","templated":true}]}}