{"id":87,"date":"2015-08-24T12:40:11","date_gmt":"2015-08-24T10:40:11","guid":{"rendered":"http:\/\/24hpflege.com\/at\/?page_id=87"},"modified":"2017-01-05T11:15:08","modified_gmt":"2017-01-05T10:15:08","slug":"betreuungsarten","status":"publish","type":"page","link":"https:\/\/24hpflege.com\/at\/24h-betreuung\/betreuungsarten\/","title":{"rendered":"Arten der Betreuung"},"content":{"rendered":"<p>Im Rahmen einer 24 Stunden Betreuung gibt es unter anderem folgende Varianten:<\/p>\n<h2>Langzeit-Pflege<\/h2>\n<p>In den meisten F\u00e4llen wird im Rahmen der 24h-Betreuung die sogenannte Langzeitpflege in Anspruch genommen. Die Betreuer ziehen in den Haushalt der zu pflegenden Person und k\u00fcmmern sich rund-um-die-Uhr um alle Bereiche des t\u00e4glichen Bedarfs. In einem definierten Zeitrahmen (z.B. zwei Wochen) wechseln sich zwei BetreuerInnen ab. Mit der Vermittlungsagentur bzw. dem Betreuungspersonal wird ein zeitlich nicht limitierter Betreuungsvertrag abgeschlossen.<\/p>\n<h2>Kurzzeit-Pflege \u201eUrlaubsvertretung\u201c<\/h2>\n<p>Wird die zu pflegende Person von den Angeh\u00f6rigen betreut, kann der Bedarf nach externer 24-Stunden-Betreuung notwendig werden. Dies w\u00e4re beispielsweise dann der Fall, wenn die Angeh\u00f6rigen Urlaub nehmen wollen oder selbst eine Pause ben\u00f6tigt wird. Ist f\u00fcr einen kurzen Zeitraum (1-4 Wochen) Betreuungspersonal erforderlich, spricht man oft von Urlaubsvertretung oder Kurzzeitpflege. In diesem Fall kann die Vermittlung von Personal \u00fcber Vermittlungsagenturen am einfachsten funktionieren, da diese zumeist relativ kurzfristig Personal stellen k\u00f6nnen.<\/p>\n<h2><\/h2>\n","protected":false},"excerpt":{"rendered":"<p>Im Rahmen einer 24 Stunden Betreuung gibt es unter anderem folgende Varianten: Langzeit-Pflege In den meisten F\u00e4llen wird im Rahmen der 24h-Betreuung die sogenannte Langzeitpflege in Anspruch genommen. Die Betreuer ziehen in den Haushalt der zu pflegenden Person und k\u00fcmmern sich rund-um-die-Uhr um alle Bereiche des t\u00e4glichen Bedarfs. In einem definierten Zeitrahmen (z.B. zwei Wochen) [&hellip;]<\/p>\n","protected":false},"author":2,"featured_media":0,"parent":18,"menu_order":3,"comment_status":"closed","ping_status":"closed","template":"","meta":[],"yoast_head":"<!-- This site is optimized with the Yoast SEO plugin v19.10 - https:\/\/yoast.com\/wordpress\/plugins\/seo\/ -->\n<title>Arten der Betreuung &raquo; 24hPflege.com - Serviceportal \u00d6sterreich<\/title>\n<meta name=\"robots\" content=\"index, follow, max-snippet:-1, max-image-preview:large, max-video-preview:-1\" \/>\n<link rel=\"canonical\" href=\"https:\/\/24hpflege.com\/at\/24h-betreuung\/betreuungsarten\/\" \/>\n<meta property=\"og:locale\" content=\"de_DE\" \/>\n<meta property=\"og:type\" content=\"article\" \/>\n<meta property=\"og:title\" content=\"Arten der Betreuung &raquo; 24hPflege.com - Serviceportal \u00d6sterreich\" \/>\n<meta property=\"og:description\" content=\"Im Rahmen einer 24 Stunden Betreuung gibt es unter anderem folgende Varianten: Langzeit-Pflege In den meisten F\u00e4llen wird im Rahmen der 24h-Betreuung die sogenannte Langzeitpflege in Anspruch genommen. Die Betreuer ziehen in den Haushalt der zu pflegenden Person und k\u00fcmmern sich rund-um-die-Uhr um alle Bereiche des t\u00e4glichen Bedarfs. In einem definierten Zeitrahmen (z.B. zwei Wochen) [&hellip;]\" \/>\n<meta property=\"og:url\" content=\"https:\/\/24hpflege.com\/at\/24h-betreuung\/betreuungsarten\/\" \/>\n<meta property=\"og:site_name\" content=\"24hPflege.com - Serviceportal \u00d6sterreich\" \/>\n<meta property=\"article:modified_time\" content=\"2017-01-05T10:15:08+00:00\" \/>\n<meta name=\"twitter:card\" content=\"summary_large_image\" \/>\n<meta name=\"twitter:label1\" content=\"Gesch\u00e4tzte Lesezeit\" \/>\n\t<meta name=\"twitter:data1\" content=\"1\u00a0Minute\" \/>\n<script type=\"application\/ld+json\" class=\"yoast-schema-graph\">{\"@context\":\"https:\/\/schema.org\",\"@graph\":[{\"@type\":\"WebPage\",\"@id\":\"https:\/\/24hpflege.com\/at\/24h-betreuung\/betreuungsarten\/\",\"url\":\"https:\/\/24hpflege.com\/at\/24h-betreuung\/betreuungsarten\/\",\"name\":\"Arten der Betreuung &raquo; 24hPflege.com - Serviceportal \u00d6sterreich\",\"isPartOf\":{\"@id\":\"https:\/\/24hpflege.com\/at\/#website\"},\"datePublished\":\"2015-08-24T10:40:11+00:00\",\"dateModified\":\"2017-01-05T10:15:08+00:00\",\"breadcrumb\":{\"@id\":\"https:\/\/24hpflege.com\/at\/24h-betreuung\/betreuungsarten\/#breadcrumb\"},\"inLanguage\":\"de\",\"potentialAction\":[{\"@type\":\"ReadAction\",\"target\":[\"https:\/\/24hpflege.com\/at\/24h-betreuung\/betreuungsarten\/\"]}]},{\"@type\":\"BreadcrumbList\",\"@id\":\"https:\/\/24hpflege.com\/at\/24h-betreuung\/betreuungsarten\/#breadcrumb\",\"itemListElement\":[{\"@type\":\"ListItem\",\"position\":1,\"name\":\"24 Stunden Betreuung\",\"item\":\"https:\/\/24hpflege.com\/at\/24h-betreuung\/\"},{\"@type\":\"ListItem\",\"position\":2,\"name\":\"Arten der Betreuung\"}]},{\"@type\":\"WebSite\",\"@id\":\"https:\/\/24hpflege.com\/at\/#website\",\"url\":\"https:\/\/24hpflege.com\/at\/\",\"name\":\"24hPflege.com - Serviceportal \u00d6sterreich\",\"description\":\"Unabh\u00e4ngige Informationen und Tipps rund um das Thema 24h Pflege und Betreuung zu Hause.\",\"potentialAction\":[{\"@type\":\"SearchAction\",\"target\":{\"@type\":\"EntryPoint\",\"urlTemplate\":\"https:\/\/24hpflege.com\/at\/?s={search_term_string}\"},\"query-input\":\"required name=search_term_string\"}],\"inLanguage\":\"de\"}]}<\/script>\n<!-- \/ Yoast SEO plugin. -->","yoast_head_json":{"title":"Arten der Betreuung &raquo; 24hPflege.com - Serviceportal \u00d6sterreich","robots":{"index":"index","follow":"follow","max-snippet":"max-snippet:-1","max-image-preview":"max-image-preview:large","max-video-preview":"max-video-preview:-1"},"canonical":"https:\/\/24hpflege.com\/at\/24h-betreuung\/betreuungsarten\/","og_locale":"de_DE","og_type":"article","og_title":"Arten der Betreuung &raquo; 24hPflege.com - Serviceportal \u00d6sterreich","og_description":"Im Rahmen einer 24 Stunden Betreuung gibt es unter anderem folgende Varianten: Langzeit-Pflege In den meisten F\u00e4llen wird im Rahmen der 24h-Betreuung die sogenannte Langzeitpflege in Anspruch genommen. Die Betreuer ziehen in den Haushalt der zu pflegenden Person und k\u00fcmmern sich rund-um-die-Uhr um alle Bereiche des t\u00e4glichen Bedarfs. In einem definierten Zeitrahmen (z.B. zwei Wochen) [&hellip;]","og_url":"https:\/\/24hpflege.com\/at\/24h-betreuung\/betreuungsarten\/","og_site_name":"24hPflege.com - Serviceportal \u00d6sterreich","article_modified_time":"2017-01-05T10:15:08+00:00","twitter_card":"summary_large_image","twitter_misc":{"Gesch\u00e4tzte Lesezeit":"1\u00a0Minute"},"schema":{"@context":"https:\/\/schema.org","@graph":[{"@type":"WebPage","@id":"https:\/\/24hpflege.com\/at\/24h-betreuung\/betreuungsarten\/","url":"https:\/\/24hpflege.com\/at\/24h-betreuung\/betreuungsarten\/","name":"Arten der Betreuung &raquo; 24hPflege.com - Serviceportal \u00d6sterreich","isPartOf":{"@id":"https:\/\/24hpflege.com\/at\/#website"},"datePublished":"2015-08-24T10:40:11+00:00","dateModified":"2017-01-05T10:15:08+00:00","breadcrumb":{"@id":"https:\/\/24hpflege.com\/at\/24h-betreuung\/betreuungsarten\/#breadcrumb"},"inLanguage":"de","potentialAction":[{"@type":"ReadAction","target":["https:\/\/24hpflege.com\/at\/24h-betreuung\/betreuungsarten\/"]}]},{"@type":"BreadcrumbList","@id":"https:\/\/24hpflege.com\/at\/24h-betreuung\/betreuungsarten\/#breadcrumb","itemListElement":[{"@type":"ListItem","position":1,"name":"24 Stunden Betreuung","item":"https:\/\/24hpflege.com\/at\/24h-betreuung\/"},{"@type":"ListItem","position":2,"name":"Arten der Betreuung"}]},{"@type":"WebSite","@id":"https:\/\/24hpflege.com\/at\/#website","url":"https:\/\/24hpflege.com\/at\/","name":"24hPflege.com - Serviceportal \u00d6sterreich","description":"Unabh\u00e4ngige Informationen und Tipps rund um das Thema 24h Pflege und Betreuung zu Hause.","potentialAction":[{"@type":"SearchAction","target":{"@type":"EntryPoint","urlTemplate":"https:\/\/24hpflege.com\/at\/?s={search_term_string}"},"query-input":"required name=search_term_string"}],"inLanguage":"de"}]}},"_links":{"self":[{"href":"https:\/\/24hpflege.com\/at\/wp-json\/wp\/v2\/pages\/87"}],"collection":[{"href":"https:\/\/24hpflege.com\/at\/wp-json\/wp\/v2\/pages"}],"about":[{"href":"https:\/\/24hpflege.com\/at\/wp-json\/wp\/v2\/types\/page"}],"author":[{"embeddable":true,"href":"https:\/\/24hpflege.com\/at\/wp-json\/wp\/v2\/users\/2"}],"replies":[{"embeddable":true,"href":"https:\/\/24hpflege.com\/at\/wp-json\/wp\/v2\/comments?post=87"}],"version-history":[{"count":5,"href":"https:\/\/24hpflege.com\/at\/wp-json\/wp\/v2\/pages\/87\/revisions"}],"predecessor-version":[{"id":2904,"href":"https:\/\/24hpflege.com\/at\/wp-json\/wp\/v2\/pages\/87\/revisions\/2904"}],"up":[{"embeddable":true,"href":"https:\/\/24hpflege.com\/at\/wp-json\/wp\/v2\/pages\/18"}],"wp:attachment":[{"href":"https:\/\/24hpflege.com\/at\/wp-json\/wp\/v2\/media?parent=87"}],"curies":[{"name":"wp","href":"https:\/\/api.w.org\/{rel}","templated":true}]}}