{"id":89,"date":"2015-08-24T12:40:47","date_gmt":"2015-08-24T10:40:47","guid":{"rendered":"http:\/\/24hpflege.com\/at\/?page_id=89"},"modified":"2017-01-04T18:01:30","modified_gmt":"2017-01-04T17:01:30","slug":"aufgaben","status":"publish","type":"page","link":"https:\/\/24hpflege.com\/at\/24h-betreuung\/betreuerinnen-vermittlung\/aufgaben\/","title":{"rendered":"Aufgaben Personenbetreuer"},"content":{"rendered":"<div class=\"fusion-fullwidth fullwidth-box fusion-builder-row-1 nonhundred-percent-fullwidth non-hundred-percent-height-scrolling\" style=\"--awb-border-radius-top-left:0px;--awb-border-radius-top-right:0px;--awb-border-radius-bottom-right:0px;--awb-border-radius-bottom-left:0px;--awb-flex-wrap:wrap;\" ><div class=\"fusion-builder-row fusion-row\"><div class=\"fusion-layout-column fusion_builder_column fusion-builder-column-0 fusion_builder_column_1_1 1_1 fusion-one-full fusion-column-first fusion-column-last\" style=\"--awb-bg-size:cover;--awb-margin-top:0px;\"><div class=\"fusion-column-wrapper fusion-flex-column-wrapper-legacy\"><div class=\"fusion-text fusion-text-1\"><p>Zu den <strong>Aufgaben bzw. zum Kompetenzbereich der BetreuerInnen<\/strong> geh\u00f6ren unter anderem:<\/p>\n<ul>\n<li>Haushaltsnahe Dienstleistungen: Einkaufen, Kochen, Reinigungst\u00e4tigkeiten, Durchf\u00fchrung von Hausarbeiten und Boteng\u00e4ngen, Sorgetragung f\u00fcr ein gesundes Raumklima, Betreuung von Pflanzen und Tieren, W\u00e4scheversorgung (Waschen, B\u00fcgeln, Ausbessern) etc&#8230;<\/li>\n<li>Unterst\u00fctzung bei der Lebensf\u00fchrung: Gestaltung des Tagesablaufs, Hilfestellung bei allt\u00e4glichen Verrichtungen.<\/li>\n<li>Gesellschafterfunktion: Gesellschaft leisten, F\u00fchren von Konversation, Aufrechterhaltung gesellschaftlicher Kontakte, Begleitung bei diversen Aktivit\u00e4ten.<\/li>\n<li>F\u00fchrung des Haushaltsbuches mit Aufzeichnungen \u00fcber die get\u00e4tigten Ausgaben f\u00fcr die betreute Person.<\/li>\n<li>Praktische Vorbereitung der betreuungsbed\u00fcrftigen Person auf einen Ortswechsel, beispielsweise einen Urlaub oder einen vor\u00fcbergehenden Krankenhausaufenthalt.<\/li>\n<\/ul>\n<p>Sofern <strong>keine medizinischen bzw. pflegerischen Gr\u00fcnde dagegen sprechen<\/strong>, d\u00fcrfen Sie auch die <strong>folgenden T\u00e4tigkeiten<\/strong> durchf\u00fchren:<\/p>\n<ul>\n<li>Unterst\u00fctzung bei der oralen Nahrungs- und Fl\u00fcssigkeitsaufnahme sowie bei der Arzneimittelaufnahme.<\/li>\n<li>Unterst\u00fctzung bei der K\u00f6rperpflege.<\/li>\n<li>Unterst\u00fctzung beim An- und Auskleiden.<\/li>\n<li>Unterst\u00fctzung bei der Ben\u00fctzung von Toilette oder Leibstuhl einschlie\u00dflich Hilfestellung beim Wechsel von Inkontinenzprodukten.<\/li>\n<li>Unterst\u00fctzung beim Aufstehen, Niederlegen,Niedersetzen und Gehen, Transfer.<\/li>\n<\/ul>\n<p><strong>Folgende T\u00e4tigkeiten d\u00fcrfen von BetreuerInnen nur \u00fcbernommen werden<\/strong>, wenn die T\u00e4tigkeiten <strong>von einer diplomierten Pflegefachkraft bzw. einer \u00c4rztin\/einem Arzt delegiert\/\u00fcbertragen wurden:<\/strong><\/p>\n<p><strong>Jegliche pflegerische T\u00e4tigkeiten.<\/strong><\/p>\n<p><strong>Folgende \u00e4rztliche T\u00e4tigkeiten:<\/strong><\/p>\n<ul>\n<li>Verabreichung von Medikamenten,<\/li>\n<li>Anlegen von Bandagen und Verb\u00e4nden, Anf\u00fchrung des Verbindens von Dekubiti mit Allevyn, Grasolind, Inadine Wundauflagen oder Beta-Isodona,<\/li>\n<li>Verabreichung von subkutanen Insulininjektionen und subkutanen Injektionen von blutgerinnungshemmenden Arzneimitteln,<\/li>\n<li>Blutentnahme aus der Kapillare zur Bestimmung des Blutzuckerspiegels mittels Teststreifens,<\/li>\n<li>einfache Licht- und W\u00e4rmeanwendungen sowie<\/li>\n<li>weitere einzelne \u00e4rztliche T\u00e4tigkeiten, sofern diese einen zu den in den genannten T\u00e4tigkeiten vergleichbaren Schwierigkeitsgrad oder vergleichbare Anforderungen aufweisen.<\/li>\n<\/ul>\n<p>Diese pflegerischen und \u00e4rzlichen <strong>T\u00e4tigkeiten<\/strong> sind zeitlich auf das Betreuungsverh\u00e4ltnis beschr\u00e4nkt und <strong>m\u00fcssen durch ein Protokoll vom Betreuungspersonal schriftlich festgehalten<\/strong> werden. Ebenso ist die \u00dcbertragung der Rechte schriftlich festzuhalten.<\/p>\n<p>Wird die 24h Betreuung von einer diplomierten Pflegfachkraft durchgef\u00fchrt, kann die \u00dcbertragung in Teilen entfallen.<\/p>\n<p>Vgl <a href=\"https:\/\/www.sozialministeriumservice.at\/cms\/site\/attachments\/7\/5\/4\/CH0008\/CMS1198828863126\/merkblatt_personenbetreuerinnen_web_deutsch.pdf\" target=\"_blank\">Sozialministeriumservice<\/a><\/p>\n<\/div><div class=\"fusion-clearfix\"><\/div><\/div><\/div><\/div><\/div>\n","protected":false},"excerpt":{"rendered":"","protected":false},"author":2,"featured_media":0,"parent":76,"menu_order":2,"comment_status":"closed","ping_status":"closed","template":"","meta":{"footnotes":""},"class_list":["post-89","page","type-page","status-publish","hentry"],"yoast_head":"<!-- This site is optimized with the Yoast SEO plugin v27.4 - https:\/\/yoast.com\/product\/yoast-seo-wordpress\/ -->\n<title>Aufgaben Personenbetreuer &#187; 24hPflege.com - Serviceportal \u00d6sterreich<\/title>\n<meta name=\"robots\" content=\"index, follow, max-snippet:-1, max-image-preview:large, max-video-preview:-1\" \/>\n<link rel=\"canonical\" href=\"https:\/\/24hpflege.com\/at\/24h-betreuung\/betreuerinnen-vermittlung\/aufgaben\/\" \/>\n<meta property=\"og:locale\" content=\"de_DE\" \/>\n<meta property=\"og:type\" content=\"article\" \/>\n<meta property=\"og:title\" content=\"Aufgaben Personenbetreuer &#187; 24hPflege.com - Serviceportal \u00d6sterreich\" \/>\n<meta property=\"og:url\" content=\"https:\/\/24hpflege.com\/at\/24h-betreuung\/betreuerinnen-vermittlung\/aufgaben\/\" \/>\n<meta property=\"og:site_name\" content=\"24hPflege.com - Serviceportal \u00d6sterreich\" \/>\n<meta property=\"article:modified_time\" content=\"2017-01-04T17:01:30+00:00\" \/>\n<meta name=\"twitter:card\" content=\"summary_large_image\" \/>\n<meta name=\"twitter:label1\" content=\"Gesch\u00e4tzte Lesezeit\" \/>\n\t<meta name=\"twitter:data1\" content=\"2\u00a0Minuten\" \/>\n<script type=\"application\/ld+json\" class=\"yoast-schema-graph\">{\"@context\":\"https:\\\/\\\/schema.org\",\"@graph\":[{\"@type\":\"WebPage\",\"@id\":\"https:\\\/\\\/24hpflege.com\\\/at\\\/24h-betreuung\\\/betreuerinnen-vermittlung\\\/aufgaben\\\/\",\"url\":\"https:\\\/\\\/24hpflege.com\\\/at\\\/24h-betreuung\\\/betreuerinnen-vermittlung\\\/aufgaben\\\/\",\"name\":\"Aufgaben Personenbetreuer &#187; 24hPflege.com - Serviceportal \u00d6sterreich\",\"isPartOf\":{\"@id\":\"https:\\\/\\\/24hpflege.com\\\/at\\\/#website\"},\"datePublished\":\"2015-08-24T10:40:47+00:00\",\"dateModified\":\"2017-01-04T17:01:30+00:00\",\"breadcrumb\":{\"@id\":\"https:\\\/\\\/24hpflege.com\\\/at\\\/24h-betreuung\\\/betreuerinnen-vermittlung\\\/aufgaben\\\/#breadcrumb\"},\"inLanguage\":\"de\",\"potentialAction\":[{\"@type\":\"ReadAction\",\"target\":[\"https:\\\/\\\/24hpflege.com\\\/at\\\/24h-betreuung\\\/betreuerinnen-vermittlung\\\/aufgaben\\\/\"]}]},{\"@type\":\"BreadcrumbList\",\"@id\":\"https:\\\/\\\/24hpflege.com\\\/at\\\/24h-betreuung\\\/betreuerinnen-vermittlung\\\/aufgaben\\\/#breadcrumb\",\"itemListElement\":[{\"@type\":\"ListItem\",\"position\":1,\"name\":\"24 Stunden Betreuung\",\"item\":\"https:\\\/\\\/24hpflege.com\\\/at\\\/24h-betreuung\\\/\"},{\"@type\":\"ListItem\",\"position\":2,\"name\":\"BetreuerInnen &#038; Vermittlung\",\"item\":\"https:\\\/\\\/24hpflege.com\\\/at\\\/24h-betreuung\\\/betreuerinnen-vermittlung\\\/\"},{\"@type\":\"ListItem\",\"position\":3,\"name\":\"Aufgaben Personenbetreuer\"}]},{\"@type\":\"WebSite\",\"@id\":\"https:\\\/\\\/24hpflege.com\\\/at\\\/#website\",\"url\":\"https:\\\/\\\/24hpflege.com\\\/at\\\/\",\"name\":\"24hPflege.com - Serviceportal \u00d6sterreich\",\"description\":\"Unabh\u00e4ngige Informationen und Tipps rund um das Thema 24h Pflege und Betreuung zu Hause.\",\"potentialAction\":[{\"@type\":\"SearchAction\",\"target\":{\"@type\":\"EntryPoint\",\"urlTemplate\":\"https:\\\/\\\/24hpflege.com\\\/at\\\/?s={search_term_string}\"},\"query-input\":{\"@type\":\"PropertyValueSpecification\",\"valueRequired\":true,\"valueName\":\"search_term_string\"}}],\"inLanguage\":\"de\"}]}<\/script>\n<!-- \/ Yoast SEO plugin. -->","yoast_head_json":{"title":"Aufgaben Personenbetreuer &#187; 24hPflege.com - Serviceportal \u00d6sterreich","robots":{"index":"index","follow":"follow","max-snippet":"max-snippet:-1","max-image-preview":"max-image-preview:large","max-video-preview":"max-video-preview:-1"},"canonical":"https:\/\/24hpflege.com\/at\/24h-betreuung\/betreuerinnen-vermittlung\/aufgaben\/","og_locale":"de_DE","og_type":"article","og_title":"Aufgaben Personenbetreuer &#187; 24hPflege.com - Serviceportal \u00d6sterreich","og_url":"https:\/\/24hpflege.com\/at\/24h-betreuung\/betreuerinnen-vermittlung\/aufgaben\/","og_site_name":"24hPflege.com - Serviceportal \u00d6sterreich","article_modified_time":"2017-01-04T17:01:30+00:00","twitter_card":"summary_large_image","twitter_misc":{"Gesch\u00e4tzte Lesezeit":"2\u00a0Minuten"},"schema":{"@context":"https:\/\/schema.org","@graph":[{"@type":"WebPage","@id":"https:\/\/24hpflege.com\/at\/24h-betreuung\/betreuerinnen-vermittlung\/aufgaben\/","url":"https:\/\/24hpflege.com\/at\/24h-betreuung\/betreuerinnen-vermittlung\/aufgaben\/","name":"Aufgaben Personenbetreuer &#187; 24hPflege.com - Serviceportal \u00d6sterreich","isPartOf":{"@id":"https:\/\/24hpflege.com\/at\/#website"},"datePublished":"2015-08-24T10:40:47+00:00","dateModified":"2017-01-04T17:01:30+00:00","breadcrumb":{"@id":"https:\/\/24hpflege.com\/at\/24h-betreuung\/betreuerinnen-vermittlung\/aufgaben\/#breadcrumb"},"inLanguage":"de","potentialAction":[{"@type":"ReadAction","target":["https:\/\/24hpflege.com\/at\/24h-betreuung\/betreuerinnen-vermittlung\/aufgaben\/"]}]},{"@type":"BreadcrumbList","@id":"https:\/\/24hpflege.com\/at\/24h-betreuung\/betreuerinnen-vermittlung\/aufgaben\/#breadcrumb","itemListElement":[{"@type":"ListItem","position":1,"name":"24 Stunden Betreuung","item":"https:\/\/24hpflege.com\/at\/24h-betreuung\/"},{"@type":"ListItem","position":2,"name":"BetreuerInnen &#038; Vermittlung","item":"https:\/\/24hpflege.com\/at\/24h-betreuung\/betreuerinnen-vermittlung\/"},{"@type":"ListItem","position":3,"name":"Aufgaben Personenbetreuer"}]},{"@type":"WebSite","@id":"https:\/\/24hpflege.com\/at\/#website","url":"https:\/\/24hpflege.com\/at\/","name":"24hPflege.com - Serviceportal \u00d6sterreich","description":"Unabh\u00e4ngige Informationen und Tipps rund um das Thema 24h Pflege und Betreuung zu Hause.","potentialAction":[{"@type":"SearchAction","target":{"@type":"EntryPoint","urlTemplate":"https:\/\/24hpflege.com\/at\/?s={search_term_string}"},"query-input":{"@type":"PropertyValueSpecification","valueRequired":true,"valueName":"search_term_string"}}],"inLanguage":"de"}]}},"_links":{"self":[{"href":"https:\/\/24hpflege.com\/at\/wp-json\/wp\/v2\/pages\/89","targetHints":{"allow":["GET"]}}],"collection":[{"href":"https:\/\/24hpflege.com\/at\/wp-json\/wp\/v2\/pages"}],"about":[{"href":"https:\/\/24hpflege.com\/at\/wp-json\/wp\/v2\/types\/page"}],"author":[{"embeddable":true,"href":"https:\/\/24hpflege.com\/at\/wp-json\/wp\/v2\/users\/2"}],"replies":[{"embeddable":true,"href":"https:\/\/24hpflege.com\/at\/wp-json\/wp\/v2\/comments?post=89"}],"version-history":[{"count":7,"href":"https:\/\/24hpflege.com\/at\/wp-json\/wp\/v2\/pages\/89\/revisions"}],"predecessor-version":[{"id":2905,"href":"https:\/\/24hpflege.com\/at\/wp-json\/wp\/v2\/pages\/89\/revisions\/2905"}],"up":[{"embeddable":true,"href":"https:\/\/24hpflege.com\/at\/wp-json\/wp\/v2\/pages\/76"}],"wp:attachment":[{"href":"https:\/\/24hpflege.com\/at\/wp-json\/wp\/v2\/media?parent=89"}],"curies":[{"name":"wp","href":"https:\/\/api.w.org\/{rel}","templated":true}]}}